{"id":2178,"date":"2024-11-27T12:02:55","date_gmt":"2024-11-27T12:02:55","guid":{"rendered":"https:\/\/dev.getraenke-center.ch\/?post_type=product&#038;p=2178"},"modified":"2024-11-27T12:02:57","modified_gmt":"2024-11-27T12:02:57","slug":"rotwein-gurgo-nero-davola-sicilia-doc-075-liter","status":"publish","type":"product","link":"https:\/\/dev.getraenke-center.ch\/?product=rotwein-gurgo-nero-davola-sicilia-doc-075-liter","title":{"rendered":"Rotwein Gurg\u00f2 Nero d&#8217;Avola Sicilia DOC 0,75 Liter"},"content":{"rendered":"<p>Gurg\u00f2 Nero d&#8217;Avola Sicilia ist ein vollmundiger Rotwein, der aus der charakteristischen Nero d&#8217;Avola-Traube in Sizilien gewonnen wird. Dieser Wein zeigt eine tiefrote Farbe mit violetten Reflexen und verf\u00fchrt mit einem intensiven Bouquet von reifen Kirschen, Pflaumen und schwarzen Johannisbeeren, das durch feine Noten von Gew\u00fcrzen, Leder und einem Hauch von Tabak erg\u00e4nzt wird. Am Gaumen pr\u00e4sentiert sich der Gurg\u00f2 Nero d&#8217;Avola samtig und ausgewogen, mit weichen Tanninen und einer angenehmen S\u00e4ure, die in einem langen, eleganten Abgang m\u00fcndet. Dieser Wein passt hervorragend zu gegrilltem Fleisch, Wildgerichten und w\u00fcrzigem K\u00e4se und ist eine exzellente Wahl f\u00fcr Liebhaber kr\u00e4ftiger, charaktervoller Rotweine.<\/p>\n","protected":false},"excerpt":{"rendered":"<p>Gurg\u00f2 Nero d&#8217;Avola Sicilia ist ein intensiver Rotwein aus Sizilien, der durch seine reichen Aromen von dunklen Fr\u00fcchten und Gew\u00fcrzen besticht.<\/p>\n","protected":false},"featured_media":2208,"template":"","meta":{"_kadence_starter_templates_imported_post":false,"_kad_post_transparent":"","_kad_post_title":"","_kad_post_layout":"","_kad_post_sidebar_id":"","_kad_post_content_style":"","_kad_post_vertical_padding":"","_kad_post_feature":"","_kad_post_feature_position":"","_kad_post_header":false,"_kad_post_footer":false},"product_cat":[228,65],"product_tag":[195,1126,1115,1717,1722,758,1719,1720,961,1723],"class_list":{"0":"post-2178","1":"product","2":"type-product","3":"status-publish","4":"has-post-thumbnail","6":"product_cat-neu","7":"product_cat-rotwein","8":"product_tag-intensiv","9":"product_tag-dunkle-fruechte","10":"product_tag-gewuerze","11":"product_tag-gurgo","12":"product_tag-nero-davola","13":"product_tag-rotwein","14":"product_tag-sicilia-doc","15":"product_tag-sizilien","16":"product_tag-vollmundig","17":"product_tag-weiche-tannine","19":"first","20":"instock","21":"taxable","22":"shipping-taxable","23":"purchasable","24":"product-type-simple","25":"entry","26":"content-bg","27":"loop-entry"},"jetpack_sharing_enabled":true,"_links":{"self":[{"href":"https:\/\/dev.getraenke-center.ch\/index.php?rest_route=\/wp\/v2\/product\/2178","targetHints":{"allow":["GET"]}}],"collection":[{"href":"https:\/\/dev.getraenke-center.ch\/index.php?rest_route=\/wp\/v2\/product"}],"about":[{"href":"https:\/\/dev.getraenke-center.ch\/index.php?rest_route=\/wp\/v2\/types\/product"}],"wp:featuredmedia":[{"embeddable":true,"href":"https:\/\/dev.getraenke-center.ch\/index.php?rest_route=\/wp\/v2\/media\/2208"}],"wp:attachment":[{"href":"https:\/\/dev.getraenke-center.ch\/index.php?rest_route=%2Fwp%2Fv2%2Fmedia&parent=2178"}],"wp:term":[{"taxonomy":"product_cat","embeddable":true,"href":"https:\/\/dev.getraenke-center.ch\/index.php?rest_route=%2Fwp%2Fv2%2Fproduct_cat&post=2178"},{"taxonomy":"product_tag","embeddable":true,"href":"https:\/\/dev.getraenke-center.ch\/index.php?rest_route=%2Fwp%2Fv2%2Fproduct_tag&post=2178"}],"curies":[{"name":"wp","href":"https:\/\/api.w.org\/{rel}","templated":true}]}}