{"id":2179,"date":"2024-11-27T12:02:55","date_gmt":"2024-11-27T12:02:55","guid":{"rendered":"https:\/\/dev.getraenke-center.ch\/?post_type=product&#038;p=2179"},"modified":"2024-11-27T12:02:57","modified_gmt":"2024-11-27T12:02:57","slug":"rotwein-federico-paternina-gran-reserva-rioja-doc-075-liter","status":"publish","type":"product","link":"https:\/\/dev.getraenke-center.ch\/?product=rotwein-federico-paternina-gran-reserva-rioja-doc-075-liter","title":{"rendered":"Rotwein Federico Paternina Gran Reserva Rioja DOC 0,75 Liter"},"content":{"rendered":"<p>Federico Paternina Gran Reserva Rioja DOC ist ein herausragender Rotwein aus einer der renommiertesten Weinregionen Spaniens, der Rioja. Dieser Gran Reserva wird aus den besten Tempranillo-, Garnacha- und Mazuelo-Trauben hergestellt und reift \u00fcber einen Zeitraum von mindestens f\u00fcnf Jahren, davon einen Gro\u00dfteil in Eichenf\u00e4ssern. Das Ergebnis ist ein Wein mit einer tiefen rubinroten Farbe, der ein komplexes Bouquet von reifen roten und schwarzen Fr\u00fcchten, Vanille, Tabak und Gew\u00fcrzen offenbart. Am Gaumen zeigt er eine perfekte Balance zwischen Frucht, S\u00e4ure und Tanninen, mit einem langen, eleganten Abgang, der von den feinen Eichen- und Gew\u00fcrznoten gepr\u00e4gt ist. Federico Paternina Gran Reserva ist ein idealer Begleiter zu Fleischgerichten, Lamm, Wild und gereiftem K\u00e4se, und bietet ein erstklassiges Trinkerlebnis f\u00fcr Kenner und Liebhaber gereifter Weine.<\/p>\n","protected":false},"excerpt":{"rendered":"<p>Federico Paternina Gran Reserva Rioja DOC ist ein eleganter, gereifter Rotwein aus der Rioja-Region, der durch komplexe Aromen von reifen Fr\u00fcchten, Gew\u00fcrzen und Eiche besticht.<\/p>\n","protected":false},"featured_media":2209,"template":"","meta":{"_kadence_starter_templates_imported_post":false,"_kad_post_transparent":"","_kad_post_title":"","_kad_post_layout":"","_kad_post_sidebar_id":"","_kad_post_content_style":"","_kad_post_vertical_padding":"","_kad_post_feature":"","_kad_post_feature_position":"","_kad_post_header":false,"_kad_post_footer":false},"product_cat":[228,65],"product_tag":[1204,1724,1350,1115,1725,1366,1726,758,1727,1207],"class_list":{"0":"post-2179","1":"product","2":"type-product","3":"status-publish","4":"has-post-thumbnail","6":"product_cat-neu","7":"product_cat-rotwein","8":"product_tag-eichenfass","9":"product_tag-federico-paternina","10":"product_tag-gereift","11":"product_tag-gewuerze","12":"product_tag-gran-reserva","13":"product_tag-komplex","14":"product_tag-rioja-doc","15":"product_tag-rotwein","16":"product_tag-spanien","17":"product_tag-tempranillo","19":"first","20":"instock","21":"taxable","22":"shipping-taxable","23":"purchasable","24":"product-type-simple","25":"entry","26":"content-bg","27":"loop-entry"},"jetpack_sharing_enabled":true,"_links":{"self":[{"href":"https:\/\/dev.getraenke-center.ch\/index.php?rest_route=\/wp\/v2\/product\/2179","targetHints":{"allow":["GET"]}}],"collection":[{"href":"https:\/\/dev.getraenke-center.ch\/index.php?rest_route=\/wp\/v2\/product"}],"about":[{"href":"https:\/\/dev.getraenke-center.ch\/index.php?rest_route=\/wp\/v2\/types\/product"}],"wp:featuredmedia":[{"embeddable":true,"href":"https:\/\/dev.getraenke-center.ch\/index.php?rest_route=\/wp\/v2\/media\/2209"}],"wp:attachment":[{"href":"https:\/\/dev.getraenke-center.ch\/index.php?rest_route=%2Fwp%2Fv2%2Fmedia&parent=2179"}],"wp:term":[{"taxonomy":"product_cat","embeddable":true,"href":"https:\/\/dev.getraenke-center.ch\/index.php?rest_route=%2Fwp%2Fv2%2Fproduct_cat&post=2179"},{"taxonomy":"product_tag","embeddable":true,"href":"https:\/\/dev.getraenke-center.ch\/index.php?rest_route=%2Fwp%2Fv2%2Fproduct_tag&post=2179"}],"curies":[{"name":"wp","href":"https:\/\/api.w.org\/{rel}","templated":true}]}}