{"id":2180,"date":"2024-11-27T12:02:55","date_gmt":"2024-11-27T12:02:55","guid":{"rendered":"https:\/\/dev.getraenke-center.ch\/?post_type=product&#038;p=2180"},"modified":"2024-11-27T12:02:57","modified_gmt":"2024-11-27T12:02:57","slug":"rotwein-federico-paternina-reserva-rioja-doc-075-liter","status":"publish","type":"product","link":"https:\/\/dev.getraenke-center.ch\/?product=rotwein-federico-paternina-reserva-rioja-doc-075-liter","title":{"rendered":"Rotwein Federico Paternina Reserva Rioja DOC 0,75 Liter"},"content":{"rendered":"<p>Federico Paternina Reserva Rioja DOC ist ein hochwertiger Rotwein aus der ber\u00fchmten Weinregion Rioja in Spanien. Dieser Wein wird aus einer sorgf\u00e4ltigen Auswahl der besten Tempranillo-, Garnacha- und Mazuelo-Trauben hergestellt und reift mindestens drei Jahre, davon einen bedeutenden Teil in Eichenf\u00e4ssern. Die Reifung verleiht ihm eine tiefrote Farbe und ein komplexes Aroma, das Noten von reifen roten Beeren, Kirschen, Vanille, Leder und einem Hauch von Gew\u00fcrzen umfasst. Am Gaumen zeigt sich der Wein vollmundig und elegant, mit gut eingebundenen Tanninen und einer feinen S\u00e4ure, die in einem langen, samtigen Abgang m\u00fcnden. Federico Paternina Reserva ist ideal zu Fleischgerichten, Pasta und gereiftem K\u00e4se und bietet ein exzellentes Trinkerlebnis f\u00fcr besondere Anl\u00e4sse oder den allt\u00e4glichen Genuss.<\/p>\n","protected":false},"excerpt":{"rendered":"<p>Federico Paternina Reserva Rioja DOC ist ein raffinierter Rotwein aus der Rioja-Region, der durch seine ausgewogenen Aromen von reifen Fr\u00fcchten, Vanille und Gew\u00fcrzen \u00fcberzeugt.<\/p>\n","protected":false},"featured_media":2210,"template":"","meta":{"_kadence_starter_templates_imported_post":false,"_kad_post_transparent":"","_kad_post_title":"","_kad_post_layout":"","_kad_post_sidebar_id":"","_kad_post_content_style":"","_kad_post_vertical_padding":"","_kad_post_feature":"","_kad_post_feature_position":"","_kad_post_header":false,"_kad_post_footer":false},"product_cat":[228,65],"product_tag":[295,1204,1724,1673,1575,1726,758,1727,1207,1377],"class_list":{"0":"post-2180","1":"product","2":"type-product","3":"status-publish","4":"has-post-thumbnail","6":"product_cat-neu","7":"product_cat-rotwein","8":"product_tag-elegant","9":"product_tag-eichenfass","10":"product_tag-federico-paternina","11":"product_tag-reife-fruechte","12":"product_tag-reserva","13":"product_tag-rioja-doc","14":"product_tag-rotwein","15":"product_tag-spanien","16":"product_tag-tempranillo","17":"product_tag-vanille","19":"first","20":"instock","21":"taxable","22":"shipping-taxable","23":"purchasable","24":"product-type-simple","25":"entry","26":"content-bg","27":"loop-entry"},"jetpack_sharing_enabled":true,"_links":{"self":[{"href":"https:\/\/dev.getraenke-center.ch\/index.php?rest_route=\/wp\/v2\/product\/2180","targetHints":{"allow":["GET"]}}],"collection":[{"href":"https:\/\/dev.getraenke-center.ch\/index.php?rest_route=\/wp\/v2\/product"}],"about":[{"href":"https:\/\/dev.getraenke-center.ch\/index.php?rest_route=\/wp\/v2\/types\/product"}],"wp:featuredmedia":[{"embeddable":true,"href":"https:\/\/dev.getraenke-center.ch\/index.php?rest_route=\/wp\/v2\/media\/2210"}],"wp:attachment":[{"href":"https:\/\/dev.getraenke-center.ch\/index.php?rest_route=%2Fwp%2Fv2%2Fmedia&parent=2180"}],"wp:term":[{"taxonomy":"product_cat","embeddable":true,"href":"https:\/\/dev.getraenke-center.ch\/index.php?rest_route=%2Fwp%2Fv2%2Fproduct_cat&post=2180"},{"taxonomy":"product_tag","embeddable":true,"href":"https:\/\/dev.getraenke-center.ch\/index.php?rest_route=%2Fwp%2Fv2%2Fproduct_tag&post=2180"}],"curies":[{"name":"wp","href":"https:\/\/api.w.org\/{rel}","templated":true}]}}