{"id":2185,"date":"2024-11-27T12:02:55","date_gmt":"2024-11-27T12:02:55","guid":{"rendered":"https:\/\/dev.getraenke-center.ch\/?post_type=product&#038;p=2185"},"modified":"2024-11-27T12:02:58","modified_gmt":"2024-11-27T12:02:58","slug":"alkoholfrei-bier-lola-ipa-bier-033-liter","status":"publish","type":"product","link":"https:\/\/dev.getraenke-center.ch\/?product=alkoholfrei-bier-lola-ipa-bier-033-liter","title":{"rendered":"Alkoholfrei Bier Lola IPA Bier 0,33 Liter"},"content":{"rendered":"<p>Lola IPA Bier ist ein India Pale Ale, das durch seine markante Hopfenaromatik und kr\u00e4ftige Bitterkeit besticht. Mit einem ausgewogenen Malzk\u00f6rper, der den intensiven Zitrus- und Tropenfruchtaromen standh\u00e4lt, bietet dieses Bier eine erfrischende und komplexe Geschmackserfahrung. Noten von Grapefruit, Mango und Pinie pr\u00e4gen das Aromaprofil, w\u00e4hrend die kr\u00e4ftige Bitterkeit typisch f\u00fcr den IPA-Stil ist. Lola IPA Bier ist perfekt f\u00fcr alle, die ein Bier mit Charakter und Tiefe suchen, das sowohl durch Frische als auch durch Intensit\u00e4t \u00fcberzeugt.<\/p>\n","protected":false},"excerpt":{"rendered":"<p>Lola IPA Bier ist ein intensives, hopfenbetontes Bier mit kr\u00e4ftigen Zitrus- und Tropenfruchtaromen, ideal f\u00fcr Liebhaber von charaktervollen Bieren.<\/p>\n","protected":false},"featured_media":2215,"template":"","meta":{"_kadence_starter_templates_imported_post":false,"_kad_post_transparent":"","_kad_post_title":"","_kad_post_layout":"","_kad_post_sidebar_id":"","_kad_post_content_style":"","_kad_post_vertical_padding":"","_kad_post_feature":"","_kad_post_feature_position":"","_kad_post_header":false,"_kad_post_footer":false},"product_cat":[74],"product_tag":[297,41,355,138,1737,1185,1366,1186,1738,1199],"class_list":{"0":"post-2185","1":"product","2":"type-product","3":"status-publish","4":"has-post-thumbnail","6":"product_cat-alkoholfrei-bier","7":"product_tag-bitter","8":"product_tag-erfrischend","9":"product_tag-mango","10":"product_tag-grapefruit","11":"product_tag-hopfenbetont","12":"product_tag-ipa","13":"product_tag-komplex","14":"product_tag-kraeftig","15":"product_tag-tropenfruechte","16":"product_tag-zitrusaromen","18":"first","19":"instock","20":"taxable","21":"shipping-taxable","22":"purchasable","23":"product-type-simple","24":"entry","25":"content-bg","26":"loop-entry"},"jetpack_sharing_enabled":true,"_links":{"self":[{"href":"https:\/\/dev.getraenke-center.ch\/index.php?rest_route=\/wp\/v2\/product\/2185","targetHints":{"allow":["GET"]}}],"collection":[{"href":"https:\/\/dev.getraenke-center.ch\/index.php?rest_route=\/wp\/v2\/product"}],"about":[{"href":"https:\/\/dev.getraenke-center.ch\/index.php?rest_route=\/wp\/v2\/types\/product"}],"wp:featuredmedia":[{"embeddable":true,"href":"https:\/\/dev.getraenke-center.ch\/index.php?rest_route=\/wp\/v2\/media\/2215"}],"wp:attachment":[{"href":"https:\/\/dev.getraenke-center.ch\/index.php?rest_route=%2Fwp%2Fv2%2Fmedia&parent=2185"}],"wp:term":[{"taxonomy":"product_cat","embeddable":true,"href":"https:\/\/dev.getraenke-center.ch\/index.php?rest_route=%2Fwp%2Fv2%2Fproduct_cat&post=2185"},{"taxonomy":"product_tag","embeddable":true,"href":"https:\/\/dev.getraenke-center.ch\/index.php?rest_route=%2Fwp%2Fv2%2Fproduct_tag&post=2185"}],"curies":[{"name":"wp","href":"https:\/\/api.w.org\/{rel}","templated":true}]}}