{"id":2187,"date":"2024-11-27T12:02:55","date_gmt":"2024-11-27T12:02:55","guid":{"rendered":"https:\/\/dev.getraenke-center.ch\/?post_type=product&#038;p=2187"},"modified":"2024-11-27T12:02:58","modified_gmt":"2024-11-27T12:02:58","slug":"lola-limo-orange-bio-0-33-liter","status":"publish","type":"product","link":"https:\/\/dev.getraenke-center.ch\/?product=lola-limo-orange-bio-0-33-liter","title":{"rendered":"Lola Limo Orange BIO 0, 33 Liter"},"content":{"rendered":"<p>Lola Limo Orange BIO ist eine biologisch zertifizierte Limonade, die den intensiven Geschmack reifer Orangen mit einer feinen Kohlens\u00e4ure verbindet. Hergestellt aus hochwertigen Bio-Orangen, bietet diese Limo eine nat\u00fcrliche S\u00fc\u00dfe und eine erfrischende Spritzigkeit, die perfekt f\u00fcr hei\u00dfe Sommertage oder als Durstl\u00f6scher zwischendurch geeignet ist. Frei von k\u00fcnstlichen Aromen und Zusatzstoffen, sorgt Lola Limo Orange BIO f\u00fcr ein authentisches Geschmackserlebnis und ist die ideale Wahl f\u00fcr alle, die auf nat\u00fcrliche Zutaten und hohe Qualit\u00e4t Wert legen.<\/p>\n","protected":false},"excerpt":{"rendered":"<p>Lola Limo Orange BIO ist eine erfrischende, spritzige Limonade aus biologischen Orangen, ideal f\u00fcr einen nat\u00fcrlichen und belebenden Genuss.<\/p>\n","protected":false},"featured_media":2217,"template":"","meta":{"_kadence_starter_templates_imported_post":false,"_kad_post_transparent":"","_kad_post_title":"","_kad_post_layout":"","_kad_post_sidebar_id":"","_kad_post_content_style":"","_kad_post_vertical_padding":"","_kad_post_feature":"","_kad_post_feature_position":"","_kad_post_header":false,"_kad_post_footer":false},"product_cat":[127],"product_tag":[41,245,105,58,143,1742,60,62,326,918],"class_list":{"0":"post-2187","1":"product","2":"type-product","3":"status-publish","4":"has-post-thumbnail","6":"product_cat-fruchtsaefte","7":"product_tag-erfrischend","8":"product_tag-gesund","9":"product_tag-orange","10":"product_tag-spritzig","11":"product_tag-suess","12":"product_tag-bio-limonade","13":"product_tag-durstloescher","14":"product_tag-kohlensaeure","15":"product_tag-natuerliche-zutaten","16":"product_tag-sommerlich","18":"first","19":"instock","20":"taxable","21":"shipping-taxable","22":"purchasable","23":"product-type-simple","24":"entry","25":"content-bg","26":"loop-entry"},"jetpack_sharing_enabled":true,"_links":{"self":[{"href":"https:\/\/dev.getraenke-center.ch\/index.php?rest_route=\/wp\/v2\/product\/2187","targetHints":{"allow":["GET"]}}],"collection":[{"href":"https:\/\/dev.getraenke-center.ch\/index.php?rest_route=\/wp\/v2\/product"}],"about":[{"href":"https:\/\/dev.getraenke-center.ch\/index.php?rest_route=\/wp\/v2\/types\/product"}],"wp:featuredmedia":[{"embeddable":true,"href":"https:\/\/dev.getraenke-center.ch\/index.php?rest_route=\/wp\/v2\/media\/2217"}],"wp:attachment":[{"href":"https:\/\/dev.getraenke-center.ch\/index.php?rest_route=%2Fwp%2Fv2%2Fmedia&parent=2187"}],"wp:term":[{"taxonomy":"product_cat","embeddable":true,"href":"https:\/\/dev.getraenke-center.ch\/index.php?rest_route=%2Fwp%2Fv2%2Fproduct_cat&post=2187"},{"taxonomy":"product_tag","embeddable":true,"href":"https:\/\/dev.getraenke-center.ch\/index.php?rest_route=%2Fwp%2Fv2%2Fproduct_tag&post=2187"}],"curies":[{"name":"wp","href":"https:\/\/api.w.org\/{rel}","templated":true}]}}