{"id":221,"date":"2024-11-27T11:59:06","date_gmt":"2024-11-27T11:59:06","guid":{"rendered":"https:\/\/dev.getraenke-center.ch\/?post_type=product&#038;p=221"},"modified":"2024-11-27T11:59:10","modified_gmt":"2024-11-27T11:59:10","slug":"mineralwasser-henniez-ohne-kohlensaeure-pet-6-x-0-5-liter","status":"publish","type":"product","link":"https:\/\/dev.getraenke-center.ch\/?product=mineralwasser-henniez-ohne-kohlensaeure-pet-6-x-0-5-liter","title":{"rendered":"Mineralwasser Henniez, ohne Kohlens\u00e4ure, PET &#8211; 6 x 0.5 Liter"},"content":{"rendered":"<p>Ohne Kohlens\u00e4ure, mit einem perfekt ausgewogenen Mineralsalzgehalt, begleitet Sie dieses Mineralwasser f\u00fcr ein gesundes Trinkverhalten \u00fcberall hin.<\/p>\n","protected":false},"excerpt":{"rendered":"<p>Preis pro Flasche<\/p>\n<p>Stilles Mineralwasser<\/p>\n","protected":false},"featured_media":251,"template":"","meta":{"_kadence_starter_templates_imported_post":false,"_kad_post_transparent":"","_kad_post_title":"","_kad_post_layout":"","_kad_post_sidebar_id":"","_kad_post_content_style":"","_kad_post_vertical_padding":"","_kad_post_feature":"","_kad_post_feature_position":"","_kad_post_header":false,"_kad_post_footer":false},"product_cat":[40],"product_tag":[41,42,113,73,114,47],"class_list":{"0":"post-221","1":"product","2":"type-product","3":"status-publish","4":"has-post-thumbnail","6":"product_cat-mineralwasser","7":"product_tag-erfrischend","8":"product_tag-genuss","9":"product_tag-henniez","10":"product_tag-ohne-kohlensaeure","11":"product_tag-pur","12":"product_tag-wasser","14":"first","15":"instock","16":"purchasable","17":"product-type-simple","18":"entry","19":"content-bg","20":"loop-entry"},"jetpack_sharing_enabled":true,"_links":{"self":[{"href":"https:\/\/dev.getraenke-center.ch\/index.php?rest_route=\/wp\/v2\/product\/221","targetHints":{"allow":["GET"]}}],"collection":[{"href":"https:\/\/dev.getraenke-center.ch\/index.php?rest_route=\/wp\/v2\/product"}],"about":[{"href":"https:\/\/dev.getraenke-center.ch\/index.php?rest_route=\/wp\/v2\/types\/product"}],"wp:featuredmedia":[{"embeddable":true,"href":"https:\/\/dev.getraenke-center.ch\/index.php?rest_route=\/wp\/v2\/media\/251"}],"wp:attachment":[{"href":"https:\/\/dev.getraenke-center.ch\/index.php?rest_route=%2Fwp%2Fv2%2Fmedia&parent=221"}],"wp:term":[{"taxonomy":"product_cat","embeddable":true,"href":"https:\/\/dev.getraenke-center.ch\/index.php?rest_route=%2Fwp%2Fv2%2Fproduct_cat&post=221"},{"taxonomy":"product_tag","embeddable":true,"href":"https:\/\/dev.getraenke-center.ch\/index.php?rest_route=%2Fwp%2Fv2%2Fproduct_tag&post=221"}],"curies":[{"name":"wp","href":"https:\/\/api.w.org\/{rel}","templated":true}]}}