{"id":2233,"date":"2024-11-27T12:03:02","date_gmt":"2024-11-27T12:03:02","guid":{"rendered":"https:\/\/dev.getraenke-center.ch\/?post_type=product&#038;p=2233"},"modified":"2024-11-27T12:03:02","modified_gmt":"2024-11-27T12:03:02","slug":"focuswater-care-mirabelle-rhabarber-050-liter","status":"publish","type":"product","link":"https:\/\/dev.getraenke-center.ch\/?product=focuswater-care-mirabelle-rhabarber-050-liter","title":{"rendered":"Focuswater Care Mirabelle &#038; Rhabarber 0,50 Liter"},"content":{"rendered":"<p>Focuswater Care Mirabelle &amp; Rhabarber kombiniert den sanften, s\u00fc\u00dfen Geschmack der Mirabelle mit der leicht s\u00e4uerlichen Frische des Rhabarbers zu einem einzigartigen, erfrischenden Getr\u00e4nk. Angereichert mit wichtigen Vitaminen wie B, C und E, f\u00f6rdert es das Wohlbefinden und unterst\u00fctzt die t\u00e4gliche Vitalit\u00e4t. Dieses kalorienarme Wellness-Getr\u00e4nk ist die perfekte Wahl f\u00fcr alle, die eine gesunde Hydration mit einem fruchtigen Twist suchen. Ideal f\u00fcr den Alltag, um den K\u00f6rper mit wertvollen N\u00e4hrstoffen zu versorgen und dabei erfrischend und leicht zu bleiben.<\/p>\n","protected":false},"excerpt":{"rendered":"<p>Focuswater Care Mirabelle &amp; Rhabarber ist ein vitaminreiches Wellness-Getr\u00e4nk mit fruchtigem Mirabellen- und Rhabarbergeschmack, das f\u00fcr eine erfrischende und gesunde Hydration sorgt.<\/p>\n","protected":false},"featured_media":2241,"template":"","meta":{"_kadence_starter_templates_imported_post":false,"_kad_post_transparent":"","_kad_post_title":"","_kad_post_layout":"","_kad_post_sidebar_id":"","_kad_post_content_style":"","_kad_post_vertical_padding":"","_kad_post_feature":"","_kad_post_feature_position":"","_kad_post_header":false,"_kad_post_footer":false},"product_cat":[148,228],"product_tag":[41,104,245,365,1764,78,1766,1767,1768,1769],"class_list":{"0":"post-2233","1":"product","2":"type-product","3":"status-publish","4":"has-post-thumbnail","6":"product_cat-energydrinks","7":"product_cat-neu","8":"product_tag-erfrischend","9":"product_tag-fruchtig","10":"product_tag-gesund","11":"product_tag-vitamine","12":"product_tag-hydratisierend","13":"product_tag-kalorienarm","14":"product_tag-mirabelle","15":"product_tag-rhabarber","16":"product_tag-vitalisierend","17":"product_tag-wellness-getraenk","19":"first","20":"instock","21":"taxable","22":"shipping-taxable","23":"purchasable","24":"product-type-simple","25":"entry","26":"content-bg","27":"loop-entry"},"jetpack_sharing_enabled":true,"_links":{"self":[{"href":"https:\/\/dev.getraenke-center.ch\/index.php?rest_route=\/wp\/v2\/product\/2233","targetHints":{"allow":["GET"]}}],"collection":[{"href":"https:\/\/dev.getraenke-center.ch\/index.php?rest_route=\/wp\/v2\/product"}],"about":[{"href":"https:\/\/dev.getraenke-center.ch\/index.php?rest_route=\/wp\/v2\/types\/product"}],"wp:featuredmedia":[{"embeddable":true,"href":"https:\/\/dev.getraenke-center.ch\/index.php?rest_route=\/wp\/v2\/media\/2241"}],"wp:attachment":[{"href":"https:\/\/dev.getraenke-center.ch\/index.php?rest_route=%2Fwp%2Fv2%2Fmedia&parent=2233"}],"wp:term":[{"taxonomy":"product_cat","embeddable":true,"href":"https:\/\/dev.getraenke-center.ch\/index.php?rest_route=%2Fwp%2Fv2%2Fproduct_cat&post=2233"},{"taxonomy":"product_tag","embeddable":true,"href":"https:\/\/dev.getraenke-center.ch\/index.php?rest_route=%2Fwp%2Fv2%2Fproduct_tag&post=2233"}],"curies":[{"name":"wp","href":"https:\/\/api.w.org\/{rel}","templated":true}]}}