{"id":2235,"date":"2024-11-27T12:03:02","date_gmt":"2024-11-27T12:03:02","guid":{"rendered":"https:\/\/dev.getraenke-center.ch\/?post_type=product&#038;p=2235"},"modified":"2024-11-27T12:03:03","modified_gmt":"2024-11-27T12:03:03","slug":"focuswater-kick-pfirsich-apfel-050-liter","status":"publish","type":"product","link":"https:\/\/dev.getraenke-center.ch\/?product=focuswater-kick-pfirsich-apfel-050-liter","title":{"rendered":"Focuswater Kick Pfirsich &#038; Apfel 0,50 Liter"},"content":{"rendered":"<p>Focuswater Kick Pfirsich &amp; Apfel kombiniert den saftigen Geschmack von Pfirsich mit der frischen S\u00fc\u00dfe von \u00c4pfeln zu einem belebenden Getr\u00e4nk, das perfekt f\u00fcr einen nat\u00fcrlichen Energieschub ist. Angereichert mit wichtigen Vitaminen wie B12 und C, unterst\u00fctzt es die Energieproduktion und das allgemeine Wohlbefinden. Dieses kalorienarme Getr\u00e4nk sorgt f\u00fcr eine gesunde und erfrischende Hydration, die perfekt f\u00fcr aktive Menschen geeignet ist, die den ganzen Tag \u00fcber auf nat\u00fcrliche Weise Energie tanken m\u00f6chten. Focuswater Kick ist frei von k\u00fcnstlichen Zus\u00e4tzen und bietet einen fruchtigen Geschmack, der zugleich erfrischt und vitalisiert.<\/p>\n","protected":false},"excerpt":{"rendered":"<p>Focuswater Kick Pfirsich &amp; Apfel ist ein erfrischendes, vitaminreiches Getr\u00e4nk mit belebendem Pfirsich- und Apfelgeschmack, ideal f\u00fcr einen nat\u00fcrlichen Energieschub.<\/p>\n","protected":false},"featured_media":2243,"template":"","meta":{"_kadence_starter_templates_imported_post":false,"_kad_post_transparent":"","_kad_post_title":"","_kad_post_layout":"","_kad_post_sidebar_id":"","_kad_post_content_style":"","_kad_post_vertical_padding":"","_kad_post_feature":"","_kad_post_feature_position":"","_kad_post_header":false,"_kad_post_footer":false},"product_cat":[148,228],"product_tag":[394,55,289,41,104,56,336,365,1764,78],"class_list":{"0":"post-2235","1":"product","2":"type-product","3":"status-publish","4":"has-post-thumbnail","6":"product_cat-energydrinks","7":"product_cat-neu","8":"product_tag-apfel","9":"product_tag-belebend","10":"product_tag-energie","11":"product_tag-erfrischend","12":"product_tag-fruchtig","13":"product_tag-natuerlich","14":"product_tag-pfirsich","15":"product_tag-vitamine","16":"product_tag-hydratisierend","17":"product_tag-kalorienarm","19":"first","20":"instock","21":"taxable","22":"shipping-taxable","23":"purchasable","24":"product-type-simple","25":"entry","26":"content-bg","27":"loop-entry"},"jetpack_sharing_enabled":true,"_links":{"self":[{"href":"https:\/\/dev.getraenke-center.ch\/index.php?rest_route=\/wp\/v2\/product\/2235","targetHints":{"allow":["GET"]}}],"collection":[{"href":"https:\/\/dev.getraenke-center.ch\/index.php?rest_route=\/wp\/v2\/product"}],"about":[{"href":"https:\/\/dev.getraenke-center.ch\/index.php?rest_route=\/wp\/v2\/types\/product"}],"wp:featuredmedia":[{"embeddable":true,"href":"https:\/\/dev.getraenke-center.ch\/index.php?rest_route=\/wp\/v2\/media\/2243"}],"wp:attachment":[{"href":"https:\/\/dev.getraenke-center.ch\/index.php?rest_route=%2Fwp%2Fv2%2Fmedia&parent=2235"}],"wp:term":[{"taxonomy":"product_cat","embeddable":true,"href":"https:\/\/dev.getraenke-center.ch\/index.php?rest_route=%2Fwp%2Fv2%2Fproduct_cat&post=2235"},{"taxonomy":"product_tag","embeddable":true,"href":"https:\/\/dev.getraenke-center.ch\/index.php?rest_route=%2Fwp%2Fv2%2Fproduct_tag&post=2235"}],"curies":[{"name":"wp","href":"https:\/\/api.w.org\/{rel}","templated":true}]}}