{"id":273,"date":"2024-11-27T11:59:12","date_gmt":"2024-11-27T11:59:12","guid":{"rendered":"https:\/\/dev.getraenke-center.ch\/?post_type=product&#038;p=273"},"modified":"2024-11-27T11:59:15","modified_gmt":"2024-11-27T11:59:15","slug":"mineralwasser-knutwiler-wenig-kohlensaeure-pet-6-x-1-5-liter","status":"publish","type":"product","link":"https:\/\/dev.getraenke-center.ch\/?product=mineralwasser-knutwiler-wenig-kohlensaeure-pet-6-x-1-5-liter","title":{"rendered":"Mineralwasser Knutwiler, wenig Kohlens\u00e4ure, PET &#8211; 6 x 1.5 Liter"},"content":{"rendered":"<p>Das nat\u00fcrliche KNUTWILER Mineralwasser mit seiner besonders ausgewogenen Mineralisation gibt es ohne Kohlens\u00e4ure, mit wenig oder mit Kohlens\u00e4ure versetzt<\/p>\n","protected":false},"excerpt":{"rendered":"<p>Preis pro Flasche<\/p>\n<p>Nat\u00fcrliches Mineralwasser mit Kohlens\u00e4ure<\/p>\n","protected":false},"featured_media":303,"template":"","meta":{"_kadence_starter_templates_imported_post":false,"_kad_post_transparent":"","_kad_post_title":"","_kad_post_layout":"","_kad_post_sidebar_id":"","_kad_post_content_style":"","_kad_post_vertical_padding":"","_kad_post_feature":"","_kad_post_feature_position":"","_kad_post_header":false,"_kad_post_footer":false},"product_cat":[40],"product_tag":[41,42,43,121,47,48],"class_list":{"0":"post-273","1":"product","2":"type-product","3":"status-publish","4":"has-post-thumbnail","6":"product_cat-mineralwasser","7":"product_tag-erfrischend","8":"product_tag-genuss","9":"product_tag-mild","10":"product_tag-knutwiler","11":"product_tag-wasser","12":"product_tag-wenig-kohlensaeure","14":"first","15":"instock","16":"purchasable","17":"product-type-simple","18":"entry","19":"content-bg","20":"loop-entry"},"jetpack_sharing_enabled":true,"_links":{"self":[{"href":"https:\/\/dev.getraenke-center.ch\/index.php?rest_route=\/wp\/v2\/product\/273","targetHints":{"allow":["GET"]}}],"collection":[{"href":"https:\/\/dev.getraenke-center.ch\/index.php?rest_route=\/wp\/v2\/product"}],"about":[{"href":"https:\/\/dev.getraenke-center.ch\/index.php?rest_route=\/wp\/v2\/types\/product"}],"wp:featuredmedia":[{"embeddable":true,"href":"https:\/\/dev.getraenke-center.ch\/index.php?rest_route=\/wp\/v2\/media\/303"}],"wp:attachment":[{"href":"https:\/\/dev.getraenke-center.ch\/index.php?rest_route=%2Fwp%2Fv2%2Fmedia&parent=273"}],"wp:term":[{"taxonomy":"product_cat","embeddable":true,"href":"https:\/\/dev.getraenke-center.ch\/index.php?rest_route=%2Fwp%2Fv2%2Fproduct_cat&post=273"},{"taxonomy":"product_tag","embeddable":true,"href":"https:\/\/dev.getraenke-center.ch\/index.php?rest_route=%2Fwp%2Fv2%2Fproduct_tag&post=273"}],"curies":[{"name":"wp","href":"https:\/\/api.w.org\/{rel}","templated":true}]}}