{"id":284,"date":"2024-11-27T11:59:12","date_gmt":"2024-11-27T11:59:12","guid":{"rendered":"https:\/\/dev.getraenke-center.ch\/?post_type=product&#038;p=284"},"modified":"2024-11-27T11:59:17","modified_gmt":"2024-11-27T11:59:17","slug":"orangensaft-granini-100-glas-6-x-1-liter","status":"publish","type":"product","link":"https:\/\/dev.getraenke-center.ch\/?product=orangensaft-granini-100-glas-6-x-1-liter","title":{"rendered":"Orangensaft Granini 100%, Glas &#8211; 6 x 1 Liter"},"content":{"rendered":"<p>Der Orangensaft mit 100 % Fruchtgehalt. Mit dem k\u00f6stlichen Fruchtfleisch sonnenverw\u00f6hnter Orangen.<\/p>\n<p>granini steht wie keine andere Fruchtsaftmarke f\u00fcr au\u00dfergew\u00f6hnlichen Trinkgenuss \u2013 mit bestem und intensivem Geschmack. Mit unseren granini 100%-S\u00e4ften gehen wir auf\u2019s Ganze und bringen euch die volle Portion Frucht ohne Zusatz von Zucker. Somit enthalten unsere S\u00e4fte, wie alle 100% S\u00e4fte, nur den nat\u00fcrlich in Fr\u00fcchten enthaltenen Zucker.<\/p>\n","protected":false},"excerpt":{"rendered":"<p>Preis pro Flasche<\/p>\n<p>Orangensaft mit Fruchtfleisch<\/p>\n","protected":false},"featured_media":313,"template":"","meta":{"_kadence_starter_templates_imported_post":false,"_kad_post_transparent":"","_kad_post_title":"","_kad_post_layout":"","_kad_post_sidebar_id":"","_kad_post_content_style":"","_kad_post_vertical_padding":"","_kad_post_feature":"","_kad_post_feature_position":"","_kad_post_header":false,"_kad_post_footer":false},"product_cat":[103],"product_tag":[42,108,109,110,111],"class_list":{"0":"post-284","1":"product","2":"type-product","3":"status-publish","4":"has-post-thumbnail","6":"product_cat-getraenke-orange","7":"product_tag-genuss","8":"product_tag-natur","9":"product_tag-sonnengereift","10":"product_tag-frisch","11":"product_tag-granini","13":"first","14":"instock","15":"purchasable","16":"product-type-simple","17":"entry","18":"content-bg","19":"loop-entry"},"jetpack_sharing_enabled":true,"_links":{"self":[{"href":"https:\/\/dev.getraenke-center.ch\/index.php?rest_route=\/wp\/v2\/product\/284","targetHints":{"allow":["GET"]}}],"collection":[{"href":"https:\/\/dev.getraenke-center.ch\/index.php?rest_route=\/wp\/v2\/product"}],"about":[{"href":"https:\/\/dev.getraenke-center.ch\/index.php?rest_route=\/wp\/v2\/types\/product"}],"wp:featuredmedia":[{"embeddable":true,"href":"https:\/\/dev.getraenke-center.ch\/index.php?rest_route=\/wp\/v2\/media\/313"}],"wp:attachment":[{"href":"https:\/\/dev.getraenke-center.ch\/index.php?rest_route=%2Fwp%2Fv2%2Fmedia&parent=284"}],"wp:term":[{"taxonomy":"product_cat","embeddable":true,"href":"https:\/\/dev.getraenke-center.ch\/index.php?rest_route=%2Fwp%2Fv2%2Fproduct_cat&post=284"},{"taxonomy":"product_tag","embeddable":true,"href":"https:\/\/dev.getraenke-center.ch\/index.php?rest_route=%2Fwp%2Fv2%2Fproduct_tag&post=284"}],"curies":[{"name":"wp","href":"https:\/\/api.w.org\/{rel}","templated":true}]}}