{"id":321,"date":"2024-11-27T11:59:17","date_gmt":"2024-11-27T11:59:17","guid":{"rendered":"https:\/\/dev.getraenke-center.ch\/?post_type=product&#038;p=321"},"modified":"2024-11-27T11:59:19","modified_gmt":"2024-11-27T11:59:19","slug":"apfelwein-ramseier-suessmost-hell-glas-12-x-1-liter","status":"publish","type":"product","link":"https:\/\/dev.getraenke-center.ch\/?product=apfelwein-ramseier-suessmost-hell-glas-12-x-1-liter","title":{"rendered":"Apfelwein Ramseier S\u00fcssmost hell, Glas &#8211; 12 x 1 Liter"},"content":{"rendered":"<p>Ramseier S\u00fcssmost ist ein nat\u00fcrlich s\u00fc\u00dfer Apfelsaft, hergestellt aus frisch gepressten \u00c4pfeln<\/p>\n","protected":false},"excerpt":{"rendered":"<p>Preis pro Flasche<\/p>\n<p>Vollreifes, erntefrisches Schweizer Obst, ohne Zuckerzusatz,\u00a0100% nat\u00fcrlich.<\/p>\n","protected":false},"featured_media":350,"template":"","meta":{"_kadence_starter_templates_imported_post":false,"_kad_post_transparent":"","_kad_post_title":"","_kad_post_layout":"","_kad_post_sidebar_id":"","_kad_post_content_style":"","_kad_post_vertical_padding":"","_kad_post_feature":"","_kad_post_feature_position":"","_kad_post_header":false,"_kad_post_footer":false},"product_cat":[141],"product_tag":[142,42,56,143,131,144],"class_list":{"0":"post-321","1":"product","2":"type-product","3":"status-publish","4":"has-post-thumbnail","6":"product_cat-apfelwein-ohne-alkohol","7":"product_tag-apfelsaft","8":"product_tag-genuss","9":"product_tag-natuerlich","10":"product_tag-suess","11":"product_tag-ramseier","12":"product_tag-suessmost","14":"first","15":"instock","16":"purchasable","17":"product-type-simple","18":"entry","19":"content-bg","20":"loop-entry"},"jetpack_sharing_enabled":true,"_links":{"self":[{"href":"https:\/\/dev.getraenke-center.ch\/index.php?rest_route=\/wp\/v2\/product\/321","targetHints":{"allow":["GET"]}}],"collection":[{"href":"https:\/\/dev.getraenke-center.ch\/index.php?rest_route=\/wp\/v2\/product"}],"about":[{"href":"https:\/\/dev.getraenke-center.ch\/index.php?rest_route=\/wp\/v2\/types\/product"}],"wp:featuredmedia":[{"embeddable":true,"href":"https:\/\/dev.getraenke-center.ch\/index.php?rest_route=\/wp\/v2\/media\/350"}],"wp:attachment":[{"href":"https:\/\/dev.getraenke-center.ch\/index.php?rest_route=%2Fwp%2Fv2%2Fmedia&parent=321"}],"wp:term":[{"taxonomy":"product_cat","embeddable":true,"href":"https:\/\/dev.getraenke-center.ch\/index.php?rest_route=%2Fwp%2Fv2%2Fproduct_cat&post=321"},{"taxonomy":"product_tag","embeddable":true,"href":"https:\/\/dev.getraenke-center.ch\/index.php?rest_route=%2Fwp%2Fv2%2Fproduct_tag&post=321"}],"curies":[{"name":"wp","href":"https:\/\/api.w.org\/{rel}","templated":true}]}}