{"id":327,"date":"2024-11-27T11:59:18","date_gmt":"2024-11-27T11:59:18","guid":{"rendered":"https:\/\/dev.getraenke-center.ch\/?post_type=product&#038;p=327"},"modified":"2024-11-27T11:59:20","modified_gmt":"2024-11-27T11:59:20","slug":"mineralwasser-rhaezuenser-plus-zitrone-pet-6-x-1-5-liter","status":"publish","type":"product","link":"https:\/\/dev.getraenke-center.ch\/?product=mineralwasser-rhaezuenser-plus-zitrone-pet-6-x-1-5-liter","title":{"rendered":"Mineralwasser Rh\u00e4z\u00fcnser Plus Zitrone PET &#8211; 6 x 1.5 Liter"},"content":{"rendered":"<p>Rh\u00e4z\u00fcnser Plus Zitrone ist die erfrischende Kombination von prickelndem Rh\u00e4z\u00fcnser Mineralwasser und 4 % nat\u00fcrlichem Zitronensaft. Die kalorienarme Rezeptur kommt ganz ohne S\u00fcssungsmittel aus.<\/p>\n","protected":false},"excerpt":{"rendered":"<p>Preis pro Flasche<\/p>\n<p>Fruchtig, spritzig, nat\u00fcrlich<\/p>\n","protected":false},"featured_media":356,"template":"","meta":{"_kadence_starter_templates_imported_post":false,"_kad_post_transparent":"","_kad_post_title":"","_kad_post_layout":"","_kad_post_sidebar_id":"","_kad_post_content_style":"","_kad_post_vertical_padding":"","_kad_post_feature":"","_kad_post_feature_position":"","_kad_post_header":false,"_kad_post_footer":false},"product_cat":[96],"product_tag":[41,42,50,58,151,152,153,154,155],"class_list":{"0":"post-327","1":"product","2":"type-product","3":"status-publish","4":"has-post-thumbnail","6":"product_cat-getraenke-citro","7":"product_tag-erfrischend","8":"product_tag-genuss","9":"product_tag-mineralwasser","10":"product_tag-spritzig","11":"product_tag-zitrone","12":"product_tag-lemon","13":"product_tag-plus","14":"product_tag-plus-lemon","15":"product_tag-rhaezuenser","17":"first","18":"instock","19":"purchasable","20":"product-type-simple","21":"entry","22":"content-bg","23":"loop-entry"},"jetpack_sharing_enabled":true,"_links":{"self":[{"href":"https:\/\/dev.getraenke-center.ch\/index.php?rest_route=\/wp\/v2\/product\/327","targetHints":{"allow":["GET"]}}],"collection":[{"href":"https:\/\/dev.getraenke-center.ch\/index.php?rest_route=\/wp\/v2\/product"}],"about":[{"href":"https:\/\/dev.getraenke-center.ch\/index.php?rest_route=\/wp\/v2\/types\/product"}],"wp:featuredmedia":[{"embeddable":true,"href":"https:\/\/dev.getraenke-center.ch\/index.php?rest_route=\/wp\/v2\/media\/356"}],"wp:attachment":[{"href":"https:\/\/dev.getraenke-center.ch\/index.php?rest_route=%2Fwp%2Fv2%2Fmedia&parent=327"}],"wp:term":[{"taxonomy":"product_cat","embeddable":true,"href":"https:\/\/dev.getraenke-center.ch\/index.php?rest_route=%2Fwp%2Fv2%2Fproduct_cat&post=327"},{"taxonomy":"product_tag","embeddable":true,"href":"https:\/\/dev.getraenke-center.ch\/index.php?rest_route=%2Fwp%2Fv2%2Fproduct_tag&post=327"}],"curies":[{"name":"wp","href":"https:\/\/api.w.org\/{rel}","templated":true}]}}