{"id":329,"date":"2024-11-27T11:59:18","date_gmt":"2024-11-27T11:59:18","guid":{"rendered":"https:\/\/dev.getraenke-center.ch\/?post_type=product&#038;p=329"},"modified":"2024-11-27T11:59:20","modified_gmt":"2024-11-27T11:59:20","slug":"mineralwasser-rhaezuenser-wenig-kohlensaeure-glas-12-x-1-liter","status":"publish","type":"product","link":"https:\/\/dev.getraenke-center.ch\/?product=mineralwasser-rhaezuenser-wenig-kohlensaeure-glas-12-x-1-liter","title":{"rendered":"Mineralwasser Rh\u00e4z\u00fcnser, wenig Kohlens\u00e4ure, Glas &#8211; 12 x 1 Liter"},"content":{"rendered":"<p>Rund 18 Jahre durchl\u00e4uft Rh\u00e4z\u00fcnser die Gesteinsschichten der B\u00fcndner Berge. Das Ergebnis ist ein Mineralwasser mit hoher Mineralisierung. Vor allem der Gehalt an Hydrogencarbonat ist besonders ausgepr\u00e4gt. Da der K\u00f6rper Mineralstoffe nicht selber bilden kann, m\u00fcssen sie \u00fcber die Nahrung oder durch Trinken aufgenommen werden. Rh\u00e4z\u00fcnser Mineralwasser ist dadurch Quelle nat\u00fcrlicher Mineralien.<\/p>\n","protected":false},"excerpt":{"rendered":"<p>Preis pro Flasche<\/p>\n<p>Mineralwasser aus den B\u00fcndner Bergen<\/p>\n","protected":false},"featured_media":358,"template":"","meta":{"_kadence_starter_templates_imported_post":false,"_kad_post_transparent":"","_kad_post_title":"","_kad_post_layout":"","_kad_post_sidebar_id":"","_kad_post_content_style":"","_kad_post_vertical_padding":"","_kad_post_feature":"","_kad_post_feature_position":"","_kad_post_header":false,"_kad_post_footer":false},"product_cat":[40],"product_tag":[41,42,50,57,156,155],"class_list":{"0":"post-329","1":"product","2":"type-product","3":"status-publish","4":"has-post-thumbnail","6":"product_cat-mineralwasser","7":"product_tag-erfrischend","8":"product_tag-genuss","9":"product_tag-mineralwasser","10":"product_tag-prickelnd","11":"product_tag-mit-co2","12":"product_tag-rhaezuenser","14":"first","15":"instock","16":"purchasable","17":"product-type-simple","18":"entry","19":"content-bg","20":"loop-entry"},"jetpack_sharing_enabled":true,"_links":{"self":[{"href":"https:\/\/dev.getraenke-center.ch\/index.php?rest_route=\/wp\/v2\/product\/329","targetHints":{"allow":["GET"]}}],"collection":[{"href":"https:\/\/dev.getraenke-center.ch\/index.php?rest_route=\/wp\/v2\/product"}],"about":[{"href":"https:\/\/dev.getraenke-center.ch\/index.php?rest_route=\/wp\/v2\/types\/product"}],"wp:featuredmedia":[{"embeddable":true,"href":"https:\/\/dev.getraenke-center.ch\/index.php?rest_route=\/wp\/v2\/media\/358"}],"wp:attachment":[{"href":"https:\/\/dev.getraenke-center.ch\/index.php?rest_route=%2Fwp%2Fv2%2Fmedia&parent=329"}],"wp:term":[{"taxonomy":"product_cat","embeddable":true,"href":"https:\/\/dev.getraenke-center.ch\/index.php?rest_route=%2Fwp%2Fv2%2Fproduct_cat&post=329"},{"taxonomy":"product_tag","embeddable":true,"href":"https:\/\/dev.getraenke-center.ch\/index.php?rest_route=%2Fwp%2Fv2%2Fproduct_tag&post=329"}],"curies":[{"name":"wp","href":"https:\/\/api.w.org\/{rel}","templated":true}]}}