{"id":376,"date":"2024-11-27T11:59:23","date_gmt":"2024-11-27T11:59:23","guid":{"rendered":"https:\/\/dev.getraenke-center.ch\/?post_type=product&#038;p=376"},"modified":"2024-11-27T11:59:24","modified_gmt":"2024-11-27T11:59:24","slug":"mineralwasser-s-pellegrino-wenig-kohlensaeure-pet-6-x-050-liter","status":"publish","type":"product","link":"https:\/\/dev.getraenke-center.ch\/?product=mineralwasser-s-pellegrino-wenig-kohlensaeure-pet-6-x-050-liter","title":{"rendered":"Mineralwasser S. Pellegrino, wenig Kohlens\u00e4ure, PET &#8211; 6 x 0,50 Liter"},"content":{"rendered":"<p>In Glas zeichnet sich S.Pellegrino durch seine besondere Flaschenform aus. \u201eVichy\u201c wird diese au\u00dfergew\u00f6hnliche Silhouette genannt, welche die gr\u00fcne Glasflasche so unverwechselbar macht. Seit jeher wirkt diese Form gleicherma\u00dfen anspruchsvoll und elegant, traditionell und dennoch modern.<\/p>\n","protected":false},"excerpt":{"rendered":"<p>Preis pro Flasche<\/p>\n<p>Nat\u00fcrliches Mineralwasser aus Italien<\/p>\n","protected":false},"featured_media":406,"template":"","meta":{"_kadence_starter_templates_imported_post":false,"_kad_post_transparent":"","_kad_post_title":"","_kad_post_layout":"","_kad_post_sidebar_id":"","_kad_post_content_style":"","_kad_post_vertical_padding":"","_kad_post_feature":"","_kad_post_feature_position":"","_kad_post_header":false,"_kad_post_footer":false},"product_cat":[39,40],"product_tag":[42,166,50,57,156,167],"class_list":{"0":"post-376","1":"product","2":"type-product","3":"status-publish","4":"has-post-thumbnail","6":"product_cat-alkoholfreie-getraenke","7":"product_cat-mineralwasser","8":"product_tag-genuss","9":"product_tag-italienisch","10":"product_tag-mineralwasser","11":"product_tag-prickelnd","12":"product_tag-mit-co2","13":"product_tag-san-pellegrino","15":"first","16":"instock","17":"purchasable","18":"product-type-simple","19":"entry","20":"content-bg","21":"loop-entry"},"jetpack_sharing_enabled":true,"_links":{"self":[{"href":"https:\/\/dev.getraenke-center.ch\/index.php?rest_route=\/wp\/v2\/product\/376","targetHints":{"allow":["GET"]}}],"collection":[{"href":"https:\/\/dev.getraenke-center.ch\/index.php?rest_route=\/wp\/v2\/product"}],"about":[{"href":"https:\/\/dev.getraenke-center.ch\/index.php?rest_route=\/wp\/v2\/types\/product"}],"wp:featuredmedia":[{"embeddable":true,"href":"https:\/\/dev.getraenke-center.ch\/index.php?rest_route=\/wp\/v2\/media\/406"}],"wp:attachment":[{"href":"https:\/\/dev.getraenke-center.ch\/index.php?rest_route=%2Fwp%2Fv2%2Fmedia&parent=376"}],"wp:term":[{"taxonomy":"product_cat","embeddable":true,"href":"https:\/\/dev.getraenke-center.ch\/index.php?rest_route=%2Fwp%2Fv2%2Fproduct_cat&post=376"},{"taxonomy":"product_tag","embeddable":true,"href":"https:\/\/dev.getraenke-center.ch\/index.php?rest_route=%2Fwp%2Fv2%2Fproduct_tag&post=376"}],"curies":[{"name":"wp","href":"https:\/\/api.w.org\/{rel}","templated":true}]}}