{"id":383,"date":"2024-11-27T11:59:23","date_gmt":"2024-11-27T11:59:23","guid":{"rendered":"https:\/\/dev.getraenke-center.ch\/?post_type=product&#038;p=383"},"modified":"2024-11-27T11:59:25","modified_gmt":"2024-11-27T11:59:25","slug":"erfrischungsgetraenk-sinalco-original-glas-24-x-0-33-liter","status":"publish","type":"product","link":"https:\/\/dev.getraenke-center.ch\/?product=erfrischungsgetraenk-sinalco-original-glas-24-x-0-33-liter","title":{"rendered":"Erfrischungsgetr\u00e4nk Sinalco Original, Glas &#8211; 24 x 0.33 Liter"},"content":{"rendered":"<figure class=\"productdetailpics show-for-medium-up\">\n<div class=\"small-12 medium-offset-4 medium-3 columns end margin-top-40-small\">\n<div class=\"row\" data-equalizer=\"\">\n<div class=\"small-6 medium-12 columns\" data-equalizer-watch=\"\">\n<p><strong>Artikelinfo:<\/strong><br \/>\nErfrischungsgetr\u00e4nk mit 4% Fruchts\u00e4ften aus den Fr\u00fcchten der Orangen, Mandarine und Zitronen.<\/p>\n<p>Inhaltsstoffe<br \/>\nN\u00e4hrwert pro 100gr<\/p>\n<p>Eiwei\u00df: 0,1gr<br \/>\nKohl.hyd.: 9,8gr<br \/>\ndavon Zucker: 9,8gr<br \/>\nFett: 0,1gr<br \/>\ndavon ges\u00e4ttigt: 0,1gr<br \/>\nBallaststoffe: 0,1gr<br \/>\nNatrium: 0gr<br \/>\nEnergie: 40,4 kcal \/ 169,2 kJ<\/p>\n<\/div>\n<\/div>\n<\/div>\n<\/figure>\n","protected":false},"excerpt":{"rendered":"<div class=\"row-wrapper \">\n<div class=\"row detail-row\">\n<div>Preis pro Flasche<\/div>\n<div><\/div>\n<div class=\"col-sm-4\"><strong>Land<\/strong><\/div>\n<div class=\"col-sm-8\">Schweiz<\/div>\n<\/div>\n<\/div>\n<div class=\"row-wrapper \">\n<div class=\"row detail-row\">\n<div class=\"col-sm-4\"><strong>Produzent<\/strong><\/div>\n<div class=\"col-sm-8\">Ramseier Suisse AG<\/div>\n<\/div>\n<\/div>\n<div class=\"row-wrapper \"><\/div>\n<div class=\"row-wrapper \"><\/div>\n<div class=\"row-wrapper\"><\/div>\n","protected":false},"featured_media":413,"template":"","meta":{"_kadence_starter_templates_imported_post":false,"_kad_post_transparent":"","_kad_post_title":"","_kad_post_layout":"","_kad_post_sidebar_id":"","_kad_post_content_style":"","_kad_post_vertical_padding":"","_kad_post_feature":"","_kad_post_feature_position":"","_kad_post_header":false,"_kad_post_footer":false},"product_cat":[103],"product_tag":[161,42,173,174,175,176],"class_list":{"0":"post-383","1":"product","2":"type-product","3":"status-publish","4":"has-post-thumbnail","6":"product_cat-getraenke-orange","7":"product_tag-erfrischungsgetraenk","8":"product_tag-genuss","9":"product_tag-glasflasche","10":"product_tag-klassisch","11":"product_tag-original","12":"product_tag-sinalco","14":"first","15":"instock","16":"purchasable","17":"product-type-simple","18":"entry","19":"content-bg","20":"loop-entry"},"jetpack_sharing_enabled":true,"_links":{"self":[{"href":"https:\/\/dev.getraenke-center.ch\/index.php?rest_route=\/wp\/v2\/product\/383","targetHints":{"allow":["GET"]}}],"collection":[{"href":"https:\/\/dev.getraenke-center.ch\/index.php?rest_route=\/wp\/v2\/product"}],"about":[{"href":"https:\/\/dev.getraenke-center.ch\/index.php?rest_route=\/wp\/v2\/types\/product"}],"wp:featuredmedia":[{"embeddable":true,"href":"https:\/\/dev.getraenke-center.ch\/index.php?rest_route=\/wp\/v2\/media\/413"}],"wp:attachment":[{"href":"https:\/\/dev.getraenke-center.ch\/index.php?rest_route=%2Fwp%2Fv2%2Fmedia&parent=383"}],"wp:term":[{"taxonomy":"product_cat","embeddable":true,"href":"https:\/\/dev.getraenke-center.ch\/index.php?rest_route=%2Fwp%2Fv2%2Fproduct_cat&post=383"},{"taxonomy":"product_tag","embeddable":true,"href":"https:\/\/dev.getraenke-center.ch\/index.php?rest_route=%2Fwp%2Fv2%2Fproduct_tag&post=383"}],"curies":[{"name":"wp","href":"https:\/\/api.w.org\/{rel}","templated":true}]}}