{"id":497,"date":"2024-11-27T11:59:39","date_gmt":"2024-11-27T11:59:39","guid":{"rendered":"https:\/\/dev.getraenke-center.ch\/?post_type=product&#038;p=497"},"modified":"2024-11-27T11:59:41","modified_gmt":"2024-11-27T11:59:41","slug":"mineralwasser-valser-prickelnd-glas-24-x-0-5-liter","status":"publish","type":"product","link":"https:\/\/dev.getraenke-center.ch\/?product=mineralwasser-valser-prickelnd-glas-24-x-0-5-liter","title":{"rendered":"Mineralwasser Valser prickelnd, Glas &#8211; 24 x 0.5 Liter"},"content":{"rendered":"<p>Klassiker: authentisch, prickelnd und ausgewogen. Das nat\u00fcrliche Mineralwasser ist mit Kohlens\u00e4ure versetzt und hat einen hohen Gehalt an Mineralien. VALSER Prickelnd ist nicht nur ein hervorragender Durstl\u00f6scher, sondern dank seiner essentiellen Mineralien, auch besonders wertvoll f\u00fcr den Organismus.<\/p>\n","protected":false},"excerpt":{"rendered":"<p>Preis pro Flasche<\/p>\n<p>Die prickelnde Erfrischung<\/p>\n","protected":false},"featured_media":527,"template":"","meta":{"_kadence_starter_templates_imported_post":false,"_kad_post_transparent":"","_kad_post_title":"","_kad_post_layout":"","_kad_post_sidebar_id":"","_kad_post_content_style":"","_kad_post_vertical_padding":"","_kad_post_feature":"","_kad_post_feature_position":"","_kad_post_header":false,"_kad_post_footer":false},"product_cat":[40],"product_tag":[41,42,50,57,177,178],"class_list":{"0":"post-497","1":"product","2":"type-product","3":"status-publish","4":"has-post-thumbnail","6":"product_cat-mineralwasser","7":"product_tag-erfrischend","8":"product_tag-genuss","9":"product_tag-mineralwasser","10":"product_tag-prickelnd","11":"product_tag-sprudelnd","12":"product_tag-valser","14":"first","15":"instock","16":"taxable","17":"shipping-taxable","18":"purchasable","19":"product-type-simple","20":"entry","21":"content-bg","22":"loop-entry"},"jetpack_sharing_enabled":true,"_links":{"self":[{"href":"https:\/\/dev.getraenke-center.ch\/index.php?rest_route=\/wp\/v2\/product\/497","targetHints":{"allow":["GET"]}}],"collection":[{"href":"https:\/\/dev.getraenke-center.ch\/index.php?rest_route=\/wp\/v2\/product"}],"about":[{"href":"https:\/\/dev.getraenke-center.ch\/index.php?rest_route=\/wp\/v2\/types\/product"}],"wp:featuredmedia":[{"embeddable":true,"href":"https:\/\/dev.getraenke-center.ch\/index.php?rest_route=\/wp\/v2\/media\/527"}],"wp:attachment":[{"href":"https:\/\/dev.getraenke-center.ch\/index.php?rest_route=%2Fwp%2Fv2%2Fmedia&parent=497"}],"wp:term":[{"taxonomy":"product_cat","embeddable":true,"href":"https:\/\/dev.getraenke-center.ch\/index.php?rest_route=%2Fwp%2Fv2%2Fproduct_cat&post=497"},{"taxonomy":"product_tag","embeddable":true,"href":"https:\/\/dev.getraenke-center.ch\/index.php?rest_route=%2Fwp%2Fv2%2Fproduct_tag&post=497"}],"curies":[{"name":"wp","href":"https:\/\/api.w.org\/{rel}","templated":true}]}}