{"id":502,"date":"2024-11-27T11:59:40","date_gmt":"2024-11-27T11:59:40","guid":{"rendered":"https:\/\/dev.getraenke-center.ch\/?post_type=product&#038;p=502"},"modified":"2024-11-27T11:59:42","modified_gmt":"2024-11-27T11:59:42","slug":"mineralwasser-arkina-wasser-ohne-kohlensaeure-glas-12-x-1liter","status":"publish","type":"product","link":"https:\/\/dev.getraenke-center.ch\/?product=mineralwasser-arkina-wasser-ohne-kohlensaeure-glas-12-x-1liter","title":{"rendered":"Mineralwasser Arkina Wasser, ohne Kohlens\u00e4ure, Glas \u2013 12 x 1Liter"},"content":{"rendered":"<p>Das nat\u00fcrliche Mineralwasser Arkina hat eine milde, sanfte und ausgewogene Mineralisation, die aus den Gesteinsschichten der B\u00fcndner Berge stammt. Sein Geschmack ist klar und neutral. Die Arkina-Quelle entspringt am linken Ufer des Hinterrheins am Fuss des Heinzenbergs.<\/p>\n","protected":false},"excerpt":{"rendered":"<p>Preis pro Flasche<\/p>\n<p>Nat\u00fcrliches Mineralwasser ohne Kohlens\u00e4ure.Arkina ist ein Mineralwasser mit ausgewogener Mineralisierung, die am Fu\u00dfe des Rh\u00e4z\u00fcnsersteins am Heinzenberg entpsringt. Das Wasser wird in einer Tiefe von 50 Metern gefasst. Dieses erfrischende, stille Mineralwasser bietet Ihnen die nat\u00fcrliche Frische und Reinheit der Region direkt in Ihrem Glas.<\/p>\n<p>&nbsp;<\/p>\n<p>&nbsp;<\/p>\n","protected":false},"featured_media":532,"template":"","meta":{"_kadence_starter_templates_imported_post":false,"_kad_post_transparent":"","_kad_post_title":"","_kad_post_layout":"","_kad_post_sidebar_id":"","_kad_post_content_style":"","_kad_post_vertical_padding":"","_kad_post_feature":"","_kad_post_feature_position":"","_kad_post_header":false,"_kad_post_footer":false},"product_cat":[40],"product_tag":[41,42,50,71,51,72,46],"class_list":{"0":"post-502","1":"product","2":"type-product","3":"status-publish","4":"has-post-thumbnail","6":"product_cat-mineralwasser","7":"product_tag-erfrischend","8":"product_tag-genuss","9":"product_tag-mineralwasser","10":"product_tag-arkina","11":"product_tag-blau","12":"product_tag-klar","13":"product_tag-ohne-co2","15":"first","16":"instock","17":"taxable","18":"shipping-taxable","19":"purchasable","20":"product-type-simple","21":"entry","22":"content-bg","23":"loop-entry"},"jetpack_sharing_enabled":true,"_links":{"self":[{"href":"https:\/\/dev.getraenke-center.ch\/index.php?rest_route=\/wp\/v2\/product\/502","targetHints":{"allow":["GET"]}}],"collection":[{"href":"https:\/\/dev.getraenke-center.ch\/index.php?rest_route=\/wp\/v2\/product"}],"about":[{"href":"https:\/\/dev.getraenke-center.ch\/index.php?rest_route=\/wp\/v2\/types\/product"}],"wp:featuredmedia":[{"embeddable":true,"href":"https:\/\/dev.getraenke-center.ch\/index.php?rest_route=\/wp\/v2\/media\/532"}],"wp:attachment":[{"href":"https:\/\/dev.getraenke-center.ch\/index.php?rest_route=%2Fwp%2Fv2%2Fmedia&parent=502"}],"wp:term":[{"taxonomy":"product_cat","embeddable":true,"href":"https:\/\/dev.getraenke-center.ch\/index.php?rest_route=%2Fwp%2Fv2%2Fproduct_cat&post=502"},{"taxonomy":"product_tag","embeddable":true,"href":"https:\/\/dev.getraenke-center.ch\/index.php?rest_route=%2Fwp%2Fv2%2Fproduct_tag&post=502"}],"curies":[{"name":"wp","href":"https:\/\/api.w.org\/{rel}","templated":true}]}}