{"id":510,"date":"2024-11-27T11:59:40","date_gmt":"2024-11-27T11:59:40","guid":{"rendered":"https:\/\/dev.getraenke-center.ch\/?post_type=product&#038;p=510"},"modified":"2024-11-27T11:59:43","modified_gmt":"2024-11-27T11:59:43","slug":"mineralwasser-knutwiler-schnitzwasser-pet-6x-0-5-liter","status":"publish","type":"product","link":"https:\/\/dev.getraenke-center.ch\/?product=mineralwasser-knutwiler-schnitzwasser-pet-6x-0-5-liter","title":{"rendered":"Mineralwasser Knutwiler Schnitzwasser, PET &#8211; 6x 0.5 Liter"},"content":{"rendered":"<p>Leicht und fruchtig sind die KNUTWILER Erfrischungsgetr\u00e4nke eine willkommene Abwechslung. F\u00fcr das geschmackvolle und zuckerarme Trinkerlebnis bereichern wir das nat\u00fcrliche KNUTWILER Mineralwasser mit verschiedenen innovativen Fruchtaromen. Mit Kohlens\u00e4ure, kalorienarm.<\/p>\n","protected":false},"excerpt":{"rendered":"<p>Preis pro Flasche<\/p>\n<p>Erfrischungsgetr\u00e4nk mit Limetten- und Zitronenaroma<\/p>\n","protected":false},"featured_media":540,"template":"","meta":{"_kadence_starter_templates_imported_post":false,"_kad_post_transparent":"","_kad_post_title":"","_kad_post_layout":"","_kad_post_sidebar_id":"","_kad_post_content_style":"","_kad_post_vertical_padding":"","_kad_post_feature":"","_kad_post_feature_position":"","_kad_post_header":false,"_kad_post_footer":false},"product_cat":[54],"product_tag":[41,42,50,193,121,194],"class_list":{"0":"post-510","1":"product","2":"type-product","3":"status-publish","4":"has-post-thumbnail","6":"product_cat-mineralwasser-mit-geschmack","7":"product_tag-erfrischend","8":"product_tag-genuss","9":"product_tag-mineralwasser","10":"product_tag-besondere-note","11":"product_tag-knutwiler","12":"product_tag-schnitzwasser","14":"first","15":"instock","16":"taxable","17":"shipping-taxable","18":"purchasable","19":"product-type-simple","20":"entry","21":"content-bg","22":"loop-entry"},"jetpack_sharing_enabled":true,"_links":{"self":[{"href":"https:\/\/dev.getraenke-center.ch\/index.php?rest_route=\/wp\/v2\/product\/510","targetHints":{"allow":["GET"]}}],"collection":[{"href":"https:\/\/dev.getraenke-center.ch\/index.php?rest_route=\/wp\/v2\/product"}],"about":[{"href":"https:\/\/dev.getraenke-center.ch\/index.php?rest_route=\/wp\/v2\/types\/product"}],"wp:featuredmedia":[{"embeddable":true,"href":"https:\/\/dev.getraenke-center.ch\/index.php?rest_route=\/wp\/v2\/media\/540"}],"wp:attachment":[{"href":"https:\/\/dev.getraenke-center.ch\/index.php?rest_route=%2Fwp%2Fv2%2Fmedia&parent=510"}],"wp:term":[{"taxonomy":"product_cat","embeddable":true,"href":"https:\/\/dev.getraenke-center.ch\/index.php?rest_route=%2Fwp%2Fv2%2Fproduct_cat&post=510"},{"taxonomy":"product_tag","embeddable":true,"href":"https:\/\/dev.getraenke-center.ch\/index.php?rest_route=%2Fwp%2Fv2%2Fproduct_tag&post=510"}],"curies":[{"name":"wp","href":"https:\/\/api.w.org\/{rel}","templated":true}]}}