{"id":520,"date":"2024-11-27T11:59:40","date_gmt":"2024-11-27T11:59:40","guid":{"rendered":"https:\/\/dev.getraenke-center.ch\/?post_type=product&#038;p=520"},"modified":"2024-11-27T11:59:46","modified_gmt":"2024-11-27T11:59:46","slug":"erfrischungsgetraenk-schweppes-tonic-pet-6-x-1-liter","status":"publish","type":"product","link":"https:\/\/dev.getraenke-center.ch\/?product=erfrischungsgetraenk-schweppes-tonic-pet-6-x-1-liter","title":{"rendered":"Erfrischungsgetr\u00e4nk Schweppes Tonic, PET &#8211; 6 x 1 Liter"},"content":{"rendered":"<p>Das legend\u00e4re Erfrischungsgetr\u00e4nk, basierend auf Jacob Schweppes Originalrezeptur aus dem Jahr 1783. Mit nat\u00fcrlichem Aroma, kohlens\u00e4urehaltig, chininhaltig &#8211; ein Klassiker!<\/p>\n","protected":false},"excerpt":{"rendered":"<p>Preis pro Flasche<\/p>\n<p>Prickelt klassisch zitronig<\/p>\n","protected":false},"featured_media":550,"template":"","meta":{"_kadence_starter_templates_imported_post":false,"_kad_post_transparent":"","_kad_post_title":"","_kad_post_layout":"","_kad_post_sidebar_id":"","_kad_post_content_style":"","_kad_post_vertical_padding":"","_kad_post_feature":"","_kad_post_feature_position":"","_kad_post_header":false,"_kad_post_footer":false},"product_cat":[168],"product_tag":[41,161,42,198,169,172],"class_list":{"0":"post-520","1":"product","2":"type-product","3":"status-publish","4":"has-post-thumbnail","6":"product_cat-bittergetraenke","7":"product_tag-erfrischend","8":"product_tag-erfrischungsgetraenk","9":"product_tag-genuss","10":"product_tag-gin-tonic","11":"product_tag-schweppes","12":"product_tag-tonic","14":"first","15":"instock","16":"taxable","17":"shipping-taxable","18":"purchasable","19":"product-type-simple","20":"entry","21":"content-bg","22":"loop-entry"},"jetpack_sharing_enabled":true,"_links":{"self":[{"href":"https:\/\/dev.getraenke-center.ch\/index.php?rest_route=\/wp\/v2\/product\/520","targetHints":{"allow":["GET"]}}],"collection":[{"href":"https:\/\/dev.getraenke-center.ch\/index.php?rest_route=\/wp\/v2\/product"}],"about":[{"href":"https:\/\/dev.getraenke-center.ch\/index.php?rest_route=\/wp\/v2\/types\/product"}],"wp:featuredmedia":[{"embeddable":true,"href":"https:\/\/dev.getraenke-center.ch\/index.php?rest_route=\/wp\/v2\/media\/550"}],"wp:attachment":[{"href":"https:\/\/dev.getraenke-center.ch\/index.php?rest_route=%2Fwp%2Fv2%2Fmedia&parent=520"}],"wp:term":[{"taxonomy":"product_cat","embeddable":true,"href":"https:\/\/dev.getraenke-center.ch\/index.php?rest_route=%2Fwp%2Fv2%2Fproduct_cat&post=520"},{"taxonomy":"product_tag","embeddable":true,"href":"https:\/\/dev.getraenke-center.ch\/index.php?rest_route=%2Fwp%2Fv2%2Fproduct_tag&post=520"}],"curies":[{"name":"wp","href":"https:\/\/api.w.org\/{rel}","templated":true}]}}