{"id":676,"date":"2024-11-27T12:00:05","date_gmt":"2024-11-27T12:00:05","guid":{"rendered":"https:\/\/dev.getraenke-center.ch\/?post_type=product&#038;p=676"},"modified":"2024-11-27T12:00:08","modified_gmt":"2024-11-27T12:00:08","slug":"mineralwasser-appenzeller-flauder-pet-6-x-0-5-liter","status":"publish","type":"product","link":"https:\/\/dev.getraenke-center.ch\/?product=mineralwasser-appenzeller-flauder-pet-6-x-0-5-liter","title":{"rendered":"Mineralwasser Appenzeller Flauder, PET &#8211; 6 x 0.5 Liter"},"content":{"rendered":"<p>Flauder ist das Zauberwort, das seit seiner Einf\u00fchrung die Welt erobert. Die legend\u00e4re Mischung von Holunderbl\u00fcten und Melisse aus dem Gontenbad verk\u00f6rpert die Leichtigkeit und die Anmut eines Schmetterlings.<\/p>\n<p>Im Flauder Original ist all das eingefangen, was uns jedes Fr\u00fchjahr an sonnigen Waldr\u00e4ndern so verf\u00fchrerisch in die Nase sticht: Holunderbl\u00fcte gepaart mit Melisse und anderen Kr\u00e4utern, dazu ein Hauch Appenzeller Landluft.<\/p>\n","protected":false},"excerpt":{"rendered":"<p>Kalorienarmer Klassiker unter den Erfrischungsgetr\u00e4nken<\/p>\n","protected":false},"featured_media":706,"template":"","meta":{"_kadence_starter_templates_imported_post":false,"_kad_post_transparent":"","_kad_post_title":"","_kad_post_layout":"","_kad_post_sidebar_id":"","_kad_post_content_style":"","_kad_post_vertical_padding":"","_kad_post_feature":"","_kad_post_feature_position":"","_kad_post_header":false,"_kad_post_footer":false},"product_cat":[54],"product_tag":[41,42,50,67,69,225],"class_list":{"0":"post-676","1":"product","2":"type-product","3":"status-publish","4":"has-post-thumbnail","6":"product_cat-mineralwasser-mit-geschmack","7":"product_tag-erfrischend","8":"product_tag-genuss","9":"product_tag-mineralwasser","10":"product_tag-appenzeller","11":"product_tag-flauder","12":"product_tag-holunderblueten","14":"first","15":"instock","16":"taxable","17":"shipping-taxable","18":"purchasable","19":"product-type-simple","20":"entry","21":"content-bg","22":"loop-entry"},"jetpack_sharing_enabled":true,"_links":{"self":[{"href":"https:\/\/dev.getraenke-center.ch\/index.php?rest_route=\/wp\/v2\/product\/676","targetHints":{"allow":["GET"]}}],"collection":[{"href":"https:\/\/dev.getraenke-center.ch\/index.php?rest_route=\/wp\/v2\/product"}],"about":[{"href":"https:\/\/dev.getraenke-center.ch\/index.php?rest_route=\/wp\/v2\/types\/product"}],"wp:featuredmedia":[{"embeddable":true,"href":"https:\/\/dev.getraenke-center.ch\/index.php?rest_route=\/wp\/v2\/media\/706"}],"wp:attachment":[{"href":"https:\/\/dev.getraenke-center.ch\/index.php?rest_route=%2Fwp%2Fv2%2Fmedia&parent=676"}],"wp:term":[{"taxonomy":"product_cat","embeddable":true,"href":"https:\/\/dev.getraenke-center.ch\/index.php?rest_route=%2Fwp%2Fv2%2Fproduct_cat&post=676"},{"taxonomy":"product_tag","embeddable":true,"href":"https:\/\/dev.getraenke-center.ch\/index.php?rest_route=%2Fwp%2Fv2%2Fproduct_tag&post=676"}],"curies":[{"name":"wp","href":"https:\/\/api.w.org\/{rel}","templated":true}]}}