{"id":677,"date":"2024-11-27T12:00:05","date_gmt":"2024-11-27T12:00:05","guid":{"rendered":"https:\/\/dev.getraenke-center.ch\/?post_type=product&#038;p=677"},"modified":"2024-11-27T12:00:08","modified_gmt":"2024-11-27T12:00:08","slug":"mineralwasser-st-leonhards-quelle-still-glas-6-x-1-liter","status":"publish","type":"product","link":"https:\/\/dev.getraenke-center.ch\/?product=mineralwasser-st-leonhards-quelle-still-glas-6-x-1-liter","title":{"rendered":"Mineralwasser St. Leonhards Quelle, still, Glas &#8211; 6 x 1 Liter"},"content":{"rendered":"<div class=\"article-collapse-header\">\n<div class=\"article-teaser\">\n<p>Nat\u00fcrliches Mineralwasser, 1 Liter -still- ohne Kohlens\u00e4ure. T\u00e4gliche Abf\u00fcllung am Quellort Bad Leonhardspfunzen, Stephanskirchen.<\/p>\n<\/div>\n<\/div>\n<div id=\"collapse-specialist-1\" class=\"article-collapse collapse in\">\n<div>\n<p>Das Quellgebiet der St. Leonhardsquelle war schon bei den R\u00f6mern ein\u00a0<a href=\"https:\/\/www.st-leonhards-quellen.de\/kraftort\/\" target=\"_blank\" rel=\"noopener\">Kraftplatz<\/a>. Davon zeugt noch ein antiker Altarsockel, der mittlerweile dem St. Leonhardsbrunnen als Gef\u00e4\u00df dient, sowie die Reste eines alten r\u00f6mischen Mitras-Tempels ganz in der N\u00e4he. Nach Wiederentdeckung der Quelle im 18. Jahrhundert wurde sie schnell zum Ziel von Wallfahrern und sp\u00e4ter der feinen M\u00fcnchner Gesellschaft. Man erhoffte sich durch Baden und Trinken des St. Leonhardswassers Besserung bei Knochenbr\u00fcchen und Gelenkbeschwerden, Augenleiden oder Schwangerschaftsbeschwerden.<\/p>\n<\/div>\n<\/div>\n","protected":false},"excerpt":{"rendered":"<div class=\"col\">\n<div class=\"table\">\n<div>Preis pro Flasche<\/div>\n<div><\/div>\n<div class=\"table-cell\">Lichtwasser mit hoher bioenergetischer Qualit\u00e4t<\/div>\n<\/div>\n<\/div>\n","protected":false},"featured_media":707,"template":"","meta":{"_kadence_starter_templates_imported_post":false,"_kad_post_transparent":"","_kad_post_title":"","_kad_post_layout":"","_kad_post_sidebar_id":"","_kad_post_content_style":"","_kad_post_vertical_padding":"","_kad_post_feature":"","_kad_post_feature_position":"","_kad_post_header":false,"_kad_post_footer":false},"product_cat":[40],"product_tag":[41,42,50,72,226,227,179],"class_list":{"0":"post-677","1":"product","2":"type-product","3":"status-publish","4":"has-post-thumbnail","6":"product_cat-mineralwasser","7":"product_tag-erfrischend","8":"product_tag-genuss","9":"product_tag-mineralwasser","10":"product_tag-klar","11":"product_tag-quelle","12":"product_tag-st-leonhards","13":"product_tag-still","15":"first","16":"instock","17":"taxable","18":"shipping-taxable","19":"purchasable","20":"product-type-simple","21":"entry","22":"content-bg","23":"loop-entry"},"jetpack_sharing_enabled":true,"_links":{"self":[{"href":"https:\/\/dev.getraenke-center.ch\/index.php?rest_route=\/wp\/v2\/product\/677","targetHints":{"allow":["GET"]}}],"collection":[{"href":"https:\/\/dev.getraenke-center.ch\/index.php?rest_route=\/wp\/v2\/product"}],"about":[{"href":"https:\/\/dev.getraenke-center.ch\/index.php?rest_route=\/wp\/v2\/types\/product"}],"wp:featuredmedia":[{"embeddable":true,"href":"https:\/\/dev.getraenke-center.ch\/index.php?rest_route=\/wp\/v2\/media\/707"}],"wp:attachment":[{"href":"https:\/\/dev.getraenke-center.ch\/index.php?rest_route=%2Fwp%2Fv2%2Fmedia&parent=677"}],"wp:term":[{"taxonomy":"product_cat","embeddable":true,"href":"https:\/\/dev.getraenke-center.ch\/index.php?rest_route=%2Fwp%2Fv2%2Fproduct_cat&post=677"},{"taxonomy":"product_tag","embeddable":true,"href":"https:\/\/dev.getraenke-center.ch\/index.php?rest_route=%2Fwp%2Fv2%2Fproduct_tag&post=677"}],"curies":[{"name":"wp","href":"https:\/\/api.w.org\/{rel}","templated":true}]}}