{"id":680,"date":"2024-11-27T12:00:06","date_gmt":"2024-11-27T12:00:06","guid":{"rendered":"https:\/\/dev.getraenke-center.ch\/?post_type=product&#038;p=680"},"modified":"2024-11-27T12:00:08","modified_gmt":"2024-11-27T12:00:08","slug":"mineralwasser-st-leonhards-mondquelle-glas-6-x-1-liter","status":"publish","type":"product","link":"https:\/\/dev.getraenke-center.ch\/?product=mineralwasser-st-leonhards-mondquelle-glas-6-x-1-liter","title":{"rendered":"Mineralwasser St. Leonhards Mondquelle Glas \u2013 6 x 1 Liter"},"content":{"rendered":"<div>\n<div>\n<p>Quellwasser,\u00a01 Liter, ohne Kohlens\u00e4ure, t\u00e4glich abgef\u00fcllt am Quellort Bad Leonhardspfunzen, Stephanskirchen.<\/p>\n<p>Als eine der ersten neuen artesischen Quellen wurde die Mondquelle im Jahr 1999 im Quellgebiet St. Leonhardspfunzen erschlossen.<\/p>\n<\/div>\n<\/div>\n<div>\n<p>Durch erste biophysikalische Untersuchungen wurde der besonders ausgepr\u00e4gte Bezug dieses Wassers auf die Mondphasen festgestellt. Deshalb wurde die Quelle auch nach diesem Himmelsk\u00f6rper benannt.<\/p>\n<\/div>\n","protected":false},"excerpt":{"rendered":"<p>Preis pro Flasche<\/p>\n<p>Unter dem Einfluss des Mondes<\/p>\n","protected":false},"featured_media":710,"template":"","meta":{"_kadence_starter_templates_imported_post":false,"_kad_post_transparent":"","_kad_post_title":"","_kad_post_layout":"","_kad_post_sidebar_id":"","_kad_post_content_style":"","_kad_post_vertical_padding":"","_kad_post_feature":"","_kad_post_feature_position":"","_kad_post_header":false,"_kad_post_footer":false},"product_cat":[40,228],"product_tag":[229,42,50,230,231,226,227],"class_list":{"0":"post-680","1":"product","2":"type-product","3":"status-publish","4":"has-post-thumbnail","6":"product_cat-mineralwasser","7":"product_cat-neu","8":"product_tag-einzigartig","9":"product_tag-genuss","10":"product_tag-mineralwasser","11":"product_tag-magisch","12":"product_tag-mondquelle","13":"product_tag-quelle","14":"product_tag-st-leonhards","16":"first","17":"instock","18":"taxable","19":"shipping-taxable","20":"purchasable","21":"product-type-simple","22":"entry","23":"content-bg","24":"loop-entry"},"jetpack_sharing_enabled":true,"_links":{"self":[{"href":"https:\/\/dev.getraenke-center.ch\/index.php?rest_route=\/wp\/v2\/product\/680","targetHints":{"allow":["GET"]}}],"collection":[{"href":"https:\/\/dev.getraenke-center.ch\/index.php?rest_route=\/wp\/v2\/product"}],"about":[{"href":"https:\/\/dev.getraenke-center.ch\/index.php?rest_route=\/wp\/v2\/types\/product"}],"wp:featuredmedia":[{"embeddable":true,"href":"https:\/\/dev.getraenke-center.ch\/index.php?rest_route=\/wp\/v2\/media\/710"}],"wp:attachment":[{"href":"https:\/\/dev.getraenke-center.ch\/index.php?rest_route=%2Fwp%2Fv2%2Fmedia&parent=680"}],"wp:term":[{"taxonomy":"product_cat","embeddable":true,"href":"https:\/\/dev.getraenke-center.ch\/index.php?rest_route=%2Fwp%2Fv2%2Fproduct_cat&post=680"},{"taxonomy":"product_tag","embeddable":true,"href":"https:\/\/dev.getraenke-center.ch\/index.php?rest_route=%2Fwp%2Fv2%2Fproduct_tag&post=680"}],"curies":[{"name":"wp","href":"https:\/\/api.w.org\/{rel}","templated":true}]}}