{"id":685,"date":"2024-11-27T12:00:06","date_gmt":"2024-11-27T12:00:06","guid":{"rendered":"https:\/\/dev.getraenke-center.ch\/?post_type=product&#038;p=685"},"modified":"2024-11-27T12:00:09","modified_gmt":"2024-11-27T12:00:09","slug":"eistee-ramseier-huus-tee-pet-6-x-0-5-liter","status":"publish","type":"product","link":"https:\/\/dev.getraenke-center.ch\/?product=eistee-ramseier-huus-tee-pet-6-x-0-5-liter","title":{"rendered":"Eistee Ramseier Huus-Tee, PET &#8211; 6 x 0.5 Liter"},"content":{"rendered":"<p>Auf der Suche nach einem feinen, nat\u00fcrlich ges\u00fcssten Eistee? Der hausgemachte RAMSEIER Huus-Tee wird aus Schweizer Apfelminze gebr\u00fcht und mit bestem RAMSEIER Obstsaft leicht ges\u00fcsst. \u2013 Das einzigartige Erfrischungsgetr\u00e4nk \u00fcberzeugt mit Leichtigkeit und Nat\u00fcrlichkeit, erfrischt mit Geschmack und Heimatgef\u00fchl und ist perfekt f\u00fcr Sport und Alltag.<\/p>\n","protected":false},"excerpt":{"rendered":"<p>Preis pro Flasche<\/p>\n<p>Nat\u00fcrlich nur mit Obstsaft ges\u00fcsst<\/p>\n","protected":false},"featured_media":715,"template":"","meta":{"_kadence_starter_templates_imported_post":false,"_kad_post_transparent":"","_kad_post_title":"","_kad_post_layout":"","_kad_post_sidebar_id":"","_kad_post_content_style":"","_kad_post_vertical_padding":"","_kad_post_feature":"","_kad_post_feature_position":"","_kad_post_header":false,"_kad_post_footer":false},"product_cat":[119],"product_tag":[180,49,42,234,221,235],"class_list":{"0":"post-685","1":"product","2":"type-product","3":"status-publish","4":"has-post-thumbnail","6":"product_cat-eistee","7":"product_tag-eistee","8":"product_tag-erfrischung","9":"product_tag-genuss","10":"product_tag-sommer","11":"product_tag-tee","12":"product_tag-kuehle","14":"first","15":"instock","16":"taxable","17":"shipping-taxable","18":"purchasable","19":"product-type-simple","20":"entry","21":"content-bg","22":"loop-entry"},"jetpack_sharing_enabled":true,"_links":{"self":[{"href":"https:\/\/dev.getraenke-center.ch\/index.php?rest_route=\/wp\/v2\/product\/685","targetHints":{"allow":["GET"]}}],"collection":[{"href":"https:\/\/dev.getraenke-center.ch\/index.php?rest_route=\/wp\/v2\/product"}],"about":[{"href":"https:\/\/dev.getraenke-center.ch\/index.php?rest_route=\/wp\/v2\/types\/product"}],"wp:featuredmedia":[{"embeddable":true,"href":"https:\/\/dev.getraenke-center.ch\/index.php?rest_route=\/wp\/v2\/media\/715"}],"wp:attachment":[{"href":"https:\/\/dev.getraenke-center.ch\/index.php?rest_route=%2Fwp%2Fv2%2Fmedia&parent=685"}],"wp:term":[{"taxonomy":"product_cat","embeddable":true,"href":"https:\/\/dev.getraenke-center.ch\/index.php?rest_route=%2Fwp%2Fv2%2Fproduct_cat&post=685"},{"taxonomy":"product_tag","embeddable":true,"href":"https:\/\/dev.getraenke-center.ch\/index.php?rest_route=%2Fwp%2Fv2%2Fproduct_tag&post=685"}],"curies":[{"name":"wp","href":"https:\/\/api.w.org\/{rel}","templated":true}]}}