{"id":739,"date":"2024-11-27T12:00:14","date_gmt":"2024-11-27T12:00:14","guid":{"rendered":"https:\/\/dev.getraenke-center.ch\/?post_type=product&#038;p=739"},"modified":"2024-11-27T12:00:16","modified_gmt":"2024-11-27T12:00:16","slug":"mineralwasser-lauretana-ohne-kohlensaeure-pet-24-x-05-liter","status":"publish","type":"product","link":"https:\/\/dev.getraenke-center.ch\/?product=mineralwasser-lauretana-ohne-kohlensaeure-pet-24-x-05-liter","title":{"rendered":"Mineralwasser Lauretana ohne Kohlens\u00e4ure PET, 24 x 0,5 Liter"},"content":{"rendered":"<p>LAURETANA &#8211; Das leichteste Wasser Europas, gilt aufgrund seines besonders geringen Gehalt an Mineralsalzen \u2013 oder gel\u00f6sten Feststoffen \u2013 von nur 14,0 mg\/Liter auch als das \u201eweichste\u201c Wasser Europas \u2013 eine Eigenschaft, die man schmeckt und in seiner Wirkung f\u00fchlt.<\/p>\n<p>LAURETANA z\u00e4hlt damit zu den Akratopegen, den kalten (max. 20 \u00b0C) und mineralstoffarmen Quellen.<\/p>\n<p><strong>Kein Wasser unseres Kontinents ist weicher als LAURETANA \u2013 Das leichteste Wasser Europas.<\/strong><\/p>\n<p>Wasser erf\u00fcllt im K\u00f6rper eine Transport-, keine Versorgungsaufgabe. Essentielle Mineralstoffe wie Kalzium, Magnesium und Kalium sind im Mineralwasser nur in sehr geringen Mengen enthalten und leisten keinen nennenswerten Beitrag zur Mineralstoffversorgung des K\u00f6rpers. Vielmehr unterst\u00fctzt Wasser den Stoffwechsel, indem es N\u00e4hrstoffe in die Zellen transportiert und den K\u00f6rper von harnpflichtigen Substanzen, zum Beispiel Harns\u00e4ure, befreit.<\/p>\n<p><strong>LAURETANA bietet Wohlbefinden f\u00fcr die ganze Familie.<\/strong><\/p>\n<p>Das leichteste Wasser Europas ist garantiert frei von Uran. Giftige Spurenelemente wie Arsen sind im LAURETANA genauso wenig nachweisbar wie organische Verunreinigungen aus der Landwirtschaft, zum Beispiel Pestizidmetabolite.<\/p>\n","protected":false},"excerpt":{"rendered":"<div class=\"woocommerce-product-details__short-description\">\n<p>Preis pro Flasche<\/p>\n<p>LAURETANA \u2013 Das leichteste Wasser Europas! In der praktischen PET-Flasche.<\/p>\n<\/div>\n","protected":false},"featured_media":769,"template":"","meta":{"_kadence_starter_templates_imported_post":false,"_kad_post_transparent":"","_kad_post_title":"","_kad_post_layout":"","_kad_post_sidebar_id":"","_kad_post_content_style":"","_kad_post_vertical_padding":"","_kad_post_feature":"","_kad_post_feature_position":"","_kad_post_header":false,"_kad_post_footer":false},"product_cat":[40],"product_tag":[41,42,50,72,260,46],"class_list":{"0":"post-739","1":"product","2":"type-product","3":"status-publish","4":"has-post-thumbnail","6":"product_cat-mineralwasser","7":"product_tag-erfrischend","8":"product_tag-genuss","9":"product_tag-mineralwasser","10":"product_tag-klar","11":"product_tag-lauretana","12":"product_tag-ohne-co2","14":"first","15":"instock","16":"taxable","17":"shipping-taxable","18":"purchasable","19":"product-type-simple","20":"entry","21":"content-bg","22":"loop-entry"},"jetpack_sharing_enabled":true,"_links":{"self":[{"href":"https:\/\/dev.getraenke-center.ch\/index.php?rest_route=\/wp\/v2\/product\/739","targetHints":{"allow":["GET"]}}],"collection":[{"href":"https:\/\/dev.getraenke-center.ch\/index.php?rest_route=\/wp\/v2\/product"}],"about":[{"href":"https:\/\/dev.getraenke-center.ch\/index.php?rest_route=\/wp\/v2\/types\/product"}],"wp:featuredmedia":[{"embeddable":true,"href":"https:\/\/dev.getraenke-center.ch\/index.php?rest_route=\/wp\/v2\/media\/769"}],"wp:attachment":[{"href":"https:\/\/dev.getraenke-center.ch\/index.php?rest_route=%2Fwp%2Fv2%2Fmedia&parent=739"}],"wp:term":[{"taxonomy":"product_cat","embeddable":true,"href":"https:\/\/dev.getraenke-center.ch\/index.php?rest_route=%2Fwp%2Fv2%2Fproduct_cat&post=739"},{"taxonomy":"product_tag","embeddable":true,"href":"https:\/\/dev.getraenke-center.ch\/index.php?rest_route=%2Fwp%2Fv2%2Fproduct_tag&post=739"}],"curies":[{"name":"wp","href":"https:\/\/api.w.org\/{rel}","templated":true}]}}