{"id":749,"date":"2024-11-27T12:00:14","date_gmt":"2024-11-27T12:00:14","guid":{"rendered":"https:\/\/dev.getraenke-center.ch\/?post_type=product&#038;p=749"},"modified":"2024-11-27T12:00:17","modified_gmt":"2024-11-27T12:00:17","slug":"mineralwasser-appenzeller-mineral-still-mw-12-x-1-liter","status":"publish","type":"product","link":"https:\/\/dev.getraenke-center.ch\/?product=mineralwasser-appenzeller-mineral-still-mw-12-x-1-liter","title":{"rendered":"Mineralwasser Appenzeller Mineral Still MW 12 x 1 Liter"},"content":{"rendered":"<p>Still ist Mineralwasser ohne Kohlens\u00e4ure. Das Naturprodukt aus den Tiefen des Appenzeller Alpsteins eignet sich dank seinem geringen Gehalt an Mineralien und Spurenelementen hervorragend f\u00fcr Jung und Alt. Lieblich und angenehm im Geschmack ist es ein beliebter Durstl\u00f6scher, mit dem sich der t\u00e4gliche Bedarf an Fl\u00fcssigkeit genussvoll decken l\u00e4sst.<\/p>\n","protected":false},"excerpt":{"rendered":"<p>Preis pro Flasche<\/p>\n<p>Appenzell Mineral Still unterst\u00fctzt auf nat\u00fcrliche Weise das Wohlbefinden und empfiehlt sich besonders f\u00fcr S\u00e4uglinge und Kleinkinder und f\u00fcr Menschen, die sich natriumarm ern\u00e4hren.<\/p>\n","protected":false},"featured_media":779,"template":"","meta":{"_kadence_starter_templates_imported_post":false,"_kad_post_transparent":"","_kad_post_title":"","_kad_post_layout":"","_kad_post_sidebar_id":"","_kad_post_content_style":"","_kad_post_vertical_padding":"","_kad_post_feature":"","_kad_post_feature_position":"","_kad_post_header":false,"_kad_post_footer":false},"product_cat":[40],"product_tag":[41,42,50,67,265,102,179],"class_list":{"0":"post-749","1":"product","2":"type-product","3":"status-publish","4":"has-post-thumbnail","6":"product_cat-mineralwasser","7":"product_tag-erfrischend","8":"product_tag-genuss","9":"product_tag-mineralwasser","10":"product_tag-appenzeller","11":"product_tag-quellwasser","12":"product_tag-rein","13":"product_tag-still","15":"first","16":"instock","17":"taxable","18":"shipping-taxable","19":"purchasable","20":"product-type-simple","21":"entry","22":"content-bg","23":"loop-entry"},"jetpack_sharing_enabled":true,"_links":{"self":[{"href":"https:\/\/dev.getraenke-center.ch\/index.php?rest_route=\/wp\/v2\/product\/749","targetHints":{"allow":["GET"]}}],"collection":[{"href":"https:\/\/dev.getraenke-center.ch\/index.php?rest_route=\/wp\/v2\/product"}],"about":[{"href":"https:\/\/dev.getraenke-center.ch\/index.php?rest_route=\/wp\/v2\/types\/product"}],"wp:featuredmedia":[{"embeddable":true,"href":"https:\/\/dev.getraenke-center.ch\/index.php?rest_route=\/wp\/v2\/media\/779"}],"wp:attachment":[{"href":"https:\/\/dev.getraenke-center.ch\/index.php?rest_route=%2Fwp%2Fv2%2Fmedia&parent=749"}],"wp:term":[{"taxonomy":"product_cat","embeddable":true,"href":"https:\/\/dev.getraenke-center.ch\/index.php?rest_route=%2Fwp%2Fv2%2Fproduct_cat&post=749"},{"taxonomy":"product_tag","embeddable":true,"href":"https:\/\/dev.getraenke-center.ch\/index.php?rest_route=%2Fwp%2Fv2%2Fproduct_tag&post=749"}],"curies":[{"name":"wp","href":"https:\/\/api.w.org\/{rel}","templated":true}]}}