{"id":759,"date":"2024-11-27T12:00:14","date_gmt":"2024-11-27T12:00:14","guid":{"rendered":"https:\/\/dev.getraenke-center.ch\/?post_type=product&#038;p=759"},"modified":"2024-11-27T12:00:19","modified_gmt":"2024-11-27T12:00:19","slug":"mineralwasser-eptinger-gruen-wenig-co2-mw-20-x-050-liter","status":"publish","type":"product","link":"https:\/\/dev.getraenke-center.ch\/?product=mineralwasser-eptinger-gruen-wenig-co2-mw-20-x-050-liter","title":{"rendered":"Mineralwasser Eptinger gr\u00fcn wenig CO2 MW 20 x 0,50 Liter"},"content":{"rendered":"<p>Preis pro Flasche<\/p>\n<p>Das leicht kohlens\u00e4urehaltige Mineralwasser ist ideal f\u00fcr alle, die es gerne feinperlig und belebend m\u00f6gen. Eptinger eignet sich f\u00fcr eine natriumarme Ern\u00e4hrung und ist frei von jeglichen Schadstoffen, wie Uran oder Nitrat und ist zugleich das Schweizer Mineralwasser mit den meisten Mineralien.<\/p>\n","protected":false},"excerpt":{"rendered":"<p>EPTINGER \u2013 Der beste Freund Ihrer Gesundheit.<\/p>\n","protected":false},"featured_media":789,"template":"","meta":{"_kadence_starter_templates_imported_post":false,"_kad_post_transparent":"","_kad_post_title":"","_kad_post_layout":"","_kad_post_sidebar_id":"","_kad_post_content_style":"","_kad_post_vertical_padding":"","_kad_post_feature":"","_kad_post_feature_position":"","_kad_post_header":false,"_kad_post_footer":false},"product_cat":[54],"product_tag":[161,42,122,269,100,118],"class_list":{"0":"post-759","1":"product","2":"type-product","3":"status-publish","4":"has-post-thumbnail","6":"product_cat-mineralwasser-mit-geschmack","7":"product_tag-erfrischungsgetraenk","8":"product_tag-genuss","9":"product_tag-sanft","10":"product_tag-dezente-kohlensaeure","11":"product_tag-eptinger","12":"product_tag-gruen-wenig-co2","14":"first","15":"instock","16":"taxable","17":"shipping-taxable","18":"purchasable","19":"product-type-simple","20":"entry","21":"content-bg","22":"loop-entry"},"jetpack_sharing_enabled":true,"_links":{"self":[{"href":"https:\/\/dev.getraenke-center.ch\/index.php?rest_route=\/wp\/v2\/product\/759","targetHints":{"allow":["GET"]}}],"collection":[{"href":"https:\/\/dev.getraenke-center.ch\/index.php?rest_route=\/wp\/v2\/product"}],"about":[{"href":"https:\/\/dev.getraenke-center.ch\/index.php?rest_route=\/wp\/v2\/types\/product"}],"wp:featuredmedia":[{"embeddable":true,"href":"https:\/\/dev.getraenke-center.ch\/index.php?rest_route=\/wp\/v2\/media\/789"}],"wp:attachment":[{"href":"https:\/\/dev.getraenke-center.ch\/index.php?rest_route=%2Fwp%2Fv2%2Fmedia&parent=759"}],"wp:term":[{"taxonomy":"product_cat","embeddable":true,"href":"https:\/\/dev.getraenke-center.ch\/index.php?rest_route=%2Fwp%2Fv2%2Fproduct_cat&post=759"},{"taxonomy":"product_tag","embeddable":true,"href":"https:\/\/dev.getraenke-center.ch\/index.php?rest_route=%2Fwp%2Fv2%2Fproduct_tag&post=759"}],"curies":[{"name":"wp","href":"https:\/\/api.w.org\/{rel}","templated":true}]}}