{"id":792,"date":"2024-11-27T12:00:20","date_gmt":"2024-11-27T12:00:20","guid":{"rendered":"https:\/\/dev.getraenke-center.ch\/?post_type=product&#038;p=792"},"modified":"2024-11-27T12:00:21","modified_gmt":"2024-11-27T12:00:21","slug":"mineralwasser-lurisia-water-ohne-co2-mw-24-x-033-liter","status":"publish","type":"product","link":"https:\/\/dev.getraenke-center.ch\/?product=mineralwasser-lurisia-water-ohne-co2-mw-24-x-033-liter","title":{"rendered":"Mineralwasser Lurisia Water ohne CO2 MW 24 x 0,33 Liter"},"content":{"rendered":"<p>Das Wasser von BOLLE STILLE stammt aus den ligurischen Alpen, in einer ruhigen und unber\u00fchrten Naturumgebung. Alles was Sie tun m\u00fcssen, ist es zu trinken.<\/p>\n<p>Es ist leicht, geh\u00f6rt zu den Gew\u00e4ssern mit den geringsten Feststoffr\u00fcckst\u00e4nden in Italien und ist f\u00fcr eine natriumarme Ern\u00e4hrung geeignet.<\/p>\n<p>Dank der enthaltenen Mineralien hat es einen perfekt ausgewogenen und neutralen Geschmack, der es besonders geeignet macht, die gesamte Mahlzeit zu begleiten und jeden Geschmack hervorzuheben.<\/p>\n","protected":false},"excerpt":{"rendered":"<p>Preis pro Flasche<\/p>\n<p>Lurisia Water ohne CO2 &#8211; Die nat\u00fcrliche Quelle, ohne Sprudel, f\u00fcr einen reinen Genuss<\/p>\n","protected":false},"featured_media":822,"template":"","meta":{"_kadence_starter_templates_imported_post":false,"_kad_post_transparent":"","_kad_post_title":"","_kad_post_layout":"","_kad_post_sidebar_id":"","_kad_post_content_style":"","_kad_post_vertical_padding":"","_kad_post_feature":"","_kad_post_feature_position":"","_kad_post_header":false,"_kad_post_footer":false},"product_cat":[40],"product_tag":[42,72,271,46,265,102,272],"class_list":{"0":"post-792","1":"product","2":"type-product","3":"status-publish","4":"has-post-thumbnail","6":"product_cat-mineralwasser","7":"product_tag-genuss","8":"product_tag-klar","9":"product_tag-lurisia","10":"product_tag-ohne-co2","11":"product_tag-quellwasser","12":"product_tag-rein","13":"product_tag-water","15":"first","16":"instock","17":"taxable","18":"shipping-taxable","19":"purchasable","20":"product-type-simple","21":"entry","22":"content-bg","23":"loop-entry"},"jetpack_sharing_enabled":true,"_links":{"self":[{"href":"https:\/\/dev.getraenke-center.ch\/index.php?rest_route=\/wp\/v2\/product\/792","targetHints":{"allow":["GET"]}}],"collection":[{"href":"https:\/\/dev.getraenke-center.ch\/index.php?rest_route=\/wp\/v2\/product"}],"about":[{"href":"https:\/\/dev.getraenke-center.ch\/index.php?rest_route=\/wp\/v2\/types\/product"}],"wp:featuredmedia":[{"embeddable":true,"href":"https:\/\/dev.getraenke-center.ch\/index.php?rest_route=\/wp\/v2\/media\/822"}],"wp:attachment":[{"href":"https:\/\/dev.getraenke-center.ch\/index.php?rest_route=%2Fwp%2Fv2%2Fmedia&parent=792"}],"wp:term":[{"taxonomy":"product_cat","embeddable":true,"href":"https:\/\/dev.getraenke-center.ch\/index.php?rest_route=%2Fwp%2Fv2%2Fproduct_cat&post=792"},{"taxonomy":"product_tag","embeddable":true,"href":"https:\/\/dev.getraenke-center.ch\/index.php?rest_route=%2Fwp%2Fv2%2Fproduct_tag&post=792"}],"curies":[{"name":"wp","href":"https:\/\/api.w.org\/{rel}","templated":true}]}}