{"id":795,"date":"2024-11-27T12:00:20","date_gmt":"2024-11-27T12:00:20","guid":{"rendered":"https:\/\/dev.getraenke-center.ch\/?post_type=product&#038;p=795"},"modified":"2024-11-27T12:00:21","modified_gmt":"2024-11-27T12:00:21","slug":"mineralwasser-perrier-ew-pet-6-x-050-liter","status":"publish","type":"product","link":"https:\/\/dev.getraenke-center.ch\/?product=mineralwasser-perrier-ew-pet-6-x-050-liter","title":{"rendered":"Mineralwasser Perrier EW PET 6 x 0,50 Liter"},"content":{"rendered":"<p>\u201ePerrier\u201c \u2013 Ein hochmineralisches Premiumwasser, das im S\u00fcden Frankreichs im Tal der Vogesen hergestellt wird. Die Quelle \u201eLes Bouillens\u201c war seit der Antike f\u00fcr ihre heilenden Eigenschaften bekannt. Wasser hat eine au\u00dfergew\u00f6hnliche bakteriologische Reinheit und karbonisiert (karbonisiert) nat\u00fcrliche unterirdische vulkanische Gase. Dieses erfrischende, belebende Getr\u00e4nk mit moderaten Mengen an Mineralien (Kalzium, Natrium, Magnesium, Kalium) enth\u00e4lt keine Konservierungsstoffe und Zucker und f\u00f6rdert die Verdauung. Die heilenden Eigenschaften von Wasser wurden von der Franz\u00f6sischen Akademie f\u00fcr Medizin anerkannt. Wasser \u201ePerrier\u201c, abgef\u00fcllt in der einzigartigen Form einer gr\u00fcnen Flasche, ist auf der ganzen Welt zum Synonym f\u00fcr einen gesunden Lebensstil geworden. Mehr: https:\/\/winestyleonline.com<\/p>\n","protected":false},"excerpt":{"rendered":"<p>Preis pro Flasche<\/p>\n<p>Perrier Mineralwasser ist ein spritziges und erfrischendes Wasser mit nat\u00fcrlicher Kohlens\u00e4ure.<\/p>\n","protected":false},"featured_media":825,"template":"","meta":{"_kadence_starter_templates_imported_post":false,"_kad_post_transparent":"","_kad_post_title":"","_kad_post_layout":"","_kad_post_sidebar_id":"","_kad_post_content_style":"","_kad_post_vertical_padding":"","_kad_post_feature":"","_kad_post_feature_position":"","_kad_post_header":false,"_kad_post_footer":false},"product_cat":[54],"product_tag":[41,42,50,58,274,275],"class_list":{"0":"post-795","1":"product","2":"type-product","3":"status-publish","4":"has-post-thumbnail","6":"product_cat-mineralwasser-mit-geschmack","7":"product_tag-erfrischend","8":"product_tag-genuss","9":"product_tag-mineralwasser","10":"product_tag-spritzig","11":"product_tag-perrier","12":"product_tag-quellfrische","14":"first","15":"instock","16":"taxable","17":"shipping-taxable","18":"purchasable","19":"product-type-simple","20":"entry","21":"content-bg","22":"loop-entry"},"jetpack_sharing_enabled":true,"_links":{"self":[{"href":"https:\/\/dev.getraenke-center.ch\/index.php?rest_route=\/wp\/v2\/product\/795","targetHints":{"allow":["GET"]}}],"collection":[{"href":"https:\/\/dev.getraenke-center.ch\/index.php?rest_route=\/wp\/v2\/product"}],"about":[{"href":"https:\/\/dev.getraenke-center.ch\/index.php?rest_route=\/wp\/v2\/types\/product"}],"wp:featuredmedia":[{"embeddable":true,"href":"https:\/\/dev.getraenke-center.ch\/index.php?rest_route=\/wp\/v2\/media\/825"}],"wp:attachment":[{"href":"https:\/\/dev.getraenke-center.ch\/index.php?rest_route=%2Fwp%2Fv2%2Fmedia&parent=795"}],"wp:term":[{"taxonomy":"product_cat","embeddable":true,"href":"https:\/\/dev.getraenke-center.ch\/index.php?rest_route=%2Fwp%2Fv2%2Fproduct_cat&post=795"},{"taxonomy":"product_tag","embeddable":true,"href":"https:\/\/dev.getraenke-center.ch\/index.php?rest_route=%2Fwp%2Fv2%2Fproduct_tag&post=795"}],"curies":[{"name":"wp","href":"https:\/\/api.w.org\/{rel}","templated":true}]}}