{"id":799,"date":"2024-11-27T12:00:20","date_gmt":"2024-11-27T12:00:20","guid":{"rendered":"https:\/\/dev.getraenke-center.ch\/?post_type=product&#038;p=799"},"modified":"2024-11-27T12:00:23","modified_gmt":"2024-11-27T12:00:23","slug":"mineralwasser-rhaezuenser-mit-co2-mw-24-x-035-liter","status":"publish","type":"product","link":"https:\/\/dev.getraenke-center.ch\/?product=mineralwasser-rhaezuenser-mit-co2-mw-24-x-035-liter","title":{"rendered":"Mineralwasser Rh\u00e4z\u00fcnser mit CO2 MW 24 x 0,35 Liter"},"content":{"rendered":"<p>Rund 18 Jahre durchl\u00e4uft Rh\u00e4z\u00fcnser die Gesteinsschichten der B\u00fcndner Berge. Das Ergebnis ist ein Mineralwasser mit hoher Mineralisierung. Vor allem der Gehalt an Hydrogencarbonat ist besonders ausgepr\u00e4gt. Rh\u00e4z\u00fcnser Mineralwasser ist dadurch Quelle nat\u00fcrlicher Mineralien. Ausschliesslich angenehm prickelnd erh\u00e4ltlich.<\/p>\n","protected":false},"excerpt":{"rendered":"<p>Preis pro Flasche<\/p>\n<p>Mineralwasser aus den B\u00fcndner Bergen<\/p>\n","protected":false},"featured_media":830,"template":"","meta":{"_kadence_starter_templates_imported_post":false,"_kad_post_transparent":"","_kad_post_title":"","_kad_post_layout":"","_kad_post_sidebar_id":"","_kad_post_content_style":"","_kad_post_vertical_padding":"","_kad_post_feature":"","_kad_post_feature_position":"","_kad_post_header":false,"_kad_post_footer":false},"product_cat":[54],"product_tag":[41,42,50,58,156,155],"class_list":{"0":"post-799","1":"product","2":"type-product","3":"status-publish","4":"has-post-thumbnail","6":"product_cat-mineralwasser-mit-geschmack","7":"product_tag-erfrischend","8":"product_tag-genuss","9":"product_tag-mineralwasser","10":"product_tag-spritzig","11":"product_tag-mit-co2","12":"product_tag-rhaezuenser","14":"first","15":"instock","16":"taxable","17":"shipping-taxable","18":"purchasable","19":"product-type-simple","20":"entry","21":"content-bg","22":"loop-entry"},"jetpack_sharing_enabled":true,"_links":{"self":[{"href":"https:\/\/dev.getraenke-center.ch\/index.php?rest_route=\/wp\/v2\/product\/799","targetHints":{"allow":["GET"]}}],"collection":[{"href":"https:\/\/dev.getraenke-center.ch\/index.php?rest_route=\/wp\/v2\/product"}],"about":[{"href":"https:\/\/dev.getraenke-center.ch\/index.php?rest_route=\/wp\/v2\/types\/product"}],"wp:featuredmedia":[{"embeddable":true,"href":"https:\/\/dev.getraenke-center.ch\/index.php?rest_route=\/wp\/v2\/media\/830"}],"wp:attachment":[{"href":"https:\/\/dev.getraenke-center.ch\/index.php?rest_route=%2Fwp%2Fv2%2Fmedia&parent=799"}],"wp:term":[{"taxonomy":"product_cat","embeddable":true,"href":"https:\/\/dev.getraenke-center.ch\/index.php?rest_route=%2Fwp%2Fv2%2Fproduct_cat&post=799"},{"taxonomy":"product_tag","embeddable":true,"href":"https:\/\/dev.getraenke-center.ch\/index.php?rest_route=%2Fwp%2Fv2%2Fproduct_tag&post=799"}],"curies":[{"name":"wp","href":"https:\/\/api.w.org\/{rel}","templated":true}]}}