{"id":80,"date":"2024-11-27T11:58:51","date_gmt":"2024-11-27T11:58:51","guid":{"rendered":"https:\/\/dev.getraenke-center.ch\/?post_type=product&#038;p=80"},"modified":"2024-11-27T11:58:56","modified_gmt":"2024-11-27T11:58:56","slug":"adelbodner-wasser-prinkled-pet-6-x-1-5-liter","status":"publish","type":"product","link":"https:\/\/dev.getraenke-center.ch\/?product=adelbodner-wasser-prinkled-pet-6-x-1-5-liter","title":{"rendered":"Adelbodner Wasser, Prinkled, PET &#8211; 6 x 1.5 Liter"},"content":{"rendered":"<p>Adelbodner Prinkled ist ein sprudelndes Mineralwasser, das durch seine feine Kohlens\u00e4ure und ausgewogene Mineralisierung besticht. Dieses Erfrischungsgetr\u00e4nk ist perfekt f\u00fcr diejenigen, die eine belebende Alternative zu stillem Wasser suchen, ohne dabei auf nat\u00fcrliche Reinheit zu verzichten. Mit seinem klaren, frischen Geschmack und der belebenden Kohlens\u00e4ure ist Adelbodner Prinkled ideal, um den Durst auf eine spritzige Art zu stillen, egal ob zu Hause, im B\u00fcro oder unterwegs. Es ist die perfekte Begleitung zu Mahlzeiten oder einfach f\u00fcr einen Moment der Erfrischung zwischendurch.<\/p>\n","protected":false},"excerpt":{"rendered":"<p>Preis pro Flasche<\/p>\n<p>Adelbodner Prinkled ist ein erfrischendes, prickelndes Getr\u00e4nk mit feiner Mineralisierung, das f\u00fcr eine spritzige Erfrischung sorgt.<\/p>\n<p>&nbsp;<\/p>\n","protected":false},"featured_media":118,"template":"","meta":{"_kadence_starter_templates_imported_post":false,"_kad_post_transparent":"","_kad_post_title":"","_kad_post_layout":"","_kad_post_sidebar_id":"","_kad_post_content_style":"","_kad_post_vertical_padding":"","_kad_post_feature":"","_kad_post_feature_position":"","_kad_post_header":false,"_kad_post_footer":false},"product_cat":[54],"product_tag":[55,41,42,50,56,57,58,44,59,60,61,62,47],"class_list":{"0":"post-80","1":"product","2":"type-product","3":"status-publish","4":"has-post-thumbnail","6":"product_cat-mineralwasser-mit-geschmack","7":"product_tag-belebend","8":"product_tag-erfrischend","9":"product_tag-genuss","10":"product_tag-mineralwasser","11":"product_tag-natuerlich","12":"product_tag-prickelnd","13":"product_tag-spritzig","14":"product_tag-adelbodner","15":"product_tag-ausgewogene-mineralisierung","16":"product_tag-durstloescher","17":"product_tag-klarer-geschmack","18":"product_tag-kohlensaeure","19":"product_tag-wasser","21":"first","22":"instock","23":"purchasable","24":"product-type-simple","25":"entry","26":"content-bg","27":"loop-entry"},"jetpack_sharing_enabled":true,"_links":{"self":[{"href":"https:\/\/dev.getraenke-center.ch\/index.php?rest_route=\/wp\/v2\/product\/80","targetHints":{"allow":["GET"]}}],"collection":[{"href":"https:\/\/dev.getraenke-center.ch\/index.php?rest_route=\/wp\/v2\/product"}],"about":[{"href":"https:\/\/dev.getraenke-center.ch\/index.php?rest_route=\/wp\/v2\/types\/product"}],"wp:featuredmedia":[{"embeddable":true,"href":"https:\/\/dev.getraenke-center.ch\/index.php?rest_route=\/wp\/v2\/media\/118"}],"wp:attachment":[{"href":"https:\/\/dev.getraenke-center.ch\/index.php?rest_route=%2Fwp%2Fv2%2Fmedia&parent=80"}],"wp:term":[{"taxonomy":"product_cat","embeddable":true,"href":"https:\/\/dev.getraenke-center.ch\/index.php?rest_route=%2Fwp%2Fv2%2Fproduct_cat&post=80"},{"taxonomy":"product_tag","embeddable":true,"href":"https:\/\/dev.getraenke-center.ch\/index.php?rest_route=%2Fwp%2Fv2%2Fproduct_tag&post=80"}],"curies":[{"name":"wp","href":"https:\/\/api.w.org\/{rel}","templated":true}]}}