{"id":801,"date":"2024-11-27T12:00:20","date_gmt":"2024-11-27T12:00:20","guid":{"rendered":"https:\/\/dev.getraenke-center.ch\/?post_type=product&#038;p=801"},"modified":"2024-11-27T12:00:23","modified_gmt":"2024-11-27T12:00:23","slug":"mineralwasser-volvic-ohne-co2-ew-pet-6-x-15-liter","status":"publish","type":"product","link":"https:\/\/dev.getraenke-center.ch\/?product=mineralwasser-volvic-ohne-co2-ew-pet-6-x-15-liter","title":{"rendered":"Mineralwasser Volvic ohne CO2 EW PET 6 x 1,5 Liter"},"content":{"rendered":"<p>Volvic Naturelle stammt aus einem der gr\u00f6\u00dften Naturschutzgebiete Europas. \u00dcber Jahre hinweg wird es durch sechs vulkanische Gesteinsschichten gefiltert.<\/p>\n<p>Volvic Naturelle ist f\u00fcr die Zubereitung von Babynahrung geeignet. Das best\u00e4tigen die regelm\u00e4\u00dfigen Kontrollen des SGS INSTITUT FRESENIUS.<\/p>\n","protected":false},"excerpt":{"rendered":"<p>Preis pro Flasche<\/p>\n<p>Volvic ohne CO2 &#8211; Nat\u00fcrliche Frische, ganz ohne Kohlens\u00e4ure.<\/p>\n","protected":false},"featured_media":833,"template":"","meta":{"_kadence_starter_templates_imported_post":false,"_kad_post_transparent":"","_kad_post_title":"","_kad_post_layout":"","_kad_post_sidebar_id":"","_kad_post_content_style":"","_kad_post_vertical_padding":"","_kad_post_feature":"","_kad_post_feature_position":"","_kad_post_header":false,"_kad_post_footer":false},"product_cat":[40],"product_tag":[161,277,46,265,183],"class_list":{"0":"post-801","1":"product","2":"type-product","3":"status-publish","4":"has-post-thumbnail","6":"product_cat-mineralwasser","7":"product_tag-erfrischungsgetraenk","8":"product_tag-natuerliche-frische","9":"product_tag-ohne-co2","10":"product_tag-quellwasser","11":"product_tag-volvic","13":"first","14":"instock","15":"taxable","16":"shipping-taxable","17":"purchasable","18":"product-type-simple","19":"entry","20":"content-bg","21":"loop-entry"},"jetpack_sharing_enabled":true,"_links":{"self":[{"href":"https:\/\/dev.getraenke-center.ch\/index.php?rest_route=\/wp\/v2\/product\/801","targetHints":{"allow":["GET"]}}],"collection":[{"href":"https:\/\/dev.getraenke-center.ch\/index.php?rest_route=\/wp\/v2\/product"}],"about":[{"href":"https:\/\/dev.getraenke-center.ch\/index.php?rest_route=\/wp\/v2\/types\/product"}],"wp:featuredmedia":[{"embeddable":true,"href":"https:\/\/dev.getraenke-center.ch\/index.php?rest_route=\/wp\/v2\/media\/833"}],"wp:attachment":[{"href":"https:\/\/dev.getraenke-center.ch\/index.php?rest_route=%2Fwp%2Fv2%2Fmedia&parent=801"}],"wp:term":[{"taxonomy":"product_cat","embeddable":true,"href":"https:\/\/dev.getraenke-center.ch\/index.php?rest_route=%2Fwp%2Fv2%2Fproduct_cat&post=801"},{"taxonomy":"product_tag","embeddable":true,"href":"https:\/\/dev.getraenke-center.ch\/index.php?rest_route=%2Fwp%2Fv2%2Fproduct_tag&post=801"}],"curies":[{"name":"wp","href":"https:\/\/api.w.org\/{rel}","templated":true}]}}