{"id":803,"date":"2024-11-27T12:00:20","date_gmt":"2024-11-27T12:00:20","guid":{"rendered":"https:\/\/dev.getraenke-center.ch\/?post_type=product&#038;p=803"},"modified":"2024-11-27T12:00:23","modified_gmt":"2024-11-27T12:00:23","slug":"erfrischungsgetraenk-coca-cola-dose-6-x-033-liter","status":"publish","type":"product","link":"https:\/\/dev.getraenke-center.ch\/?product=erfrischungsgetraenk-coca-cola-dose-6-x-033-liter","title":{"rendered":"Erfrischungsgetr\u00e4nk Coca-Cola Dose 6 x 0,33 Liter"},"content":{"rendered":"<h3>N\u00e4hrwertdeklaration per<\/h3>\n<div class=\"tablesaw-bar mode-stack\"><\/div>\n<table id=\"table-6760\" class=\"tablesaw t-even-cols tablesaw-stack\" data-mode=\"stack\">\n<tbody>\n<tr class=\"odd\">\n<th><\/th>\n<th>100ml<\/th>\n<th>250ml<\/th>\n<th><\/th>\n<\/tr>\n<tr>\n<td class=\"valign-t\">Brennwert<\/td>\n<td class=\"valign-t\">180 kJ \/ 42 kcal<\/td>\n<td class=\"valign-t\">450 kJ \/ 105 kcal<\/td>\n<td class=\"valign-t\"><\/td>\n<\/tr>\n<tr class=\"odd\">\n<td class=\"valign-t\">Fett<\/td>\n<td class=\"valign-t\">0 g<\/td>\n<td class=\"valign-t\">0 g<\/td>\n<td class=\"valign-t\"><\/td>\n<\/tr>\n<tr>\n<td class=\"valign-t\">davon ges\u00e4ttigte Fetts\u00e4uren<\/td>\n<td class=\"valign-t\">0 g<\/td>\n<td class=\"valign-t\">0 g<\/td>\n<td class=\"valign-t\"><\/td>\n<\/tr>\n<tr class=\"odd\">\n<td class=\"valign-t\">Kohlenhydrate<\/td>\n<td class=\"valign-t\">10,6 g<\/td>\n<td class=\"valign-t\">27 g<\/td>\n<td class=\"valign-t\"><\/td>\n<\/tr>\n<tr>\n<td class=\"valign-t\">davon Zucker<\/td>\n<td class=\"valign-t\">10,6 g<\/td>\n<td class=\"valign-t\">27 g<\/td>\n<td class=\"valign-t\"><\/td>\n<\/tr>\n<tr class=\"odd\">\n<td class=\"valign-t\">Eiwei\u00df<\/td>\n<td class=\"valign-t\">0 g<\/td>\n<td class=\"valign-t\">0 g<\/td>\n<td class=\"valign-t\"><\/td>\n<\/tr>\n<tr>\n<td class=\"valign-t\">Salz<\/td>\n<td class=\"valign-t\">0 g<\/td>\n<td class=\"valign-t\">0 g<\/td>\n<td class=\"valign-t\"><\/td>\n<\/tr>\n<tr class=\"odd\">\n<td class=\"valign-t\" colspan=\"4\"><\/td>\n<\/tr>\n<\/tbody>\n<\/table>\n","protected":false},"excerpt":{"rendered":"<p>Preis pro Flasche<\/p>\n<p>Koffeinhaltiges Erfrischungsgetr\u00e4nk.<\/p>\n<p>Wasser, Zucker, Kohlens\u00e4ure, Farbstoff E 150d, S\u00e4uerungsmittel E 338, nat\u00fcrliche Aromen inklusive Koffein.<\/p>\n","protected":false},"featured_media":835,"template":"","meta":{"_kadence_starter_templates_imported_post":false,"_kad_post_transparent":"","_kad_post_title":"","_kad_post_layout":"","_kad_post_sidebar_id":"","_kad_post_content_style":"","_kad_post_vertical_padding":"","_kad_post_feature":"","_kad_post_feature_position":"","_kad_post_header":false,"_kad_post_footer":false},"product_cat":[75],"product_tag":[161,42,58,94,278,279],"class_list":{"0":"post-803","1":"product","2":"type-product","3":"status-publish","4":"has-post-thumbnail","6":"product_cat-getraenke-cola","7":"product_tag-erfrischungsgetraenk","8":"product_tag-genuss","9":"product_tag-spritzig","10":"product_tag-coca-cola","11":"product_tag-gemeinschaft","12":"product_tag-klassiker","14":"first","15":"instock","16":"taxable","17":"shipping-taxable","18":"purchasable","19":"product-type-simple","20":"entry","21":"content-bg","22":"loop-entry"},"jetpack_sharing_enabled":true,"_links":{"self":[{"href":"https:\/\/dev.getraenke-center.ch\/index.php?rest_route=\/wp\/v2\/product\/803","targetHints":{"allow":["GET"]}}],"collection":[{"href":"https:\/\/dev.getraenke-center.ch\/index.php?rest_route=\/wp\/v2\/product"}],"about":[{"href":"https:\/\/dev.getraenke-center.ch\/index.php?rest_route=\/wp\/v2\/types\/product"}],"wp:featuredmedia":[{"embeddable":true,"href":"https:\/\/dev.getraenke-center.ch\/index.php?rest_route=\/wp\/v2\/media\/835"}],"wp:attachment":[{"href":"https:\/\/dev.getraenke-center.ch\/index.php?rest_route=%2Fwp%2Fv2%2Fmedia&parent=803"}],"wp:term":[{"taxonomy":"product_cat","embeddable":true,"href":"https:\/\/dev.getraenke-center.ch\/index.php?rest_route=%2Fwp%2Fv2%2Fproduct_cat&post=803"},{"taxonomy":"product_tag","embeddable":true,"href":"https:\/\/dev.getraenke-center.ch\/index.php?rest_route=%2Fwp%2Fv2%2Fproduct_tag&post=803"}],"curies":[{"name":"wp","href":"https:\/\/api.w.org\/{rel}","templated":true}]}}