{"id":805,"date":"2024-11-27T12:00:20","date_gmt":"2024-11-27T12:00:20","guid":{"rendered":"https:\/\/dev.getraenke-center.ch\/?post_type=product&#038;p=805"},"modified":"2024-11-27T12:00:24","modified_gmt":"2024-11-27T12:00:24","slug":"erfrischungsgetraenk-coca-cola-ew-pet-12-x-125-liter","status":"publish","type":"product","link":"https:\/\/dev.getraenke-center.ch\/?product=erfrischungsgetraenk-coca-cola-ew-pet-12-x-125-liter","title":{"rendered":"Erfrischungsgetr\u00e4nk Coca-Cola EW PET 12 x 1,25 Liter"},"content":{"rendered":"<p>Erleben Sie den zeitlosen Geschmack von Coca-Cola. Die perfekte Mischung aus spritziger Kohlens\u00e4ure und dem einzigartigen Aroma macht dieses Getr\u00e4nk zu einem unverzichtbaren Begleiter. Ideal f\u00fcr gesellige Runden und Momente reiner Erfrischung.<\/p>\n","protected":false},"excerpt":{"rendered":"<p>Preis pro Flasche<\/p>\n<p>Coca-Cola &#8211; Der erfrischende Klassiker, der seit Generationen den Durst l\u00f6scht.<\/p>\n","protected":false},"featured_media":837,"template":"","meta":{"_kadence_starter_templates_imported_post":false,"_kad_post_transparent":"","_kad_post_title":"","_kad_post_layout":"","_kad_post_sidebar_id":"","_kad_post_content_style":"","_kad_post_vertical_padding":"","_kad_post_feature":"","_kad_post_feature_position":"","_kad_post_header":false,"_kad_post_footer":false},"product_cat":[75],"product_tag":[161,42,58,94,278,279],"class_list":{"0":"post-805","1":"product","2":"type-product","3":"status-publish","4":"has-post-thumbnail","6":"product_cat-getraenke-cola","7":"product_tag-erfrischungsgetraenk","8":"product_tag-genuss","9":"product_tag-spritzig","10":"product_tag-coca-cola","11":"product_tag-gemeinschaft","12":"product_tag-klassiker","14":"first","15":"instock","16":"taxable","17":"shipping-taxable","18":"purchasable","19":"product-type-simple","20":"entry","21":"content-bg","22":"loop-entry"},"jetpack_sharing_enabled":true,"_links":{"self":[{"href":"https:\/\/dev.getraenke-center.ch\/index.php?rest_route=\/wp\/v2\/product\/805","targetHints":{"allow":["GET"]}}],"collection":[{"href":"https:\/\/dev.getraenke-center.ch\/index.php?rest_route=\/wp\/v2\/product"}],"about":[{"href":"https:\/\/dev.getraenke-center.ch\/index.php?rest_route=\/wp\/v2\/types\/product"}],"wp:featuredmedia":[{"embeddable":true,"href":"https:\/\/dev.getraenke-center.ch\/index.php?rest_route=\/wp\/v2\/media\/837"}],"wp:attachment":[{"href":"https:\/\/dev.getraenke-center.ch\/index.php?rest_route=%2Fwp%2Fv2%2Fmedia&parent=805"}],"wp:term":[{"taxonomy":"product_cat","embeddable":true,"href":"https:\/\/dev.getraenke-center.ch\/index.php?rest_route=%2Fwp%2Fv2%2Fproduct_cat&post=805"},{"taxonomy":"product_tag","embeddable":true,"href":"https:\/\/dev.getraenke-center.ch\/index.php?rest_route=%2Fwp%2Fv2%2Fproduct_tag&post=805"}],"curies":[{"name":"wp","href":"https:\/\/api.w.org\/{rel}","templated":true}]}}