{"id":806,"date":"2024-11-27T12:00:20","date_gmt":"2024-11-27T12:00:20","guid":{"rendered":"https:\/\/dev.getraenke-center.ch\/?post_type=product&#038;p=806"},"modified":"2024-11-27T12:00:24","modified_gmt":"2024-11-27T12:00:24","slug":"erfrischungsgetraenk-coca-cola-zero-ew-pet-6-x-050-liter","status":"publish","type":"product","link":"https:\/\/dev.getraenke-center.ch\/?product=erfrischungsgetraenk-coca-cola-zero-ew-pet-6-x-050-liter","title":{"rendered":"Erfrischungsgetr\u00e4nk Coca-Cola zero EW PET 6 x 0,50 Liter"},"content":{"rendered":"<h3>N\u00e4hrwertdeklaration per<\/h3>\n<div class=\"tablesaw-bar mode-stack\"><\/div>\n<table id=\"table-2642\" class=\"tablesaw t-even-cols tablesaw-stack\" data-mode=\"stack\">\n<tbody>\n<tr class=\"odd\">\n<th><\/th>\n<th>100ml<\/th>\n<th>250ml<\/th>\n<th><\/th>\n<\/tr>\n<tr>\n<td class=\"valign-t\">Brennwert<\/td>\n<td class=\"valign-t\">0,9 kJ \/ 0,2 kcal<\/td>\n<td class=\"valign-t\">2,3 kJ \/ 1 kcal<\/td>\n<td class=\"valign-t\"><\/td>\n<\/tr>\n<tr class=\"odd\">\n<td class=\"valign-t\">Fett<\/td>\n<td class=\"valign-t\">0 g<\/td>\n<td class=\"valign-t\">0 g<\/td>\n<td class=\"valign-t\"><\/td>\n<\/tr>\n<tr>\n<td class=\"valign-t\">davon ges\u00e4ttigte Fetts\u00e4uren<\/td>\n<td class=\"valign-t\">0 g<\/td>\n<td class=\"valign-t\">0 g<\/td>\n<td class=\"valign-t\"><\/td>\n<\/tr>\n<tr class=\"odd\">\n<td class=\"valign-t\">Kohlenhydrate<\/td>\n<td class=\"valign-t\">0 g<\/td>\n<td class=\"valign-t\">0 g<\/td>\n<td class=\"valign-t\"><\/td>\n<\/tr>\n<tr>\n<td class=\"valign-t\">davon Zucker<\/td>\n<td class=\"valign-t\">0 g<\/td>\n<td class=\"valign-t\">0 g<\/td>\n<td class=\"valign-t\"><\/td>\n<\/tr>\n<tr class=\"odd\">\n<td class=\"valign-t\">Eiwei\u00df<\/td>\n<td class=\"valign-t\">0 g<\/td>\n<td class=\"valign-t\">0 g<\/td>\n<td class=\"valign-t\"><\/td>\n<\/tr>\n<tr>\n<td class=\"valign-t\">Salz<\/td>\n<td class=\"valign-t\">0,02 g<\/td>\n<td class=\"valign-t\">0,05 g<\/td>\n<td class=\"valign-t\"><\/td>\n<\/tr>\n<tr class=\"odd\">\n<td class=\"valign-t\" colspan=\"4\"><\/td>\n<\/tr>\n<\/tbody>\n<\/table>\n","protected":false},"excerpt":{"rendered":"<p>Preis pro Flasche<\/p>\n<p>Kalorienfreies Cola-Erfrischungsgetr\u00e4nk. Mit S\u00fc\u00dfungsmitteln.<\/p>\n<p>Wasser, Kohlens\u00e4ure, Farbstoff E 150d, S\u00fc\u00dfungsmittel Cyclamat, Acesulfam-K und Aspartam, S\u00e4uerungsmittel E 338 und Natriumcitrate, nat\u00fcrliche Aromen inklusive Koffein.<\/p>\n","protected":false},"featured_media":838,"template":"","meta":{"_kadence_starter_templates_imported_post":false,"_kad_post_transparent":"","_kad_post_title":"","_kad_post_layout":"","_kad_post_sidebar_id":"","_kad_post_content_style":"","_kad_post_vertical_padding":"","_kad_post_feature":"","_kad_post_feature_position":"","_kad_post_header":false,"_kad_post_footer":false},"product_cat":[96],"product_tag":[161,42,58,76,280,79],"class_list":{"0":"post-806","1":"product","2":"type-product","3":"status-publish","4":"has-post-thumbnail","6":"product_cat-getraenke-citro","7":"product_tag-erfrischungsgetraenk","8":"product_tag-genuss","9":"product_tag-spritzig","10":"product_tag-coca-cola-zero","11":"product_tag-null-kalorien","12":"product_tag-zuckerfrei","14":"first","15":"instock","16":"taxable","17":"shipping-taxable","18":"purchasable","19":"product-type-simple","20":"entry","21":"content-bg","22":"loop-entry"},"jetpack_sharing_enabled":true,"_links":{"self":[{"href":"https:\/\/dev.getraenke-center.ch\/index.php?rest_route=\/wp\/v2\/product\/806","targetHints":{"allow":["GET"]}}],"collection":[{"href":"https:\/\/dev.getraenke-center.ch\/index.php?rest_route=\/wp\/v2\/product"}],"about":[{"href":"https:\/\/dev.getraenke-center.ch\/index.php?rest_route=\/wp\/v2\/types\/product"}],"wp:featuredmedia":[{"embeddable":true,"href":"https:\/\/dev.getraenke-center.ch\/index.php?rest_route=\/wp\/v2\/media\/838"}],"wp:attachment":[{"href":"https:\/\/dev.getraenke-center.ch\/index.php?rest_route=%2Fwp%2Fv2%2Fmedia&parent=806"}],"wp:term":[{"taxonomy":"product_cat","embeddable":true,"href":"https:\/\/dev.getraenke-center.ch\/index.php?rest_route=%2Fwp%2Fv2%2Fproduct_cat&post=806"},{"taxonomy":"product_tag","embeddable":true,"href":"https:\/\/dev.getraenke-center.ch\/index.php?rest_route=%2Fwp%2Fv2%2Fproduct_tag&post=806"}],"curies":[{"name":"wp","href":"https:\/\/api.w.org\/{rel}","templated":true}]}}