{"id":812,"date":"2024-11-27T12:00:20","date_gmt":"2024-11-27T12:00:20","guid":{"rendered":"https:\/\/dev.getraenke-center.ch\/?post_type=product&#038;p=812"},"modified":"2024-11-27T12:00:25","modified_gmt":"2024-11-27T12:00:25","slug":"erfrischungsgetraenk-pepita-citro-mw-12-x-1-liter","status":"publish","type":"product","link":"https:\/\/dev.getraenke-center.ch\/?product=erfrischungsgetraenk-pepita-citro-mw-12-x-1-liter","title":{"rendered":"Erfrischungsgetr\u00e4nk Pepita Citro MW 12 x 1 Liter"},"content":{"rendered":"<p>Im Oberbaselbiet ist Sissa ein bekannter Begriff. Er steht f\u00fcr das Citrusgetr\u00e4nk, welches \u00fcberall erh\u00e4ltlich war und t\u00e4glich \u00fcber die Restauranttheke gereicht wurde. Heute ist die Traditionsmarke an die Marke Pepita angeschlossen und heisst Pepita Citro. Ein eleganter Zitronenvogel ziert das Etikett und l\u00e4sst die Limonade attraktiv und verlockend erscheinen. Genauso ist der Geschmack: ausgezeichnet und frisch \u2013 einfach zitronig.<\/p>\n","protected":false},"excerpt":{"rendered":"<p>Preis pro Flasche<\/p>\n<p>Erlebe den erfrischenden Geschmack von Pepita Citro &#8211; Das perfekte Erfrischungsgetr\u00e4nk f\u00fcr jede Gelegenheit<\/p>\n","protected":false},"featured_media":844,"template":"","meta":{"_kadence_starter_templates_imported_post":false,"_kad_post_transparent":"","_kad_post_title":"","_kad_post_layout":"","_kad_post_sidebar_id":"","_kad_post_content_style":"","_kad_post_vertical_padding":"","_kad_post_feature":"","_kad_post_feature_position":"","_kad_post_header":false,"_kad_post_footer":false},"product_cat":[96],"product_tag":[289,161,42,58,287,249,290],"class_list":{"0":"post-812","1":"product","2":"type-product","3":"status-publish","4":"has-post-thumbnail","6":"product_cat-getraenke-citro","7":"product_tag-energie","8":"product_tag-erfrischungsgetraenk","9":"product_tag-genuss","10":"product_tag-spritzig","11":"product_tag-zitrus","12":"product_tag-entspannung","13":"product_tag-pepita-citro","15":"first","16":"instock","17":"taxable","18":"shipping-taxable","19":"purchasable","20":"product-type-simple","21":"entry","22":"content-bg","23":"loop-entry"},"jetpack_sharing_enabled":true,"_links":{"self":[{"href":"https:\/\/dev.getraenke-center.ch\/index.php?rest_route=\/wp\/v2\/product\/812","targetHints":{"allow":["GET"]}}],"collection":[{"href":"https:\/\/dev.getraenke-center.ch\/index.php?rest_route=\/wp\/v2\/product"}],"about":[{"href":"https:\/\/dev.getraenke-center.ch\/index.php?rest_route=\/wp\/v2\/types\/product"}],"wp:featuredmedia":[{"embeddable":true,"href":"https:\/\/dev.getraenke-center.ch\/index.php?rest_route=\/wp\/v2\/media\/844"}],"wp:attachment":[{"href":"https:\/\/dev.getraenke-center.ch\/index.php?rest_route=%2Fwp%2Fv2%2Fmedia&parent=812"}],"wp:term":[{"taxonomy":"product_cat","embeddable":true,"href":"https:\/\/dev.getraenke-center.ch\/index.php?rest_route=%2Fwp%2Fv2%2Fproduct_cat&post=812"},{"taxonomy":"product_tag","embeddable":true,"href":"https:\/\/dev.getraenke-center.ch\/index.php?rest_route=%2Fwp%2Fv2%2Fproduct_tag&post=812"}],"curies":[{"name":"wp","href":"https:\/\/api.w.org\/{rel}","templated":true}]}}