{"id":814,"date":"2024-11-27T12:00:20","date_gmt":"2024-11-27T12:00:20","guid":{"rendered":"https:\/\/dev.getraenke-center.ch\/?post_type=product&#038;p=814"},"modified":"2024-11-27T12:00:25","modified_gmt":"2024-11-27T12:00:25","slug":"erfrischungsgetraenk-pepita-orange-mw-24-x-033-liter","status":"publish","type":"product","link":"https:\/\/dev.getraenke-center.ch\/?product=erfrischungsgetraenk-pepita-orange-mw-24-x-033-liter","title":{"rendered":"Erfrischungsgetr\u00e4nk Pepita Orange MW 24 x 0,33 Liter"},"content":{"rendered":"<p>Genauso wie Sissa ist Toco und Orangeta im Oberbaselbiet ein bekannter Begriff. Er steht f\u00fcr das Orangegetr\u00e4nk aus der Region. Heute ist die heitere Traditionsmarke an die Marke Pepita angeschlossen und heisst Pepita Orange.<\/p>\n<p>Kohlens\u00e4urehaltiges Tafelwasser mit 8% Orangensaft. Zutaten: Mineralwasser, Orangensaft aus Konzentrat, Zucker, Kohlens\u00e4ure, S\u00e4uerungsmittel: Citronens\u00e4ure, Konservierungsmittel: Kaliumsorbat, nat\u00fcrliche Aromen, Stabilisatoren: Johannisbrotkernmehl, Pektine, Antioxidationsmittel: Ascorbins\u00e4ure, Farbstoff: Carotine.<\/p>\n","protected":false},"excerpt":{"rendered":"<p>Preis pro Flasche<\/p>\n<p>Mineralquelle Eptingen AG,\u00a0CH-4458 Eptingen<\/p>\n","protected":false},"featured_media":846,"template":"","meta":{"_kadence_starter_templates_imported_post":false,"_kad_post_transparent":"","_kad_post_title":"","_kad_post_layout":"","_kad_post_sidebar_id":"","_kad_post_content_style":"","_kad_post_vertical_padding":"","_kad_post_feature":"","_kad_post_feature_position":"","_kad_post_header":false,"_kad_post_footer":false},"product_cat":[103],"product_tag":[42,234,58,287,291,137,292],"class_list":{"0":"post-814","1":"product","2":"type-product","3":"status-publish","4":"has-post-thumbnail","6":"product_cat-getraenke-orange","7":"product_tag-genuss","8":"product_tag-sommer","9":"product_tag-spritzig","10":"product_tag-zitrus","11":"product_tag-orange-erfrischungsgetraenk","12":"product_tag-pepita","13":"product_tag-sonne","15":"first","16":"instock","17":"taxable","18":"shipping-taxable","19":"purchasable","20":"product-type-simple","21":"entry","22":"content-bg","23":"loop-entry"},"jetpack_sharing_enabled":true,"_links":{"self":[{"href":"https:\/\/dev.getraenke-center.ch\/index.php?rest_route=\/wp\/v2\/product\/814","targetHints":{"allow":["GET"]}}],"collection":[{"href":"https:\/\/dev.getraenke-center.ch\/index.php?rest_route=\/wp\/v2\/product"}],"about":[{"href":"https:\/\/dev.getraenke-center.ch\/index.php?rest_route=\/wp\/v2\/types\/product"}],"wp:featuredmedia":[{"embeddable":true,"href":"https:\/\/dev.getraenke-center.ch\/index.php?rest_route=\/wp\/v2\/media\/846"}],"wp:attachment":[{"href":"https:\/\/dev.getraenke-center.ch\/index.php?rest_route=%2Fwp%2Fv2%2Fmedia&parent=814"}],"wp:term":[{"taxonomy":"product_cat","embeddable":true,"href":"https:\/\/dev.getraenke-center.ch\/index.php?rest_route=%2Fwp%2Fv2%2Fproduct_cat&post=814"},{"taxonomy":"product_tag","embeddable":true,"href":"https:\/\/dev.getraenke-center.ch\/index.php?rest_route=%2Fwp%2Fv2%2Fproduct_tag&post=814"}],"curies":[{"name":"wp","href":"https:\/\/api.w.org\/{rel}","templated":true}]}}