{"id":816,"date":"2024-11-27T12:00:20","date_gmt":"2024-11-27T12:00:20","guid":{"rendered":"https:\/\/dev.getraenke-center.ch\/?post_type=product&#038;p=816"},"modified":"2024-12-16T13:51:12","modified_gmt":"2024-12-16T13:51:12","slug":"erfrischungsgetraenk-rhaezuenser-bergamotte-ew-pet-6-x-150-liter","status":"publish","type":"product","link":"https:\/\/dev.getraenke-center.ch\/?product=erfrischungsgetraenk-rhaezuenser-bergamotte-ew-pet-6-x-150-liter","title":{"rendered":"Erfrischungsgetr\u00e4nk Rh\u00e4z\u00fcnser Bergamotte EW PET 6 x 1,50 Liter"},"content":{"rendered":"<p>Rh\u00e4z\u00fcnser mit nat\u00fcrlichem Bergamottearoma ist f\u00fcr Liebhaber einer besonderen Geschmacksnote. Die Bergamottefrucht ist eine Kreuzung aus Zitronatzitrone und Bitterorange. Der Geschmack ist frisch, lebhaft und von grosser Originalit\u00e4t.<\/p>\n","protected":false},"excerpt":{"rendered":"<p>Preis pro Flasche<\/p>\n<p class=\"tw-text-2xl tw-my-4\"><span class=\"tw-font-bold\">Zutaten:<\/span>Nat\u00fcrliches Rh\u00e4z\u00fcnser Mineralwasser, Zucker, Kohlens\u00e4ure,S\u00e4uerungsmittel Citronens\u00e4ure, nat\u00fcrliches Bergamottearoma,nat\u00fcrliches Aroma<\/p>\n<p class=\"tw-text-2xl tw-my-4\"><span class=\"tw-font-bold\">Allergiker Information:<\/span>Enth\u00e4lt keine Allergene<\/p>\n","protected":false},"featured_media":848,"template":"","meta":{"_kadence_starter_templates_imported_post":false,"_kad_post_transparent":"","_kad_post_title":"","_kad_post_layout":"","_kad_post_sidebar_id":"","_kad_post_content_style":"","_kad_post_vertical_padding":"","_kad_post_feature":"","_kad_post_feature_position":"","_kad_post_header":false,"_kad_post_footer":false},"product_cat":[54],"product_tag":[161,42,234,58,293,294],"class_list":{"0":"post-816","1":"product","2":"type-product","3":"status-publish","4":"has-post-thumbnail","6":"product_cat-mineralwasser-mit-geschmack","7":"product_tag-erfrischungsgetraenk","8":"product_tag-genuss","9":"product_tag-sommer","10":"product_tag-spritzig","11":"product_tag-frische","12":"product_tag-geschmack","14":"first","15":"instock","16":"taxable","17":"shipping-taxable","18":"purchasable","19":"product-type-simple","20":"entry","21":"content-bg","22":"loop-entry"},"jetpack_sharing_enabled":true,"_links":{"self":[{"href":"https:\/\/dev.getraenke-center.ch\/index.php?rest_route=\/wp\/v2\/product\/816","targetHints":{"allow":["GET"]}}],"collection":[{"href":"https:\/\/dev.getraenke-center.ch\/index.php?rest_route=\/wp\/v2\/product"}],"about":[{"href":"https:\/\/dev.getraenke-center.ch\/index.php?rest_route=\/wp\/v2\/types\/product"}],"wp:featuredmedia":[{"embeddable":true,"href":"https:\/\/dev.getraenke-center.ch\/index.php?rest_route=\/wp\/v2\/media\/848"}],"wp:attachment":[{"href":"https:\/\/dev.getraenke-center.ch\/index.php?rest_route=%2Fwp%2Fv2%2Fmedia&parent=816"}],"wp:term":[{"taxonomy":"product_cat","embeddable":true,"href":"https:\/\/dev.getraenke-center.ch\/index.php?rest_route=%2Fwp%2Fv2%2Fproduct_cat&post=816"},{"taxonomy":"product_tag","embeddable":true,"href":"https:\/\/dev.getraenke-center.ch\/index.php?rest_route=%2Fwp%2Fv2%2Fproduct_tag&post=816"}],"curies":[{"name":"wp","href":"https:\/\/api.w.org\/{rel}","templated":true}]}}