{"id":819,"date":"2024-11-27T12:00:20","date_gmt":"2024-11-27T12:00:20","guid":{"rendered":"https:\/\/dev.getraenke-center.ch\/?post_type=product&#038;p=819"},"modified":"2024-11-27T12:00:26","modified_gmt":"2024-11-27T12:00:26","slug":"erfrischungsgetraenk-schweppes-mojito-ew-pet-6-x-050-liter","status":"publish","type":"product","link":"https:\/\/dev.getraenke-center.ch\/?product=erfrischungsgetraenk-schweppes-mojito-ew-pet-6-x-050-liter","title":{"rendered":"Erfrischungsgetr\u00e4nk Schweppes Mojito EW PET 6 x 0,50 Liter"},"content":{"rendered":"<p>Referenzieren Sie das Schweppes Mojito-Getr\u00e4nk: die Frische von Minze und die Intensit\u00e4t von Limette f\u00fcr ein durstl\u00f6schendes kohlens\u00e4urehaltiges Getr\u00e4nk.\u00a0Allein oder in einem Cocktail genossen, erfreut sich diese Limonade gro\u00dfer Beliebtheit und ist dank ihres 50-cl-Formats leicht zu transportieren.\u00a0Dieses Getr\u00e4nk eignet sich ideal zum Mitnehmen und Liefern und ist bei Centrale Ethnique in Verpackungen zu 50 cl x 24 Flaschen pro Ladung erh\u00e4ltlich.<\/p>\n<p>&nbsp;<\/p>\n","protected":false},"excerpt":{"rendered":"<p>Tropisches Flair: Schweppes Mojito &#8211; Der erfrischende Mix f\u00fcr karibisches Lebensgef\u00fchl<\/p>\n","protected":false},"featured_media":851,"template":"","meta":{"_kadence_starter_templates_imported_post":false,"_kad_post_transparent":"","_kad_post_title":"","_kad_post_layout":"","_kad_post_sidebar_id":"","_kad_post_content_style":"","_kad_post_vertical_padding":"","_kad_post_feature":"","_kad_post_feature_position":"","_kad_post_header":false,"_kad_post_footer":false},"product_cat":[96],"product_tag":[161,42,234,299,300,301,182,302,169],"class_list":{"0":"post-819","1":"product","2":"type-product","3":"status-publish","4":"has-post-thumbnail","6":"product_cat-getraenke-citro","7":"product_tag-erfrischungsgetraenk","8":"product_tag-genuss","9":"product_tag-sommer","10":"product_tag-cocktail","11":"product_tag-karibik","12":"product_tag-limette","13":"product_tag-minze","14":"product_tag-mojito","15":"product_tag-schweppes","17":"first","18":"instock","19":"taxable","20":"shipping-taxable","21":"purchasable","22":"product-type-simple","23":"entry","24":"content-bg","25":"loop-entry"},"jetpack_sharing_enabled":true,"_links":{"self":[{"href":"https:\/\/dev.getraenke-center.ch\/index.php?rest_route=\/wp\/v2\/product\/819","targetHints":{"allow":["GET"]}}],"collection":[{"href":"https:\/\/dev.getraenke-center.ch\/index.php?rest_route=\/wp\/v2\/product"}],"about":[{"href":"https:\/\/dev.getraenke-center.ch\/index.php?rest_route=\/wp\/v2\/types\/product"}],"wp:featuredmedia":[{"embeddable":true,"href":"https:\/\/dev.getraenke-center.ch\/index.php?rest_route=\/wp\/v2\/media\/851"}],"wp:attachment":[{"href":"https:\/\/dev.getraenke-center.ch\/index.php?rest_route=%2Fwp%2Fv2%2Fmedia&parent=819"}],"wp:term":[{"taxonomy":"product_cat","embeddable":true,"href":"https:\/\/dev.getraenke-center.ch\/index.php?rest_route=%2Fwp%2Fv2%2Fproduct_cat&post=819"},{"taxonomy":"product_tag","embeddable":true,"href":"https:\/\/dev.getraenke-center.ch\/index.php?rest_route=%2Fwp%2Fv2%2Fproduct_tag&post=819"}],"curies":[{"name":"wp","href":"https:\/\/api.w.org\/{rel}","templated":true}]}}