{"id":84,"date":"2024-11-27T11:58:51","date_gmt":"2024-11-27T11:58:51","guid":{"rendered":"https:\/\/dev.getraenke-center.ch\/?post_type=product&#038;p=84"},"modified":"2024-11-27T11:58:57","modified_gmt":"2024-11-27T11:58:57","slug":"mineralwasser-appenzeller-flauder-pet-6-x-1-5-liter","status":"publish","type":"product","link":"https:\/\/dev.getraenke-center.ch\/?product=mineralwasser-appenzeller-flauder-pet-6-x-1-5-liter","title":{"rendered":"Mineralwasser Appenzeller Flauder, PET &#8211; 6 x 1.5 Liter"},"content":{"rendered":"<p>Als bew\u00e4hrte Liaison von Holunderbl\u00fcten und Melisse entpuppte sich Flauder zum Zauberwort und befl\u00fcgelt mit nur 8kcal die Welt. 2022 feiert der Klassiker aus dem Gontenbad schon seinen 20. Geburtstag.<\/p>\n","protected":false},"excerpt":{"rendered":"<p>Preis pro Flasche<\/p>\n<p>Erfrischungsgetr\u00e4nk mit Holunderbl\u00fcten- und Melissenaroma<\/p>\n","protected":false},"featured_media":122,"template":"","meta":{"_kadence_starter_templates_imported_post":false,"_kad_post_transparent":"","_kad_post_title":"","_kad_post_layout":"","_kad_post_sidebar_id":"","_kad_post_content_style":"","_kad_post_vertical_padding":"","_kad_post_feature":"","_kad_post_feature_position":"","_kad_post_header":false,"_kad_post_footer":false},"product_cat":[54],"product_tag":[41,42,50,67,68,69],"class_list":{"0":"post-84","1":"product","2":"type-product","3":"status-publish","4":"has-post-thumbnail","6":"product_cat-mineralwasser-mit-geschmack","7":"product_tag-erfrischend","8":"product_tag-genuss","9":"product_tag-mineralwasser","10":"product_tag-appenzeller","11":"product_tag-blumig","12":"product_tag-flauder","14":"first","15":"instock","16":"purchasable","17":"product-type-simple","18":"entry","19":"content-bg","20":"loop-entry"},"jetpack_sharing_enabled":true,"_links":{"self":[{"href":"https:\/\/dev.getraenke-center.ch\/index.php?rest_route=\/wp\/v2\/product\/84","targetHints":{"allow":["GET"]}}],"collection":[{"href":"https:\/\/dev.getraenke-center.ch\/index.php?rest_route=\/wp\/v2\/product"}],"about":[{"href":"https:\/\/dev.getraenke-center.ch\/index.php?rest_route=\/wp\/v2\/types\/product"}],"wp:featuredmedia":[{"embeddable":true,"href":"https:\/\/dev.getraenke-center.ch\/index.php?rest_route=\/wp\/v2\/media\/122"}],"wp:attachment":[{"href":"https:\/\/dev.getraenke-center.ch\/index.php?rest_route=%2Fwp%2Fv2%2Fmedia&parent=84"}],"wp:term":[{"taxonomy":"product_cat","embeddable":true,"href":"https:\/\/dev.getraenke-center.ch\/index.php?rest_route=%2Fwp%2Fv2%2Fproduct_cat&post=84"},{"taxonomy":"product_tag","embeddable":true,"href":"https:\/\/dev.getraenke-center.ch\/index.php?rest_route=%2Fwp%2Fv2%2Fproduct_tag&post=84"}],"curies":[{"name":"wp","href":"https:\/\/api.w.org\/{rel}","templated":true}]}}