{"id":855,"date":"2024-11-27T12:00:26","date_gmt":"2024-11-27T12:00:26","guid":{"rendered":"https:\/\/dev.getraenke-center.ch\/?post_type=product&#038;p=855"},"modified":"2024-11-27T12:00:28","modified_gmt":"2024-11-27T12:00:28","slug":"bittergetraenke-schweppes-premium-original-tonic-ew-4-x-020-liter","status":"publish","type":"product","link":"https:\/\/dev.getraenke-center.ch\/?product=bittergetraenke-schweppes-premium-original-tonic-ew-4-x-020-liter","title":{"rendered":"Bittergetr\u00e4nke Schweppes Premium Original Tonic EW 4 x 0,20 Liter"},"content":{"rendered":"<p>Das neue Original Tonic aus der neuen Riege der Schweppes Premium Mixer \u00fcberzeugt sofort im Geschmack und ganz klar auch im Design. Die stilvolle Flaschenform garantiert dabei Schluck f\u00fcr Schluck ein prickelndes Erlebnis mit noch mehr Kohlens\u00e4ure. Das farblich gelbe Etikett erinnert zwar zuerst an das bekannte Schweppes Indian Tonic, doch das Aroma verspricht mehr. Weniger S\u00fc\u00dfe, daf\u00fcr ein Spritzer Limette und etwas mehr Chinin. Und absolut passend zu einem erstklassigen Gin aus unserem Shop.<\/p>\n","protected":false},"excerpt":{"rendered":"<p>Preis pro Flasche<\/p>\n<p>Schweppes Premium Mixer &#8211; die neue Tonic Referenz.<\/p>\n","protected":false},"featured_media":885,"template":"","meta":{"_kadence_starter_templates_imported_post":false,"_kad_post_transparent":"","_kad_post_title":"","_kad_post_layout":"","_kad_post_sidebar_id":"","_kad_post_content_style":"","_kad_post_vertical_padding":"","_kad_post_feature":"","_kad_post_feature_position":"","_kad_post_header":false,"_kad_post_footer":false},"product_cat":[168],"product_tag":[295,161,42,307,175,308,169,172,309],"class_list":{"0":"post-855","1":"product","2":"type-product","3":"status-publish","4":"has-post-thumbnail","6":"product_cat-bittergetraenke","7":"product_tag-elegant","8":"product_tag-erfrischungsgetraenk","9":"product_tag-genuss","10":"product_tag-aromen","11":"product_tag-original","12":"product_tag-premium","13":"product_tag-schweppes","14":"product_tag-tonic","15":"product_tag-zeitlos","17":"first","18":"instock","19":"taxable","20":"shipping-taxable","21":"purchasable","22":"product-type-simple","23":"entry","24":"content-bg","25":"loop-entry"},"jetpack_sharing_enabled":true,"_links":{"self":[{"href":"https:\/\/dev.getraenke-center.ch\/index.php?rest_route=\/wp\/v2\/product\/855","targetHints":{"allow":["GET"]}}],"collection":[{"href":"https:\/\/dev.getraenke-center.ch\/index.php?rest_route=\/wp\/v2\/product"}],"about":[{"href":"https:\/\/dev.getraenke-center.ch\/index.php?rest_route=\/wp\/v2\/types\/product"}],"wp:featuredmedia":[{"embeddable":true,"href":"https:\/\/dev.getraenke-center.ch\/index.php?rest_route=\/wp\/v2\/media\/885"}],"wp:attachment":[{"href":"https:\/\/dev.getraenke-center.ch\/index.php?rest_route=%2Fwp%2Fv2%2Fmedia&parent=855"}],"wp:term":[{"taxonomy":"product_cat","embeddable":true,"href":"https:\/\/dev.getraenke-center.ch\/index.php?rest_route=%2Fwp%2Fv2%2Fproduct_cat&post=855"},{"taxonomy":"product_tag","embeddable":true,"href":"https:\/\/dev.getraenke-center.ch\/index.php?rest_route=%2Fwp%2Fv2%2Fproduct_tag&post=855"}],"curies":[{"name":"wp","href":"https:\/\/api.w.org\/{rel}","templated":true}]}}