{"id":856,"date":"2024-11-27T12:00:26","date_gmt":"2024-11-27T12:00:26","guid":{"rendered":"https:\/\/dev.getraenke-center.ch\/?post_type=product&#038;p=856"},"modified":"2024-11-27T12:00:28","modified_gmt":"2024-11-27T12:00:28","slug":"bittergetraenke-schweppes-premium-tonic-hibiscus-4-x-020-liter","status":"publish","type":"product","link":"https:\/\/dev.getraenke-center.ch\/?product=bittergetraenke-schweppes-premium-tonic-hibiscus-4-x-020-liter","title":{"rendered":"Bittergetr\u00e4nke Schweppes Premium Tonic &#038; Hibiscus 4 x 0,20 Liter"},"content":{"rendered":"<p>Die neue \u00c4ra der Schweppes Premium Mixer ist eingel\u00e4utet und wird dabei dem Zusatz Premium durchaus gerecht.<\/p>\n<p>&nbsp;<\/p>\n<p>Wer ein fruchtig, florales Tonic Water mit einem Touch Hibiskusbl\u00fcte sucht, liegt mit dem Schweppes Premium Tonic Hibiskus genau richtig. Ausgezeichnet f\u00fcr einen floralen, ros\u00e9farbenen Gin and Tonic, der vor allem blumennahen Gins und auch einem Sloe Gin mehr Tiefe gibt. Intensiv aber dennoch nat\u00fcrlich und mit viel Kohlens\u00e4ure angereichert, bleibt Schweppes seiner Linie weiterhin treu. So legt das Unternehmen gro\u00dfen Wert auf hochwertige Essenzen und auch Nachhaltigkeit. Anstatt einen Chinarindenbaum zu f\u00e4llen, wird die nachwachsende Rinde von Hand gewonnen. Mit diesem Wissen mundet dieser Gin Tonic noch besser.<\/p>\n","protected":false},"excerpt":{"rendered":"<p>Preis pro Flasche<\/p>\n<p>Neu und stylish k\u00f6stlich: das Schweppes Premium Tonic Hibiscus.<\/p>\n","protected":false},"featured_media":886,"template":"","meta":{"_kadence_starter_templates_imported_post":false,"_kad_post_transparent":"","_kad_post_title":"","_kad_post_layout":"","_kad_post_sidebar_id":"","_kad_post_content_style":"","_kad_post_vertical_padding":"","_kad_post_feature":"","_kad_post_feature_position":"","_kad_post_header":false,"_kad_post_footer":false},"product_cat":[168],"product_tag":[161,42,57,171,310,311,308,169,172],"class_list":{"0":"post-856","1":"product","2":"type-product","3":"status-publish","4":"has-post-thumbnail","6":"product_cat-bittergetraenke","7":"product_tag-erfrischungsgetraenk","8":"product_tag-genuss","9":"product_tag-prickelnd","10":"product_tag-anspruchsvoll","11":"product_tag-florale-note","12":"product_tag-hibiskus","13":"product_tag-premium","14":"product_tag-schweppes","15":"product_tag-tonic","17":"first","18":"instock","19":"taxable","20":"shipping-taxable","21":"purchasable","22":"product-type-simple","23":"entry","24":"content-bg","25":"loop-entry"},"jetpack_sharing_enabled":true,"_links":{"self":[{"href":"https:\/\/dev.getraenke-center.ch\/index.php?rest_route=\/wp\/v2\/product\/856","targetHints":{"allow":["GET"]}}],"collection":[{"href":"https:\/\/dev.getraenke-center.ch\/index.php?rest_route=\/wp\/v2\/product"}],"about":[{"href":"https:\/\/dev.getraenke-center.ch\/index.php?rest_route=\/wp\/v2\/types\/product"}],"wp:featuredmedia":[{"embeddable":true,"href":"https:\/\/dev.getraenke-center.ch\/index.php?rest_route=\/wp\/v2\/media\/886"}],"wp:attachment":[{"href":"https:\/\/dev.getraenke-center.ch\/index.php?rest_route=%2Fwp%2Fv2%2Fmedia&parent=856"}],"wp:term":[{"taxonomy":"product_cat","embeddable":true,"href":"https:\/\/dev.getraenke-center.ch\/index.php?rest_route=%2Fwp%2Fv2%2Fproduct_cat&post=856"},{"taxonomy":"product_tag","embeddable":true,"href":"https:\/\/dev.getraenke-center.ch\/index.php?rest_route=%2Fwp%2Fv2%2Fproduct_tag&post=856"}],"curies":[{"name":"wp","href":"https:\/\/api.w.org\/{rel}","templated":true}]}}