{"id":857,"date":"2024-11-27T12:00:27","date_gmt":"2024-11-27T12:00:27","guid":{"rendered":"https:\/\/dev.getraenke-center.ch\/?post_type=product&#038;p=857"},"modified":"2024-11-27T12:00:28","modified_gmt":"2024-11-27T12:00:28","slug":"beere-schweppes-premium-pomelo-nepalesische-4-x-020-liter","status":"publish","type":"product","link":"https:\/\/dev.getraenke-center.ch\/?product=beere-schweppes-premium-pomelo-nepalesische-4-x-020-liter","title":{"rendered":"Beere Schweppes Premium Pomelo &#038; Nepalesische   4 x 0,20 Liter"},"content":{"rendered":"<p>Schweppes Selection Pomelo &amp; Nepalese berry ist ein Premium-Mixer, bei dem sorgf\u00e4ltig ausgew\u00e4hlte Pomelo-Grapefruits eine perfekte Balance aus s\u00fc\u00df, sauer und bitter und eine erfrischende Note nepalesischer Beeren, einer Zutat mit Himalaya-Zitrone, bieten.<\/p>\n","protected":false},"excerpt":{"rendered":"<p>Preis pro Flasche<\/p>\n<p>Schweppes Selection Pomelo &amp; Nepalese Berry \u2013 Leicht und ausgewogen mit dem Geschmack von Grapefruit und einer feinen W\u00fcrze der nepalesischen Timur Beere.<\/p>\n","protected":false},"featured_media":887,"template":"","meta":{"_kadence_starter_templates_imported_post":false,"_kad_post_transparent":"","_kad_post_title":"","_kad_post_layout":"","_kad_post_sidebar_id":"","_kad_post_content_style":"","_kad_post_vertical_padding":"","_kad_post_feature":"","_kad_post_feature_position":"","_kad_post_header":false,"_kad_post_footer":false},"product_cat":[39],"product_tag":[161,312,42,313,314,315,316,308,169],"class_list":{"0":"post-857","1":"product","2":"type-product","3":"status-publish","4":"has-post-thumbnail","6":"product_cat-alkoholfreie-getraenke","7":"product_tag-erfrischungsgetraenk","8":"product_tag-exotisch","9":"product_tag-genuss","10":"product_tag-fruechte","11":"product_tag-fusion","12":"product_tag-nepalesische-beere","13":"product_tag-pomelo","14":"product_tag-premium","15":"product_tag-schweppes","17":"first","18":"instock","19":"taxable","20":"shipping-taxable","21":"purchasable","22":"product-type-simple","23":"entry","24":"content-bg","25":"loop-entry"},"jetpack_sharing_enabled":true,"_links":{"self":[{"href":"https:\/\/dev.getraenke-center.ch\/index.php?rest_route=\/wp\/v2\/product\/857","targetHints":{"allow":["GET"]}}],"collection":[{"href":"https:\/\/dev.getraenke-center.ch\/index.php?rest_route=\/wp\/v2\/product"}],"about":[{"href":"https:\/\/dev.getraenke-center.ch\/index.php?rest_route=\/wp\/v2\/types\/product"}],"wp:featuredmedia":[{"embeddable":true,"href":"https:\/\/dev.getraenke-center.ch\/index.php?rest_route=\/wp\/v2\/media\/887"}],"wp:attachment":[{"href":"https:\/\/dev.getraenke-center.ch\/index.php?rest_route=%2Fwp%2Fv2%2Fmedia&parent=857"}],"wp:term":[{"taxonomy":"product_cat","embeddable":true,"href":"https:\/\/dev.getraenke-center.ch\/index.php?rest_route=%2Fwp%2Fv2%2Fproduct_cat&post=857"},{"taxonomy":"product_tag","embeddable":true,"href":"https:\/\/dev.getraenke-center.ch\/index.php?rest_route=%2Fwp%2Fv2%2Fproduct_tag&post=857"}],"curies":[{"name":"wp","href":"https:\/\/api.w.org\/{rel}","templated":true}]}}