{"id":864,"date":"2024-11-27T12:00:27","date_gmt":"2024-11-27T12:00:27","guid":{"rendered":"https:\/\/dev.getraenke-center.ch\/?post_type=product&#038;p=864"},"modified":"2024-11-27T12:00:29","modified_gmt":"2024-11-27T12:00:29","slug":"eistee-queens-ice-tea-lemon-6-x-050-liter","status":"publish","type":"product","link":"https:\/\/dev.getraenke-center.ch\/?product=eistee-queens-ice-tea-lemon-6-x-050-liter","title":{"rendered":"Eistee Queen\u2019s Ice Tea Lemon 6 x 0,50 Liter"},"content":{"rendered":"<p><b>Queen&#8217;s Ice Tea Lemon<\/b>\u00a0ist der perfekte Durstl\u00f6scher f\u00fcr jeden Eisteeliebhaber. Der erfri-schende Geschmack nach Zitrone wird durch seine fein herbe Tee Note abgerundet.\u00a0<b>Queen&#8217;s Ice Tea Lemon<\/b>\u00a0zeichnet sich durch einen gehaltvollen K\u00f6rper, die milde S\u00e4ure und die genuss-volle S\u00fcsse aus.<\/p>\n","protected":false},"excerpt":{"rendered":"<p>Preis pro Flasche<\/p>\n<p><em>Queen&#8217;s<\/em>. Der royale Eistee mit Zitronenaroma<\/p>\n","protected":false},"featured_media":894,"template":"","meta":{"_kadence_starter_templates_imported_post":false,"_kad_post_transparent":"","_kad_post_title":"","_kad_post_layout":"","_kad_post_sidebar_id":"","_kad_post_content_style":"","_kad_post_vertical_padding":"","_kad_post_feature":"","_kad_post_feature_position":"","_kad_post_header":false,"_kad_post_footer":false},"product_cat":[119],"product_tag":[332,180,49,42,318,319,320,333,234,334,151],"class_list":{"0":"post-864","1":"product","2":"type-product","3":"status-publish","4":"has-post-thumbnail","6":"product_cat-eistee","7":"product_tag-dursthilfe","8":"product_tag-eistee","9":"product_tag-erfrischung","10":"product_tag-genuss","11":"product_tag-getraenke","12":"product_tag-lecker","13":"product_tag-qualitaet","14":"product_tag-queensicetealemon","15":"product_tag-sommer","16":"product_tag-warmetage","17":"product_tag-zitrone","19":"first","20":"instock","21":"taxable","22":"shipping-taxable","23":"purchasable","24":"product-type-simple","25":"entry","26":"content-bg","27":"loop-entry"},"jetpack_sharing_enabled":true,"_links":{"self":[{"href":"https:\/\/dev.getraenke-center.ch\/index.php?rest_route=\/wp\/v2\/product\/864","targetHints":{"allow":["GET"]}}],"collection":[{"href":"https:\/\/dev.getraenke-center.ch\/index.php?rest_route=\/wp\/v2\/product"}],"about":[{"href":"https:\/\/dev.getraenke-center.ch\/index.php?rest_route=\/wp\/v2\/types\/product"}],"wp:featuredmedia":[{"embeddable":true,"href":"https:\/\/dev.getraenke-center.ch\/index.php?rest_route=\/wp\/v2\/media\/894"}],"wp:attachment":[{"href":"https:\/\/dev.getraenke-center.ch\/index.php?rest_route=%2Fwp%2Fv2%2Fmedia&parent=864"}],"wp:term":[{"taxonomy":"product_cat","embeddable":true,"href":"https:\/\/dev.getraenke-center.ch\/index.php?rest_route=%2Fwp%2Fv2%2Fproduct_cat&post=864"},{"taxonomy":"product_tag","embeddable":true,"href":"https:\/\/dev.getraenke-center.ch\/index.php?rest_route=%2Fwp%2Fv2%2Fproduct_tag&post=864"}],"curies":[{"name":"wp","href":"https:\/\/api.w.org\/{rel}","templated":true}]}}