{"id":867,"date":"2024-11-27T12:00:27","date_gmt":"2024-11-27T12:00:27","guid":{"rendered":"https:\/\/dev.getraenke-center.ch\/?post_type=product&#038;p=867"},"modified":"2024-11-27T12:00:30","modified_gmt":"2024-11-27T12:00:30","slug":"eistee-queens-ice-tea-peach-6-x-15-liter","status":"publish","type":"product","link":"https:\/\/dev.getraenke-center.ch\/?product=eistee-queens-ice-tea-peach-6-x-15-liter","title":{"rendered":"Eistee Queen\u2019s Ice Tea Peach 6 x 1,5 Liter"},"content":{"rendered":"<p><b>Queen&#8217;s Ice Tea Peach<\/b>\u00a0ist eine Gaumenfreude f\u00fcr jeden Eisteeliebhaber, der es gerne ein biss-chen fruchtig mag. Der erfrischende Geschmack nach Pfirsich wird durch seine fein herbe Tee-note abgerundet.\u00a0<b>Queen&#8217;s Ice Tea Peach<\/b>\u00a0zeichnet sich durch einen gehaltvollen K\u00f6rper mit ei-ner milden S\u00e4ure und angenehmen S\u00fcsse aus.<\/p>\n","protected":false},"excerpt":{"rendered":"<p>Preis pro Flasche<\/p>\n<p><em>Queen&#8217;s<\/em>. Der royale\u00a0<em>Eistee<\/em>\u00a0mit Pfirsicharoma.<\/p>\n","protected":false},"featured_media":897,"template":"","meta":{"_kadence_starter_templates_imported_post":false,"_kad_post_transparent":"","_kad_post_title":"","_kad_post_layout":"","_kad_post_sidebar_id":"","_kad_post_content_style":"","_kad_post_vertical_padding":"","_kad_post_feature":"","_kad_post_feature_position":"","_kad_post_header":false,"_kad_post_footer":false},"product_cat":[119],"product_tag":[332,180,49,42,318,335,319,336,320,337,234],"class_list":{"0":"post-867","1":"product","2":"type-product","3":"status-publish","4":"has-post-thumbnail","6":"product_cat-eistee","7":"product_tag-dursthilfe","8":"product_tag-eistee","9":"product_tag-erfrischung","10":"product_tag-genuss","11":"product_tag-getraenke","12":"product_tag-heissetage","13":"product_tag-lecker","14":"product_tag-pfirsich","15":"product_tag-qualitaet","16":"product_tag-queensiceteapeach","17":"product_tag-sommer","19":"first","20":"instock","21":"taxable","22":"shipping-taxable","23":"purchasable","24":"product-type-simple","25":"entry","26":"content-bg","27":"loop-entry"},"jetpack_sharing_enabled":true,"_links":{"self":[{"href":"https:\/\/dev.getraenke-center.ch\/index.php?rest_route=\/wp\/v2\/product\/867","targetHints":{"allow":["GET"]}}],"collection":[{"href":"https:\/\/dev.getraenke-center.ch\/index.php?rest_route=\/wp\/v2\/product"}],"about":[{"href":"https:\/\/dev.getraenke-center.ch\/index.php?rest_route=\/wp\/v2\/types\/product"}],"wp:featuredmedia":[{"embeddable":true,"href":"https:\/\/dev.getraenke-center.ch\/index.php?rest_route=\/wp\/v2\/media\/897"}],"wp:attachment":[{"href":"https:\/\/dev.getraenke-center.ch\/index.php?rest_route=%2Fwp%2Fv2%2Fmedia&parent=867"}],"wp:term":[{"taxonomy":"product_cat","embeddable":true,"href":"https:\/\/dev.getraenke-center.ch\/index.php?rest_route=%2Fwp%2Fv2%2Fproduct_cat&post=867"},{"taxonomy":"product_tag","embeddable":true,"href":"https:\/\/dev.getraenke-center.ch\/index.php?rest_route=%2Fwp%2Fv2%2Fproduct_tag&post=867"}],"curies":[{"name":"wp","href":"https:\/\/api.w.org\/{rel}","templated":true}]}}