{"id":868,"date":"2024-11-27T12:00:27","date_gmt":"2024-11-27T12:00:27","guid":{"rendered":"https:\/\/dev.getraenke-center.ch\/?post_type=product&#038;p=868"},"modified":"2024-11-27T12:00:30","modified_gmt":"2024-11-27T12:00:30","slug":"fruchtsaefte-biotta-fruehstueck-ew-6-x-050-liter","status":"publish","type":"product","link":"https:\/\/dev.getraenke-center.ch\/?product=fruchtsaefte-biotta-fruehstueck-ew-6-x-050-liter","title":{"rendered":"Fruchts\u00e4fte Biotta Fr\u00fchst\u00fcck EW 6 x 0,50 Liter"},"content":{"rendered":"<p>Er ist eine\u00a0<b>kombination aus erntefrisch gepressten Bio-Fr\u00fcchten mit vielen wertvollen Bio-Zutaten<\/b>. (Orangensaft, Molke, Bananen, Traubensaft, Malz und Bienenhonig) Die reichhaltige Mischung wird aus naturreinen, biologischen S\u00e4ften und Zutaten schonend hergestellt; ohne jegliche Zus\u00e4tze.<\/p>\n","protected":false},"excerpt":{"rendered":"<p>Preis pro Flasche<\/p>\n<p>Eine genussvolle Mischung aus beste S\u00e4ften, Weisstee und Reisdrink.<\/p>\n","protected":false},"featured_media":898,"template":"","meta":{"_kadence_starter_templates_imported_post":false,"_kad_post_transparent":"","_kad_post_title":"","_kad_post_layout":"","_kad_post_sidebar_id":"","_kad_post_content_style":"","_kad_post_vertical_padding":"","_kad_post_feature":"","_kad_post_feature_position":"","_kad_post_header":false,"_kad_post_footer":false},"product_cat":[127],"product_tag":[338,49,339,42,245,318,319,340,320,341],"class_list":{"0":"post-868","1":"product","2":"type-product","3":"status-publish","4":"has-post-thumbnail","6":"product_cat-fruchtsaefte","7":"product_tag-biottafruehstueck","8":"product_tag-erfrischung","9":"product_tag-fruchtsaft","10":"product_tag-genuss","11":"product_tag-gesund","12":"product_tag-getraenke","13":"product_tag-lecker","14":"product_tag-morgens","15":"product_tag-qualitaet","16":"product_tag-vitalitaet","18":"first","19":"instock","20":"taxable","21":"shipping-taxable","22":"purchasable","23":"product-type-simple","24":"entry","25":"content-bg","26":"loop-entry"},"jetpack_sharing_enabled":true,"_links":{"self":[{"href":"https:\/\/dev.getraenke-center.ch\/index.php?rest_route=\/wp\/v2\/product\/868","targetHints":{"allow":["GET"]}}],"collection":[{"href":"https:\/\/dev.getraenke-center.ch\/index.php?rest_route=\/wp\/v2\/product"}],"about":[{"href":"https:\/\/dev.getraenke-center.ch\/index.php?rest_route=\/wp\/v2\/types\/product"}],"wp:featuredmedia":[{"embeddable":true,"href":"https:\/\/dev.getraenke-center.ch\/index.php?rest_route=\/wp\/v2\/media\/898"}],"wp:attachment":[{"href":"https:\/\/dev.getraenke-center.ch\/index.php?rest_route=%2Fwp%2Fv2%2Fmedia&parent=868"}],"wp:term":[{"taxonomy":"product_cat","embeddable":true,"href":"https:\/\/dev.getraenke-center.ch\/index.php?rest_route=%2Fwp%2Fv2%2Fproduct_cat&post=868"},{"taxonomy":"product_tag","embeddable":true,"href":"https:\/\/dev.getraenke-center.ch\/index.php?rest_route=%2Fwp%2Fv2%2Fproduct_tag&post=868"}],"curies":[{"name":"wp","href":"https:\/\/api.w.org\/{rel}","templated":true}]}}