{"id":869,"date":"2024-11-27T12:00:27","date_gmt":"2024-11-27T12:00:27","guid":{"rendered":"https:\/\/dev.getraenke-center.ch\/?post_type=product&#038;p=869"},"modified":"2024-11-27T12:00:30","modified_gmt":"2024-11-27T12:00:30","slug":"fruchtsaefte-biotta-rueeblisaft-ew-6-x-050-liter","status":"publish","type":"product","link":"https:\/\/dev.getraenke-center.ch\/?product=fruchtsaefte-biotta-rueeblisaft-ew-6-x-050-liter","title":{"rendered":"Fruchts\u00e4fte Biotta R\u00fceblisaft EW 6 x 0,50 Liter"},"content":{"rendered":"<p>Der Biotta Bio-R\u00fceblisaft (Karottensaft)\u00a0<b>ist verfeinert mit Fruchts\u00e4ften und Agavenkonzentrat.<\/b>\u00a0<b>Reich an nat\u00fcrlichem \u00df-Carotin (Provitamin A), das im K\u00f6rper in das f\u00fcr die Augen sehr wichtige Vitamin A umgewandelt wird<\/b>. Das Vitamin A wirkt sich auch sehr positiv auf die Pigmentbildung der Haut aus.<\/p>\n","protected":false},"excerpt":{"rendered":"<p>Preis pro Flasche<\/p>\n<p>Karottensaft* (Schweiz), S\u00e4uerungsmittel (nat\u00fcrliche L(+) Milchs\u00e4ure).<\/p>\n","protected":false},"featured_media":899,"template":"","meta":{"_kadence_starter_templates_imported_post":false,"_kad_post_transparent":"","_kad_post_title":"","_kad_post_layout":"","_kad_post_sidebar_id":"","_kad_post_content_style":"","_kad_post_vertical_padding":"","_kad_post_feature":"","_kad_post_feature_position":"","_kad_post_header":false,"_kad_post_footer":false},"product_cat":[127],"product_tag":[342,49,42,318,343,319,56,320,344,143],"class_list":{"0":"post-869","1":"product","2":"type-product","3":"status-publish","4":"has-post-thumbnail","6":"product_cat-fruchtsaefte","7":"product_tag-biottarueeblisaft","8":"product_tag-erfrischung","9":"product_tag-genuss","10":"product_tag-getraenke","11":"product_tag-karotten","12":"product_tag-lecker","13":"product_tag-natuerlich","14":"product_tag-qualitaet","15":"product_tag-saft","16":"product_tag-suess","18":"first","19":"instock","20":"taxable","21":"shipping-taxable","22":"purchasable","23":"product-type-simple","24":"entry","25":"content-bg","26":"loop-entry"},"jetpack_sharing_enabled":true,"_links":{"self":[{"href":"https:\/\/dev.getraenke-center.ch\/index.php?rest_route=\/wp\/v2\/product\/869","targetHints":{"allow":["GET"]}}],"collection":[{"href":"https:\/\/dev.getraenke-center.ch\/index.php?rest_route=\/wp\/v2\/product"}],"about":[{"href":"https:\/\/dev.getraenke-center.ch\/index.php?rest_route=\/wp\/v2\/types\/product"}],"wp:featuredmedia":[{"embeddable":true,"href":"https:\/\/dev.getraenke-center.ch\/index.php?rest_route=\/wp\/v2\/media\/899"}],"wp:attachment":[{"href":"https:\/\/dev.getraenke-center.ch\/index.php?rest_route=%2Fwp%2Fv2%2Fmedia&parent=869"}],"wp:term":[{"taxonomy":"product_cat","embeddable":true,"href":"https:\/\/dev.getraenke-center.ch\/index.php?rest_route=%2Fwp%2Fv2%2Fproduct_cat&post=869"},{"taxonomy":"product_tag","embeddable":true,"href":"https:\/\/dev.getraenke-center.ch\/index.php?rest_route=%2Fwp%2Fv2%2Fproduct_tag&post=869"}],"curies":[{"name":"wp","href":"https:\/\/api.w.org\/{rel}","templated":true}]}}