{"id":871,"date":"2024-11-27T12:00:27","date_gmt":"2024-11-27T12:00:27","guid":{"rendered":"https:\/\/dev.getraenke-center.ch\/?post_type=product&#038;p=871"},"modified":"2024-11-27T12:00:30","modified_gmt":"2024-11-27T12:00:30","slug":"fruchtsaefte-biotta-gemuesecocktail-ew-6-x-050-liter","status":"publish","type":"product","link":"https:\/\/dev.getraenke-center.ch\/?product=fruchtsaefte-biotta-gemuesecocktail-ew-6-x-050-liter","title":{"rendered":"Fruchts\u00e4fte Biotta Gem\u00fcsecocktail EW 6 x 0,50 Liter"},"content":{"rendered":"<div class=\"wDYxhc\" lang=\"ro-RO\" data-md=\"61\">\n<div class=\"LGOjhe\" role=\"heading\" data-attrid=\"wa:\/description\" aria-level=\"3\" data-hveid=\"CBMQAA\"><span class=\"ILfuVd\" lang=\"de\"><span class=\"hgKElc\">Der Biotta Gem\u00fcse-Cocktail ist eine\u00a0<b>genussvolle Mischung aus verschiedenen Bio-Gem\u00fcsen, verfeinert mit einer Prise Meersalz<\/b>. Er ist vielf\u00e4ltig einsetzbar. So \u00fcberrascht er als perfekter Ap\u00e9ro-Begleiter oder aber als warme Suppe. Auch zwischendurch ist er die praktische Portion Gem\u00fcse.<\/span><\/span><\/div>\n<\/div>\n<div class=\"g\">\n<div lang=\"de\" data-hveid=\"CA0QAA\" data-ved=\"2ahUKEwj22M_Zmp6CAxW-0gIHHZsGAxoQFSgAegQIDRAA\">\n<div class=\"tF2Cxc\">\n<div class=\"yuRUbf\"><\/div>\n<\/div>\n<\/div>\n<\/div>\n","protected":false},"excerpt":{"rendered":"<p>Preis pro Flasche<\/p>\n<p>Der\u00a0<em>Biotta<\/em>&#8211;<em>Gem\u00fcse-Cocktail<\/em>\u00a0ist ein pasteurisiertes Getr\u00e4nk aus biologisch angebautem Gem\u00fcse und Kr\u00e4utern.<\/p>\n","protected":false},"featured_media":901,"template":"","meta":{"_kadence_starter_templates_imported_post":false,"_kad_post_transparent":"","_kad_post_title":"","_kad_post_layout":"","_kad_post_sidebar_id":"","_kad_post_content_style":"","_kad_post_vertical_padding":"","_kad_post_feature":"","_kad_post_feature_position":"","_kad_post_header":false,"_kad_post_footer":false},"product_cat":[127],"product_tag":[346,347,49,348,42,318,319,56,30,320,322],"class_list":{"0":"post-871","1":"product","2":"type-product","3":"status-publish","4":"has-post-thumbnail","6":"product_cat-fruchtsaefte","7":"product_tag-biottagemuesecocktail","8":"product_tag-einwegflaschen","9":"product_tag-erfrischung","10":"product_tag-gemuesesaft","11":"product_tag-genuss","12":"product_tag-getraenke","13":"product_tag-lecker","14":"product_tag-natuerlich","15":"product_tag-praktisch","16":"product_tag-qualitaet","17":"product_tag-unterwegs","19":"first","20":"instock","21":"taxable","22":"shipping-taxable","23":"purchasable","24":"product-type-simple","25":"entry","26":"content-bg","27":"loop-entry"},"jetpack_sharing_enabled":true,"_links":{"self":[{"href":"https:\/\/dev.getraenke-center.ch\/index.php?rest_route=\/wp\/v2\/product\/871","targetHints":{"allow":["GET"]}}],"collection":[{"href":"https:\/\/dev.getraenke-center.ch\/index.php?rest_route=\/wp\/v2\/product"}],"about":[{"href":"https:\/\/dev.getraenke-center.ch\/index.php?rest_route=\/wp\/v2\/types\/product"}],"wp:featuredmedia":[{"embeddable":true,"href":"https:\/\/dev.getraenke-center.ch\/index.php?rest_route=\/wp\/v2\/media\/901"}],"wp:attachment":[{"href":"https:\/\/dev.getraenke-center.ch\/index.php?rest_route=%2Fwp%2Fv2%2Fmedia&parent=871"}],"wp:term":[{"taxonomy":"product_cat","embeddable":true,"href":"https:\/\/dev.getraenke-center.ch\/index.php?rest_route=%2Fwp%2Fv2%2Fproduct_cat&post=871"},{"taxonomy":"product_tag","embeddable":true,"href":"https:\/\/dev.getraenke-center.ch\/index.php?rest_route=%2Fwp%2Fv2%2Fproduct_tag&post=871"}],"curies":[{"name":"wp","href":"https:\/\/api.w.org\/{rel}","templated":true}]}}