{"id":873,"date":"2024-11-27T12:00:27","date_gmt":"2024-11-27T12:00:27","guid":{"rendered":"https:\/\/dev.getraenke-center.ch\/?post_type=product&#038;p=873"},"modified":"2024-11-27T12:00:30","modified_gmt":"2024-11-27T12:00:30","slug":"fruchtsaefte-biotta-randen-ew-6-x-050-liter","status":"publish","type":"product","link":"https:\/\/dev.getraenke-center.ch\/?product=fruchtsaefte-biotta-randen-ew-6-x-050-liter","title":{"rendered":"Fruchts\u00e4fte Biotta Randen EW 6 x 0,50 Liter"},"content":{"rendered":"<p>Der erntefrisch gepresste Biotta Bio-Randensaft (Rote Beetesaft)\u00a0<b>enth\u00e4lt nat\u00fcrliche wertvolle Betacyane (violett-rote Farbe der Randen).<\/b>\u00a0<b>Die Betacyane st\u00e4rken die k\u00f6rpereigene Abwehrkraft und aktivieren die Atmung von gesch\u00e4digten Zellen<\/b>.<\/p>\n","protected":false},"excerpt":{"rendered":"<p>Preis pro Flasche<\/p>\n<p>Geniessen Sie den k\u00f6stlichen BIO-<em>Randen<\/em>-Direktsaft von\u00a0<em>Biotta<\/em>, der reich an Mineralien und Vitaminen ist, die Verdauung unterst\u00fctzt und den K\u00f6rper anregt.<\/p>\n","protected":false},"featured_media":903,"template":"","meta":{"_kadence_starter_templates_imported_post":false,"_kad_post_transparent":"","_kad_post_title":"","_kad_post_layout":"","_kad_post_sidebar_id":"","_kad_post_content_style":"","_kad_post_vertical_padding":"","_kad_post_feature":"","_kad_post_feature_position":"","_kad_post_header":false,"_kad_post_footer":false},"product_cat":[127],"product_tag":[352,49,339,42,318,319,56,320,353],"class_list":{"0":"post-873","1":"product","2":"type-product","3":"status-publish","4":"has-post-thumbnail","6":"product_cat-fruchtsaefte","7":"product_tag-biottaranden","8":"product_tag-erfrischung","9":"product_tag-fruchtsaft","10":"product_tag-genuss","11":"product_tag-getraenke","12":"product_tag-lecker","13":"product_tag-natuerlich","14":"product_tag-qualitaet","15":"product_tag-rotebete","17":"first","18":"instock","19":"taxable","20":"shipping-taxable","21":"purchasable","22":"product-type-simple","23":"entry","24":"content-bg","25":"loop-entry"},"jetpack_sharing_enabled":true,"_links":{"self":[{"href":"https:\/\/dev.getraenke-center.ch\/index.php?rest_route=\/wp\/v2\/product\/873","targetHints":{"allow":["GET"]}}],"collection":[{"href":"https:\/\/dev.getraenke-center.ch\/index.php?rest_route=\/wp\/v2\/product"}],"about":[{"href":"https:\/\/dev.getraenke-center.ch\/index.php?rest_route=\/wp\/v2\/types\/product"}],"wp:featuredmedia":[{"embeddable":true,"href":"https:\/\/dev.getraenke-center.ch\/index.php?rest_route=\/wp\/v2\/media\/903"}],"wp:attachment":[{"href":"https:\/\/dev.getraenke-center.ch\/index.php?rest_route=%2Fwp%2Fv2%2Fmedia&parent=873"}],"wp:term":[{"taxonomy":"product_cat","embeddable":true,"href":"https:\/\/dev.getraenke-center.ch\/index.php?rest_route=%2Fwp%2Fv2%2Fproduct_cat&post=873"},{"taxonomy":"product_tag","embeddable":true,"href":"https:\/\/dev.getraenke-center.ch\/index.php?rest_route=%2Fwp%2Fv2%2Fproduct_tag&post=873"}],"curies":[{"name":"wp","href":"https:\/\/api.w.org\/{rel}","templated":true}]}}