{"id":875,"date":"2024-11-27T12:00:27","date_gmt":"2024-11-27T12:00:27","guid":{"rendered":"https:\/\/dev.getraenke-center.ch\/?post_type=product&#038;p=875"},"modified":"2024-11-27T12:00:31","modified_gmt":"2024-11-27T12:00:31","slug":"fruchtsaefte-biotta-preiselbeer-ew-6-x-05-liter","status":"publish","type":"product","link":"https:\/\/dev.getraenke-center.ch\/?product=fruchtsaefte-biotta-preiselbeer-ew-6-x-05-liter","title":{"rendered":"Fruchts\u00e4fte Biotta Preiselbeer EW 6 x 0,5 Liter"},"content":{"rendered":"<p><b>Biotta Pur ist eine Reihe von Biotta S\u00e4ften, die aus reinem, gepresstem Saft ohne Zusatz von Infusion oder S\u00fc\u00dfungsmitteln besteht<\/b>. Der Saft muss verd\u00fcnnt getrunken werden oder er kann mit M\u00fcslis und Joghurt gemischt werden. Biotta Preiselbeer Pur wird aus 100% Erstpresssaft von Wild-Cranberries hergestellt.<\/p>\n","protected":false},"excerpt":{"rendered":"<p>Preis pro Flasche<\/p>\n<p>Das ist 100% Muttersaft aus handverlesenen Bio-Waldpreiselbeeren.<\/p>\n","protected":false},"featured_media":905,"template":"","meta":{"_kadence_starter_templates_imported_post":false,"_kad_post_transparent":"","_kad_post_title":"","_kad_post_layout":"","_kad_post_sidebar_id":"","_kad_post_content_style":"","_kad_post_vertical_padding":"","_kad_post_feature":"","_kad_post_feature_position":"","_kad_post_header":false,"_kad_post_footer":false},"product_cat":[127],"product_tag":[357,358,49,339,42,318,319,56,359,320],"class_list":{"0":"post-875","1":"product","2":"type-product","3":"status-publish","4":"has-post-thumbnail","6":"product_cat-fruchtsaefte","7":"product_tag-beerenaromen","8":"product_tag-biottapreiselbeer","9":"product_tag-erfrischung","10":"product_tag-fruchtsaft","11":"product_tag-genuss","12":"product_tag-getraenke","13":"product_tag-lecker","14":"product_tag-natuerlich","15":"product_tag-preiselbeeren","16":"product_tag-qualitaet","18":"first","19":"instock","20":"taxable","21":"shipping-taxable","22":"purchasable","23":"product-type-simple","24":"entry","25":"content-bg","26":"loop-entry"},"jetpack_sharing_enabled":true,"_links":{"self":[{"href":"https:\/\/dev.getraenke-center.ch\/index.php?rest_route=\/wp\/v2\/product\/875","targetHints":{"allow":["GET"]}}],"collection":[{"href":"https:\/\/dev.getraenke-center.ch\/index.php?rest_route=\/wp\/v2\/product"}],"about":[{"href":"https:\/\/dev.getraenke-center.ch\/index.php?rest_route=\/wp\/v2\/types\/product"}],"wp:featuredmedia":[{"embeddable":true,"href":"https:\/\/dev.getraenke-center.ch\/index.php?rest_route=\/wp\/v2\/media\/905"}],"wp:attachment":[{"href":"https:\/\/dev.getraenke-center.ch\/index.php?rest_route=%2Fwp%2Fv2%2Fmedia&parent=875"}],"wp:term":[{"taxonomy":"product_cat","embeddable":true,"href":"https:\/\/dev.getraenke-center.ch\/index.php?rest_route=%2Fwp%2Fv2%2Fproduct_cat&post=875"},{"taxonomy":"product_tag","embeddable":true,"href":"https:\/\/dev.getraenke-center.ch\/index.php?rest_route=%2Fwp%2Fv2%2Fproduct_tag&post=875"}],"curies":[{"name":"wp","href":"https:\/\/api.w.org\/{rel}","templated":true}]}}