{"id":877,"date":"2024-11-27T12:00:27","date_gmt":"2024-11-27T12:00:27","guid":{"rendered":"https:\/\/dev.getraenke-center.ch\/?post_type=product&#038;p=877"},"modified":"2024-11-27T12:00:31","modified_gmt":"2024-11-27T12:00:31","slug":"fruchtsaefte-michel-orangensaft-100-fair-trade-6-x-1-liter","status":"publish","type":"product","link":"https:\/\/dev.getraenke-center.ch\/?product=fruchtsaefte-michel-orangensaft-100-fair-trade-6-x-1-liter","title":{"rendered":"Fruchts\u00e4fte Michel Orangensaft 100% Fair Trade 6 x 1 Liter"},"content":{"rendered":"<p>Reich an Geschmack und nat\u00fcrlichem Vitamin C: Der\u00a0<b>Orangensaft<\/b>\u00a0f\u00fcr\u00a0<b>Michel<\/b>\u00a0Orange Premium wird zu 100% aus erntefrischen, sonnengereiften\u00a0<b>Orangen<\/b>\u00a0gepresst. So entsteht pure Qualit\u00e4t, die mild und gut vertr\u00e4glich ist. Und das ohne Zuckerzusatz*, daf\u00fcr mit herzhaftem Fruchtfleisch.<\/p>\n","protected":false},"excerpt":{"rendered":"<p>Preis pro Flasche<\/p>\n<p>Reich an Geschmack und nat\u00fcrlichem Vitamin C: Der\u00a0<em>Orangensaft<\/em>\u00a0f\u00fcr\u00a0<em>Michel<\/em>\u00a0Orange Premium wird zu 100% aus erntefrischen, sonnengereiften\u00a0<em>Orangen<\/em>\u00a0gepresst.<\/p>\n","protected":false},"featured_media":907,"template":"","meta":{"_kadence_starter_templates_imported_post":false,"_kad_post_transparent":"","_kad_post_title":"","_kad_post_layout":"","_kad_post_sidebar_id":"","_kad_post_content_style":"","_kad_post_vertical_padding":"","_kad_post_feature":"","_kad_post_feature_position":"","_kad_post_header":false,"_kad_post_footer":false},"product_cat":[127],"product_tag":[49,42,245,318,319,363,56,364,320,109,365],"class_list":{"0":"post-877","1":"product","2":"type-product","3":"status-publish","4":"has-post-thumbnail","6":"product_cat-fruchtsaefte","7":"product_tag-erfrischung","8":"product_tag-genuss","9":"product_tag-gesund","10":"product_tag-getraenke","11":"product_tag-lecker","12":"product_tag-michelorangensaft","13":"product_tag-natuerlich","14":"product_tag-orangensaft","15":"product_tag-qualitaet","16":"product_tag-sonnengereift","17":"product_tag-vitamine","19":"first","20":"instock","21":"taxable","22":"shipping-taxable","23":"purchasable","24":"product-type-simple","25":"entry","26":"content-bg","27":"loop-entry"},"jetpack_sharing_enabled":true,"_links":{"self":[{"href":"https:\/\/dev.getraenke-center.ch\/index.php?rest_route=\/wp\/v2\/product\/877","targetHints":{"allow":["GET"]}}],"collection":[{"href":"https:\/\/dev.getraenke-center.ch\/index.php?rest_route=\/wp\/v2\/product"}],"about":[{"href":"https:\/\/dev.getraenke-center.ch\/index.php?rest_route=\/wp\/v2\/types\/product"}],"wp:featuredmedia":[{"embeddable":true,"href":"https:\/\/dev.getraenke-center.ch\/index.php?rest_route=\/wp\/v2\/media\/907"}],"wp:attachment":[{"href":"https:\/\/dev.getraenke-center.ch\/index.php?rest_route=%2Fwp%2Fv2%2Fmedia&parent=877"}],"wp:term":[{"taxonomy":"product_cat","embeddable":true,"href":"https:\/\/dev.getraenke-center.ch\/index.php?rest_route=%2Fwp%2Fv2%2Fproduct_cat&post=877"},{"taxonomy":"product_tag","embeddable":true,"href":"https:\/\/dev.getraenke-center.ch\/index.php?rest_route=%2Fwp%2Fv2%2Fproduct_tag&post=877"}],"curies":[{"name":"wp","href":"https:\/\/api.w.org\/{rel}","templated":true}]}}